{"id":1196,"date":"2020-03-12T09:44:41","date_gmt":"2020-03-12T09:44:41","guid":{"rendered":"https:\/\/5un7.fr\/?page_id=1196"},"modified":"2020-03-12T09:44:42","modified_gmt":"2020-03-12T09:44:42","slug":"mentionslegales","status":"publish","type":"page","link":"https:\/\/5un7.fr\/index.php\/mentionslegales\/","title":{"rendered":""},"content":{"rendered":"<div class=\"vce-row-container\"><div class=\"vce-row vce-row--col-gap-30 vce-row-columns--top vce-row-content--top\" id=\"el-39d4c4da\" data-vce-do-apply=\"all el-39d4c4da\"><div class=\"vce-row-content\" data-vce-element-content=\"true\"><div class=\"vce-col\" id=\"el-b82042fd\"><div class=\"vce-col-inner\" data-vce-do-apply=\"border margin background  el-b82042fd\"><div class=\"vce-col-content\" data-vce-element-content=\"true\" data-vce-do-apply=\"padding el-b82042fd\"><div class=\"vce-text-block\"><div class=\"vce-text-block-wrapper vce\" id=\"el-629581a3\" data-vce-do-apply=\"all el-629581a3\"><p class=\"p1\"><span class=\"s1\" style=\"font-family: arial, helvetica, sans-serif; font-size: 12pt;\">Mentions l\u00e9gales<\/span><\/p><p class=\"p1\"><span style=\"font-family: arial, helvetica, sans-serif; font-size: 12pt;\"><span class=\"s2\"><a href=\"https:\/\/www.5un7.fr\">https:\/\/www.5un7.fr<\/a><\/span><span class=\"s1\"><b> <\/b>est le site internet de l\u2019association 5UN7.&nbsp;L\u2019objet de ce site est de pr\u00e9senter les activit\u00e9s et le blog de l\u2019association et de ses membres.<\/span><\/span><\/p><p class=\"p1\"><span class=\"s1\" style=\"font-family: arial, helvetica, sans-serif; font-size: 12pt;\">Propri\u00e9t\u00e9 et responsabilit\u00e9 \u00e9ditoriale<\/span><\/p><p class=\"p1\"><span style=\"font-family: arial, helvetica, sans-serif; font-size: 12pt;\"><span class=\"s1\">Nom : Statut : association loi 1901<\/span><span class=\"s3\"><br><\/span><span class=\"s1\">RNA :&nbsp;W332015025<\/span><span class=\"s3\"><br><\/span><span class=\"s1\">SIRET : 79957373800017<\/span><\/span><\/p><p class=\"p1\"><span class=\"s1\" style=\"font-family: arial, helvetica, sans-serif; font-size: 12pt;\">Si\u00e8ge social&nbsp;:&nbsp;57 Rue de la Rousselle - 33000 Bordeaux - France <\/span><\/p><p class=\"p1\"><span class=\"s1\" style=\"font-family: arial, helvetica, sans-serif; font-size: 12pt;\">T\u00e9l\u00e9phone : 06 25 58 76 31 <\/span><\/p><p class=\"p3\"><span class=\"s1\" style=\"font-family: arial, helvetica, sans-serif; font-size: 12pt;\">Responsables de la publication : Marc Henri Garcia<\/span><\/p><p class=\"p3\"><span class=\"s1\" style=\"font-family: arial, helvetica, sans-serif; font-size: 12pt;\">R\u00e9alisation : 5UN7<\/span><\/p><p class=\"p3\"><span class=\"s1\" style=\"font-family: arial, helvetica, sans-serif; font-size: 12pt;\">Cr\u00e9ation et d\u00e9veloppement du site, textes et photos :<\/span><\/p><p class=\"p3\"><span class=\"s1\" style=\"font-family: arial, helvetica, sans-serif; font-size: 12pt;\">H\u00e9bergement : Ikoula - RCS Nanterre B 417 680 618 - TVA Intracommunautaire - FR37417680618 - 175-177 rue d\u2019Aguesseau - 92100 Boulogne Billancourt - France<\/span><\/p><p class=\"p3\"><span class=\"s1\" style=\"font-family: arial, helvetica, sans-serif; font-size: 12pt;\">Politique de confidentialit\u00e9<\/span><\/p><p class=\"p3\"><span class=\"s1\" style=\"font-family: arial, helvetica, sans-serif; font-size: 12pt;\">En remplissant le formulaire de contact vous acceptez que 5UN7 r\u00e9colte votre nom et votre adresse email.&nbsp;<\/span><\/p><p class=\"p3\"><span class=\"s1\" style=\"font-family: arial, helvetica, sans-serif; font-size: 12pt;\">Les donn\u00e9es ainsi recueillies ne servent qu\u2019\u00e0 transmettre les \u00e9l\u00e9ments d\u2019informations demand\u00e9s et n\u2019ont pour seul destinataire que l\u2019association 5UN7 aupr\u00e8s de laquelle peuvent s\u2019exercer les droits d\u2019acc\u00e8s et de rectification, conform\u00e9ment \u00e0 l\u2019article 27 de la loi N\u00b0 78-17 du 6 janvier 1978 relative \u00e0 l\u2019informatique, aux fichiers et aux libert\u00e9s.&nbsp;Pour l\u2019exercer, veuillez adresser votre demande \u00e9crite \u00e0 l\u2019adresse indiqu\u00e9e dans la page de contact. Les donn\u00e9es recueillies dans ce cadre ne pourront \u00eatre c\u00e9d\u00e9es \u00e0 des tiers ou communiqu\u00e9es \u00e0 des fins non pr\u00e9vues.<\/span><\/p><p class=\"p3\"><span style=\"font-family: arial, helvetica, sans-serif; font-size: 12pt;\"><span class=\"s3\">5UN7<\/span><span class=\"s1\"> n\u2019envoie pas de Newsletters, publicit\u00e9s ou autres actions promotionnelles par email. Vos informations sont stock\u00e9es pour une p\u00e9riode maximale de 3 ans dans notre boite emails (logiciel Mail de Apple) install\u00e9e sur un ordinateur fixe s\u00e9curis\u00e9 par mot de passe. Elles sont, par ailleurs, prot\u00e9g\u00e9es par un encryptage SSL.<\/span><\/span><\/p><p class=\"p3\"><span class=\"s1\" style=\"font-family: arial, helvetica, sans-serif; font-size: 12pt;\">Cookies<\/span><\/p><p class=\"p3\"><span class=\"s1\" style=\"font-family: arial, helvetica, sans-serif; font-size: 12pt;\">Pendant la consultation de sites internet, des \u00ab cookies \u00bb sont souvent enregistr\u00e9s sur votre ordinateur. Ces fichiers ne permettent pas de vous identifier ; ils enregistrent des informations relatives \u00e0 la navigation sur ce site. Vous pouvez vous opposer \u00e0 l\u2019enregistrement de cookies sur votre ordinateur.<\/span><\/p><p class=\"p3\"><span class=\"s1\" style=\"font-family: arial, helvetica, sans-serif; font-size: 12pt;\">Le site de l\u2019association 5UN7 n\u2019utilise, ni n\u2019enregistre aucun cookies, z\u00e9ro, nada.<\/span><\/p><p class=\"p3\"><span class=\"s1\" style=\"font-family: arial, helvetica, sans-serif; font-size: 12pt;\">Droits d\u2019auteur : copyright<\/span><\/p><p class=\"p3\"><span class=\"s1\" style=\"font-family: arial, helvetica, sans-serif; font-size: 12pt;\">Les informations, pictogrammes, photographies, images, textes, s\u00e9quences vid\u00e9o, anim\u00e9es sonores ou non, et autres documents pr\u00e9sents sur le site Internet sont prot\u00e9g\u00e9s par la l\u00e9gislation fran\u00e7aise et internationale sur le droit d\u2019auteur et la propri\u00e9t\u00e9 intellectuelle. A ce titre, toute reproduction, repr\u00e9sentation, adaptation, ou modification, partielle ou int\u00e9grale ou transfert sur un autre site sont interdits. La copie sur support papier \u00e0 usage priv\u00e9 de ces diff\u00e9rents objets de droits est autoris\u00e9e conform\u00e9ment \u00e0 l\u2019article L122-5 du Code de la Propri\u00e9t\u00e9 Intellectuelle. Leur reproduction partielle ou int\u00e9grale, sans l\u2019accord pr\u00e9alable et \u00e9crit de l\u2019auteur, est strictement interdite.<\/span><\/p><p class=\"p3\"><span class=\"s1\" style=\"font-family: arial, helvetica, sans-serif; font-size: 12pt;\">Liens hypertextes vers d\u2019autres sites Internet<\/span><\/p><p class=\"p3\"><span class=\"s1\" style=\"font-family: arial, helvetica, sans-serif; font-size: 12pt;\">Les liens hypertextes mis en place dans le cadre du pr\u00e9sent site Internet en direction d\u2019autres ressources pr\u00e9sentes sur le r\u00e9seau Internet sont propos\u00e9s uniquement pour vous apporter l\u2019information la plus compl\u00e8te et ni leur contenu ou les liens qu\u2019ils contiennent, ni les changements ou mises \u00e0 jour qui leur sont apport\u00e9s ne sauraient engager la responsabilit\u00e9 de 5UN7. Si vous d\u00e9cidez d\u2019acc\u00e9der \u00e0 des sites externes reli\u00e9s \u00e0 notre site, vous le faites sous votre enti\u00e8re responsabilit\u00e9.<\/span><\/p><p class=\"p3\"><span class=\"s1\" style=\"font-family: arial, helvetica, sans-serif; font-size: 12pt;\">Responsabilit\u00e9s<\/span><\/p><p class=\"p3\"><span style=\"font-family: arial, helvetica, sans-serif; font-size: 12pt;\"><span class=\"s3\">5UN7<\/span><span class=\"s1\"> ne peut garantir l\u2019exactitude, la pr\u00e9cision ou l\u2019exhaustivit\u00e9 des informations mises \u00e0 la disposition sur ce site. En cons\u00e9quence, 5UN7 d\u00e9cline toute responsabilit\u00e9 pour toute impr\u00e9cision, inexactitude ou omission portant sur des informations disponibles sur ce site.<\/span><\/span><\/p><p class=\"p3\"><span style=\"font-family: arial, helvetica, sans-serif; font-size: 12pt;\"><span class=\"s3\">5UN7<\/span><span class=\"s1\"> se r\u00e9serve le droit de modifier ou de corriger le contenu de ce site et cette mention l\u00e9gale \u00e0 tout moment et ceci sans pr\u00e9avis sans que cela puisse donner lieu \u00e0 un quelconque droit \u00e0 d\u00e9dommagement ou indemnit\u00e9.<\/span><\/span><\/p><p class=\"p3\"><span class=\"s1\" style=\"font-family: arial, helvetica, sans-serif; font-size: 12pt;\">L\u2019utilisateur du site internet de 5UN7 reconna\u00eet disposer de la comp\u00e9tence et des moyens n\u00e9cessaires pour acc\u00e9der et utiliser ce site. Il reconna\u00eet \u00e9galement avoir v\u00e9rifi\u00e9 que la configuration informatique utilis\u00e9e ne contient aucun virus et qu\u2019elle est en parfait \u00e9tat de fonctionnement.<\/span><\/p><p class=\"p3\"><span class=\"s1\" style=\"font-family: arial, helvetica, sans-serif; font-size: 12pt;\">L\u2019utilisateur reconna\u00eet \u00e9galement avoir pris connaissance des pr\u00e9sentes informations l\u00e9gales et s\u2019engage \u00e0 les respecter.<\/span><\/p><\/div><\/div><\/div><\/div><\/div><\/div><\/div><\/div>\n","protected":false},"excerpt":{"rendered":"<p>Mentions l\u00e9galeshttps:\/\/www.5un7.fr est le site internet de l\u2019association 5UN7.&nbsp;L\u2019objet de ce site est de pr\u00e9senter les activit\u00e9s et le blog de l\u2019association et de ses membres.Propri\u00e9t\u00e9 et responsabilit\u00e9&#8230;<\/p>\n","protected":false},"author":1,"featured_media":0,"parent":0,"menu_order":0,"comment_status":"closed","ping_status":"closed","template":"","meta":{"footnotes":""},"class_list":["post-1196","page","type-page","status-publish","hentry"],"_links":{"self":[{"href":"https:\/\/5un7.fr\/index.php\/wp-json\/wp\/v2\/pages\/1196","targetHints":{"allow":["GET"]}}],"collection":[{"href":"https:\/\/5un7.fr\/index.php\/wp-json\/wp\/v2\/pages"}],"about":[{"href":"https:\/\/5un7.fr\/index.php\/wp-json\/wp\/v2\/types\/page"}],"author":[{"embeddable":true,"href":"https:\/\/5un7.fr\/index.php\/wp-json\/wp\/v2\/users\/1"}],"replies":[{"embeddable":true,"href":"https:\/\/5un7.fr\/index.php\/wp-json\/wp\/v2\/comments?post=1196"}],"version-history":[{"count":2,"href":"https:\/\/5un7.fr\/index.php\/wp-json\/wp\/v2\/pages\/1196\/revisions"}],"predecessor-version":[{"id":1198,"href":"https:\/\/5un7.fr\/index.php\/wp-json\/wp\/v2\/pages\/1196\/revisions\/1198"}],"wp:attachment":[{"href":"https:\/\/5un7.fr\/index.php\/wp-json\/wp\/v2\/media?parent=1196"}],"curies":[{"name":"wp","href":"https:\/\/api.w.org\/{rel}","templated":true}]}}