{"id":1270,"date":"2021-09-23T08:49:15","date_gmt":"2021-09-23T08:49:15","guid":{"rendered":"https:\/\/5un7.fr\/?page_id=1270"},"modified":"2021-09-23T08:49:16","modified_gmt":"2021-09-23T08:49:16","slug":"euskadunberri","status":"publish","type":"page","link":"https:\/\/5un7.fr\/index.php\/euskadunberri\/","title":{"rendered":""},"content":{"rendered":"<div class=\"vce-row-container\" data-vce-boxed-width=\"true\"><div class=\"vce-row vce-row--col-gap-30 vce-row-equal-height vce-row-content--top\" id=\"el-ab15d133\" data-vce-do-apply=\"all el-ab15d133\"><div class=\"vce-row-content\" data-vce-element-content=\"true\"><div class=\"vce-col vce-col--md-auto vce-col--xs-1 vce-col--xs-last vce-col--xs-first vce-col--sm-last vce-col--sm-first vce-col--md-last vce-col--lg-last vce-col--xl-last vce-col--md-first vce-col--lg-first vce-col--xl-first\" id=\"el-f6d023dd\"><div class=\"vce-col-inner\" data-vce-do-apply=\"border margin background  el-f6d023dd\"><div class=\"vce-col-content\" data-vce-element-content=\"true\" data-vce-do-apply=\"padding el-f6d023dd\"><div class=\"vce-text-block\"><div class=\"vce-text-block-wrapper vce\" id=\"el-4c535c7b\" data-vce-do-apply=\"all el-4c535c7b\"><p style=\"font-size: 18px; line-height: 30.6px; text-align: center;\"><strong style=\"text-align: center;\">Euskadunberri - 15.10.2020 \/ 07.11.2020<\/strong><\/p>\n<p><strong style=\"text-align: center;\">&nbsp;<\/strong><\/p><\/div><\/div><\/div><\/div><\/div><\/div><\/div><\/div><div class=\"vce-row-container\" data-vce-boxed-width=\"true\"><div class=\"vce-row vce-row--col-gap-30 vce-row-equal-height vce-row-content--top\" id=\"el-c7cf1bc9\" data-vce-do-apply=\"all el-c7cf1bc9\"><div class=\"vce-row-content\" data-vce-element-content=\"true\"><div class=\"vce-col vce-col--md-auto vce-col--xs-1 vce-col--xs-last vce-col--xs-first vce-col--sm-last vce-col--sm-first vce-col--md-last vce-col--lg-last vce-col--xl-last vce-col--md-first vce-col--lg-first vce-col--xl-first\" id=\"el-d27c2cbc\"><div class=\"vce-col-inner\" data-vce-do-apply=\"border margin background  el-d27c2cbc\"><div class=\"vce-col-content\" data-vce-element-content=\"true\" data-vce-do-apply=\"padding el-d27c2cbc\"><div class=\"vce-single-image-container vce-single-image--align-left\"><div class=\"vce vce-single-image-wrapper\" id=\"el-35bd5e27\" data-vce-do-apply=\"all el-35bd5e27\"><figure><div class=\"vce-single-image-inner vce-single-image--absolute\" style=\"padding-bottom: 100%; width: 1024px;\"><img loading=\"lazy\" decoding=\"async\" class=\"vce-single-image vcv-lozad\" data-src=\"https:\/\/5un7.fr\/wp-content\/uploads\/2021\/09\/Euskadunberri.3.jpeg\" width=\"1024\" height=\"1024\" src=\"\" data-img-src=\"https:\/\/5un7.fr\/wp-content\/uploads\/2021\/09\/Euskadunberri.3.jpeg\" alt=\"\" title=\"Euskadunberri.3\" \/><noscript>\n        <img loading=\"lazy\" decoding=\"async\" class=\"vce-single-image\" src=\"https:\/\/5un7.fr\/wp-content\/uploads\/2021\/09\/Euskadunberri.3.jpeg\" width=\"1024\" height=\"1024\" alt=\"\" title=\"Euskadunberri.3\" \/>\n      <\/noscript><\/div><figcaption hidden=\"\"><\/figcaption><\/figure><\/div><\/div><\/div><\/div><\/div><\/div><\/div><\/div><div class=\"vce-row-container\" data-vce-boxed-width=\"true\"><div class=\"vce-row vce-row--col-gap-30 vce-row-equal-height vce-row-content--top\" id=\"el-39b58017\" data-vce-do-apply=\"all el-39b58017\"><div class=\"vce-row-content\" data-vce-element-content=\"true\"><div class=\"vce-col vce-col--md-auto vce-col--xs-1 vce-col--xs-last vce-col--xs-first vce-col--sm-last vce-col--sm-first vce-col--md-last vce-col--lg-last vce-col--xl-last vce-col--md-first vce-col--lg-first vce-col--xl-first\" id=\"el-eab89d57\"><div class=\"vce-col-inner\" data-vce-do-apply=\"border margin background  el-eab89d57\"><div class=\"vce-col-content\" data-vce-element-content=\"true\" data-vce-do-apply=\"padding el-eab89d57\"><\/div><\/div><\/div><\/div><\/div><\/div><div class=\"vce-row-container\" data-vce-boxed-width=\"true\"><div class=\"vce-row vce-row--col-gap-30 vce-row-equal-height vce-row-content--top\" id=\"el-3c59f9c7\" data-vce-do-apply=\"all el-3c59f9c7\"><div class=\"vce-row-content\" data-vce-element-content=\"true\"><div class=\"vce-col vce-col--md-auto vce-col--xs-1 vce-col--xs-last vce-col--xs-first vce-col--sm-last vce-col--sm-first vce-col--md-last vce-col--lg-last vce-col--xl-last vce-col--md-first vce-col--lg-first vce-col--xl-first\" id=\"el-0f74d001\"><div class=\"vce-col-inner\" data-vce-do-apply=\"border margin background  el-0f74d001\"><div class=\"vce-col-content\" data-vce-element-content=\"true\" data-vce-do-apply=\"padding el-0f74d001\"><div class=\"vce-image-gallery vce-image-gallery--gap-10 vce-image-gallery--columns-2\"><div class=\"vce-image-gallery-wrapper vce\" id=\"el-230f7c20\" data-vce-do-apply=\"all el-230f7c20\"><div class=\"vce-image-gallery-list\"><div class=\"vce-image-gallery-item\"><figure class=\"vce-image-gallery-item-inner-wrapper\"><a href=\"https:\/\/5un7.fr\/wp-content\/uploads\/2021\/09\/Euskadunberri.5.jpeg\" class=\"vce-image-gallery-item-inner\" data-pswp-uid=\"1\" data-lightbox=\"lightbox-230f7c20\"><img decoding=\"async\" class=\"vce-image-gallery-img\" src=\"https:\/\/5un7.fr\/wp-content\/uploads\/2021\/09\/Euskadunberri.5-1024x1024.jpeg\" alt=\"\" title=\"Euskadunberri.5\"><\/a><\/figure><\/div><div class=\"vce-image-gallery-item\"><figure class=\"vce-image-gallery-item-inner-wrapper\"><a href=\"https:\/\/5un7.fr\/wp-content\/uploads\/2021\/09\/Euskadunberri.4.jpeg\" class=\"vce-image-gallery-item-inner\" data-pswp-uid=\"2\" data-lightbox=\"lightbox-230f7c20\"><img decoding=\"async\" class=\"vce-image-gallery-img vce-image-gallery-img--orientation-portrait\" src=\"https:\/\/5un7.fr\/wp-content\/uploads\/2021\/09\/Euskadunberri.4-712x1024.jpeg\" alt=\"\" title=\"Euskadunberri.4\"><\/a><\/figure><\/div><div class=\"vce-image-gallery-item\"><figure class=\"vce-image-gallery-item-inner-wrapper\"><a href=\"https:\/\/5un7.fr\/wp-content\/uploads\/2021\/09\/Euskadunberri.2.jpeg\" class=\"vce-image-gallery-item-inner\" data-pswp-uid=\"3\" data-lightbox=\"lightbox-230f7c20\"><img decoding=\"async\" class=\"vce-image-gallery-img\" src=\"https:\/\/5un7.fr\/wp-content\/uploads\/2021\/09\/Euskadunberri.2-1024x1024.jpeg\" alt=\"\" title=\"Euskadunberri.2\"><\/a><\/figure><\/div><div class=\"vce-image-gallery-item\"><figure class=\"vce-image-gallery-item-inner-wrapper\"><a href=\"https:\/\/5un7.fr\/wp-content\/uploads\/2021\/09\/Euskadunberri.1.jpeg\" class=\"vce-image-gallery-item-inner\" data-pswp-uid=\"4\" data-lightbox=\"lightbox-230f7c20\"><img decoding=\"async\" class=\"vce-image-gallery-img\" src=\"https:\/\/5un7.fr\/wp-content\/uploads\/2021\/09\/Euskadunberri.1-1024x1024.jpeg\" alt=\"\" title=\"Euskadunberri.1\"><\/a><\/figure><\/div><\/div><\/div><\/div><div class=\"vce vce-separator-container vce-separator--align-center vce-separator--style-solid\" id=\"el-f3f5a8ee\" data-vce-do-apply=\"margin el-f3f5a8ee\"><div class=\"vce-separator vce-separator--color-bfc0c1 vce-separator--width-60 vce-separator--thickness-1\" data-vce-do-apply=\"border padding background  el-f3f5a8ee\"><\/div><\/div><div class=\"vce-text-block\"><div class=\"vce-text-block-wrapper vce\" id=\"el-ad632772\" data-vce-do-apply=\"all el-ad632772\"><p class=\"p1\"><span class=\"s1\"><strong>LES NOUVEAUX BASQUES ( EUSKALDUN BERRI )<\/strong> <\/span><span class=\"s1\"><br>15 Octobre au 07 Novembre 2020<\/span><\/p><p class=\"p1\"><span class=\"s1\">MARGAUX HENRY THIEULLENT &amp; GR\u00c9GORY CUQUEL<\/span><\/p><p class=\"p1\"><span class=\"s1\">Ayant fait le choix strat\u00e9gique de s'\u00e9clipser des grandes m\u00e9tropoles il y a d\u00e9j\u00e0 quelques ann\u00e9es, pour rejoindre la communaut\u00e9 de communes du CAB, les nouveaux Artistes Basques dont il est question dans l'exposition LES NOUVEAUX BASQUES<\/span><\/p><p class=\"p1\"><span class=\"s1\">N'ont pas tard\u00e9 \u00e0 y d\u00e9velopper des formes d'art hybrides, m\u00ealant go\u00fbts et pratiques end\u00e9miques \u00e0 leur base de donn\u00e9es Big data d'enfants d\u00e9g\u00e9n\u00e9r\u00e9s de la culture Cyber-punk.<\/span><\/p><p class=\"p1\"><span class=\"s1\">Chez Margaux Henry Thieullent, les couleurs d\u00e9gorgent, tout sature, les \u00e9crans, le papier la toile ou les murs sont recouverts de \"Glitch\" forme d'artefact disruptif fluorescent, qui appara\u00eet g\u00e9n\u00e9ralement quand la machine, \u201celle marche plus\u201d !<\/span><\/p><p class=\"p1\"><span class=\"s1\">Cependant, sa pratique plastique n'en est pas moins handicap\u00e9e, les gestes de Margaux lorsqu\u2019elle performe sont rapides chor\u00e9graphiques presque instinctifs, tout comme les formes empreint\u00e9es \u00e0 Matisse, Picasso, ou Cocteau qu'elle s'approprie sans rougir... Les esth\u00e9tiques de l'art nouveau du cubisme du fauvisme sont comme r\u00e9gurgit\u00e9es sur un \u00e9cran bris\u00e9 d'IPhone X r\u00e9cup\u00e9r\u00e9 aux objets trouv\u00e9s d'une Rave party sauvage d'apr\u00e8s le confinement. Un v\u00e9ritable throw-up de r\u00e9f\u00e9rences artistiques et culturelles hautes en couleurs \u00e0 la fronti\u00e8re du post-Vandalism.<\/span><\/p><p class=\"p1\"><span class=\"s1\">Chez Gr\u00e9gory Cuquel que nous avions pr\u00e9sent\u00e9 il y a d\u00e9j\u00e0 quelques saisons au 5UN7, il n'est presque plus question de couleur, la pratique du dessin sur de tr\u00e8s grands formats est quelque peu m\u00e9ditative, voire transcendantale.<\/span><\/p><p class=\"p1\"><span class=\"s1\">Les traces, les rythmes, les formes g\u00e9om\u00e9triques, se r\u00e9p\u00e8tent se superposent toujours dans des tons graphites. Il m\u00e9lange dans un brouillard gris digne du Nosferatu de Murnau des \"M\u00e8mes\" crypto-cool et du Cubisme de la premi\u00e8re heure. Ou bien encore il hybride, du dessin Constructiviste d'avant-guerre et une publicit\u00e9 \u00e0 l'esth\u00e9tique hygi\u00e9niste d\u00e9su\u00e8te contre les reflux gastriques, mais encore, un bout de logo d'un groupe de M\u00e9tal des ann\u00e9es 90 recycl\u00e9 en nature morte au crayon 9B, le tout structur\u00e9 de raccords de plomberie en PVC (NF). Une orgie de motifs, de marqueurs graphiques et de formes ectoplasmiques de densit\u00e9s diff\u00e9rentes, comme compos\u00e9s en niveau de gris par la m\u00e9moire al\u00e9atoire d'un photocopieur cass\u00e9.<\/span><\/p><p class=\"p1\"><span class=\"s1\">D\u00e8s lors dans les descriptions succinctes que je viens de faire il est bien question d'hybridation de post culture, de niches crypto-cool des bas-fonds d'internet et de r\u00e9f\u00e9rences choisies issues de l'art du d\u00e9but vingti\u00e8me si\u00e8cle.<\/span><\/p><p class=\"p1\"><span class=\"s1\">EUSKALDUN BERR\u00cc ou <\/span><span class=\"s1\">LES NOUVEAUX BASQUES,<\/span><\/p><p class=\"p1\"><span class=\"s1\">Sont \u00e0 mon sens un mouvement cr\u00e9atif et instinctif, issue de cultures hybrides d'un pays basque on ne peut plus contemporain !<\/span><\/p><p class=\"p1\"><span class=\"s1\">Comme le style N\u00e9o-Basque des ann\u00e9es 20, influenc\u00e9 d'une part par les folklores et traditions basques de l'\u00e9poque, et d'autres parts par le modernisme, le Cubisme, l'art D\u00e9co, le jazz, le Casino, et les f\u00eates d'apr\u00e8s guerres, d'une c\u00f4te basque en plein essor touristique culturel et artistique.<\/span><\/p><p class=\"p1\"><span class=\"s1\">LES NOUVEAUX BASQUES r\u00e9interrogent par leurs pratiques et statuts d'artistes contemporain, la puissance \u00e9vocatrice de certains courants d\u00e9j\u00e0 bien balis\u00e9s de l'histoire de l'art, tout en y introduisant les sujets de leur propre r\u00e9alit\u00e9 sociale d'habitants d'une zone frontali\u00e8re cl\u00e9 en Europe :<\/span><\/p><p class=\"p1\"><span class=\"s1\">Coinc\u00e9s entre la Rhune et l'oc\u00e9an, \u00e0 la fronti\u00e8re avec le Nord hyper industrialis\u00e9 de l'Espagne, ils vivent et produisent, avec pour horizons quelques zones commerciales et friches industrielles, quelques cit\u00e9s dortoirs et autres zones pavillonnaires, des flux migratoires abondants d'exotisme et fatigu\u00e9s d'espoir, des lots de contrefa\u00e7ons comme source d'inspiration, un peu de drogue, du tourisme baln\u00e9aire, la violence d'une politique culturelle local ultra conservatrice, du Tuning, de la Chistera, du ch\u00f4mage, de la cyberpornographie, et de la post-culture ind\u00e9pendantiste basque, de l'urbanisation intensive du littoral, de grandes disparit\u00e9s sociales, de la pollution, du surf, du skate, du graffiti, des randonn\u00e9es p\u00e9destres, de la Techno Machina, du M\u00e9tal Sataniste, du Rap de Tessi, et, du fromage de la vall\u00e9e d'Ossau Iraty...<\/span><\/p><p>Marc Henri Garcia, 2020.<\/p><\/div><\/div><\/div><\/div><\/div><\/div><\/div><\/div><div class=\"vce-row-container\" data-vce-boxed-width=\"true\"><div class=\"vce-row vce-row--col-gap-30 vce-row-equal-height vce-row-content--top\" id=\"el-f9e65690\" data-vce-do-apply=\"all el-f9e65690\"><div class=\"vce-row-content\" data-vce-element-content=\"true\"><div class=\"vce-col vce-col--md-auto vce-col--xs-1 vce-col--xs-last vce-col--xs-first vce-col--sm-last vce-col--sm-first vce-col--md-last vce-col--lg-last vce-col--xl-last vce-col--md-first vce-col--lg-first vce-col--xl-first\" id=\"el-8eb474bc\"><div class=\"vce-col-inner\" data-vce-do-apply=\"border margin background  el-8eb474bc\"><div class=\"vce-col-content\" data-vce-element-content=\"true\" data-vce-do-apply=\"padding el-8eb474bc\"><\/div><\/div><\/div><\/div><\/div><\/div>\n","protected":false},"excerpt":{"rendered":"<p>Euskadunberri &#8211; 15.10.2020 \/ 07.11.2020 &nbsp; LES NOUVEAUX BASQUES ( EUSKALDUN BERRI ) 15 Octobre au 07 Novembre 2020MARGAUX HENRY THIEULLENT &amp; GR\u00c9GORY CUQUELAyant fait le choix strat\u00e9gique&#8230;<\/p>\n","protected":false},"author":1,"featured_media":0,"parent":0,"menu_order":0,"comment_status":"closed","ping_status":"closed","template":"","meta":{"footnotes":""},"class_list":["post-1270","page","type-page","status-publish","hentry"],"_links":{"self":[{"href":"https:\/\/5un7.fr\/index.php\/wp-json\/wp\/v2\/pages\/1270","targetHints":{"allow":["GET"]}}],"collection":[{"href":"https:\/\/5un7.fr\/index.php\/wp-json\/wp\/v2\/pages"}],"about":[{"href":"https:\/\/5un7.fr\/index.php\/wp-json\/wp\/v2\/types\/page"}],"author":[{"embeddable":true,"href":"https:\/\/5un7.fr\/index.php\/wp-json\/wp\/v2\/users\/1"}],"replies":[{"embeddable":true,"href":"https:\/\/5un7.fr\/index.php\/wp-json\/wp\/v2\/comments?post=1270"}],"version-history":[{"count":1,"href":"https:\/\/5un7.fr\/index.php\/wp-json\/wp\/v2\/pages\/1270\/revisions"}],"predecessor-version":[{"id":1276,"href":"https:\/\/5un7.fr\/index.php\/wp-json\/wp\/v2\/pages\/1270\/revisions\/1276"}],"wp:attachment":[{"href":"https:\/\/5un7.fr\/index.php\/wp-json\/wp\/v2\/media?parent=1270"}],"curies":[{"name":"wp","href":"https:\/\/api.w.org\/{rel}","templated":true}]}}