{"id":1330,"date":"2021-09-26T16:58:21","date_gmt":"2021-09-26T16:58:21","guid":{"rendered":"https:\/\/5un7.fr\/?page_id=1330"},"modified":"2021-11-19T17:47:47","modified_gmt":"2021-11-19T17:47:47","slug":"5tand-buy-x","status":"publish","type":"page","link":"https:\/\/5un7.fr\/index.php\/5tand-buy-x\/","title":{"rendered":""},"content":{"rendered":"<div class=\"vce-row-container\" data-vce-boxed-width=\"true\"><div class=\"vce-row vce-row--col-gap-30 vce-row-equal-height vce-row-content--top\" id=\"el-4f45efe4\" data-vce-do-apply=\"all el-4f45efe4\"><div class=\"vce-row-content\" data-vce-element-content=\"true\"><div class=\"vce-col vce-col--md-auto vce-col--xs-1 vce-col--xs-last vce-col--xs-first vce-col--sm-last vce-col--sm-first vce-col--md-last vce-col--lg-last vce-col--xl-last vce-col--md-first vce-col--lg-first vce-col--xl-first\" id=\"el-491db2db\"><div class=\"vce-col-inner\" data-vce-do-apply=\"border margin background  el-491db2db\"><div class=\"vce-col-content\" data-vce-element-content=\"true\" data-vce-do-apply=\"padding el-491db2db\"><div class=\"vce-text-block\"><div class=\"vce-text-block-wrapper vce\" id=\"el-c26c606a\" data-vce-do-apply=\"all el-c26c606a\"><p style=\"text-align: center;\"><strong>5TAND BUY X - 25.06.2020 \/ 25.07.2020<\/strong><\/p><br><p style=\"text-align: center;\"><\/p><\/div><\/div><\/div><\/div><\/div><\/div><\/div><\/div><div class=\"vce-row-container\" data-vce-boxed-width=\"true\"><div class=\"vce-row vce-row--col-gap-30 vce-row-equal-height vce-row-content--top\" id=\"el-37fb1a77\" data-vce-do-apply=\"all el-37fb1a77\"><div class=\"vce-row-content\" data-vce-element-content=\"true\"><div class=\"vce-col vce-col--md-auto vce-col--xs-1 vce-col--xs-last vce-col--xs-first vce-col--sm-last vce-col--sm-first vce-col--md-last vce-col--lg-last vce-col--xl-last vce-col--md-first vce-col--lg-first vce-col--xl-first\" id=\"el-c62b4809\"><div class=\"vce-col-inner\" data-vce-do-apply=\"border margin background  el-c62b4809\"><div class=\"vce-col-content\" data-vce-element-content=\"true\" data-vce-do-apply=\"padding el-c62b4809\"><div class=\"vce-single-image-container vce-single-image--align-left\"><div class=\"vce vce-single-image-wrapper\" id=\"el-8d933462\" data-vce-do-apply=\"all el-8d933462\"><figure><div class=\"vce-single-image-inner vce-single-image--absolute\" style=\"padding-bottom: 100%; width: 1024px;\"><img loading=\"lazy\" decoding=\"async\" class=\"vce-single-image vcv-lozad\" data-src=\"https:\/\/5un7.fr\/wp-content\/uploads\/2021\/09\/5tand-Buy_2021.5.jpeg\" width=\"1024\" height=\"1024\" src=\"\" data-img-src=\"https:\/\/5un7.fr\/wp-content\/uploads\/2021\/09\/5tand-Buy_2021.5.jpeg\" alt=\"\" title=\"5tand Buy_2021.5\" \/><noscript>\n        <img loading=\"lazy\" decoding=\"async\" class=\"vce-single-image\" src=\"https:\/\/5un7.fr\/wp-content\/uploads\/2021\/09\/5tand-Buy_2021.5.jpeg\" width=\"1024\" height=\"1024\" alt=\"\" title=\"5tand Buy_2021.5\" \/>\n      <\/noscript><\/div><figcaption hidden=\"\"><\/figcaption><\/figure><\/div><\/div><\/div><\/div><\/div><\/div><\/div><\/div><div class=\"vce-row-container\" data-vce-boxed-width=\"true\"><div class=\"vce-row vce-row--col-gap-30 vce-row-equal-height vce-row-content--top\" id=\"el-b7cc2ed0\" data-vce-do-apply=\"all el-b7cc2ed0\"><div class=\"vce-row-content\" data-vce-element-content=\"true\"><div class=\"vce-col vce-col--md-auto vce-col--xs-1 vce-col--xs-last vce-col--xs-first vce-col--sm-last vce-col--sm-first vce-col--md-last vce-col--lg-last vce-col--xl-last vce-col--md-first vce-col--lg-first vce-col--xl-first\" id=\"el-5f42aab8\"><div class=\"vce-col-inner\" data-vce-do-apply=\"border margin background  el-5f42aab8\"><div class=\"vce-col-content\" data-vce-element-content=\"true\" data-vce-do-apply=\"padding el-5f42aab8\"><\/div><\/div><\/div><\/div><\/div><\/div><div class=\"vce-row-container\" data-vce-boxed-width=\"true\"><div class=\"vce-row vce-row--col-gap-30 vce-row-equal-height vce-row-content--top\" id=\"el-97a68bb6\" data-vce-do-apply=\"all el-97a68bb6\"><div class=\"vce-row-content\" data-vce-element-content=\"true\"><div class=\"vce-col vce-col--md-auto vce-col--xs-1 vce-col--xs-last vce-col--xs-first vce-col--sm-last vce-col--sm-first vce-col--md-last vce-col--lg-last vce-col--xl-last vce-col--md-first vce-col--lg-first vce-col--xl-first\" id=\"el-c45181a2\"><div class=\"vce-col-inner\" data-vce-do-apply=\"border margin background  el-c45181a2\"><div class=\"vce-col-content\" data-vce-element-content=\"true\" data-vce-do-apply=\"padding el-c45181a2\"><div class=\"vce-image-gallery vce-image-gallery--gap-10 vce-image-gallery--columns-2\"><div class=\"vce-image-gallery-wrapper vce\" id=\"el-da834413\" data-vce-do-apply=\"all el-da834413\"><div class=\"vce-image-gallery-list\"><div class=\"vce-image-gallery-item\"><figure class=\"vce-image-gallery-item-inner-wrapper\"><a href=\"https:\/\/5un7.fr\/wp-content\/uploads\/2021\/09\/5tand-Buy_2021.4.jpeg\" data-lightbox=\"lightbox-da834413\" class=\"vce-image-gallery-item-inner\"><img decoding=\"async\" class=\"vce-image-gallery-img\" src=\"https:\/\/5un7.fr\/wp-content\/uploads\/2021\/09\/5tand-Buy_2021.4-1024x1024.jpeg\" alt=\"\" title=\"5tand Buy_2021.4\"><\/a><\/figure><\/div><div class=\"vce-image-gallery-item\"><figure class=\"vce-image-gallery-item-inner-wrapper\"><a href=\"https:\/\/5un7.fr\/wp-content\/uploads\/2021\/09\/5tand-Buy_2021.3.jpeg\" data-lightbox=\"lightbox-da834413\" class=\"vce-image-gallery-item-inner\"><img decoding=\"async\" class=\"vce-image-gallery-img\" src=\"https:\/\/5un7.fr\/wp-content\/uploads\/2021\/09\/5tand-Buy_2021.3-1024x1024.jpeg\" alt=\"\" title=\"5tand Buy_2021.3\"><\/a><\/figure><\/div><div class=\"vce-image-gallery-item\"><figure class=\"vce-image-gallery-item-inner-wrapper\"><a href=\"https:\/\/5un7.fr\/wp-content\/uploads\/2021\/09\/5tand-Buy_2021.2jpeg.jpeg\" data-lightbox=\"lightbox-da834413\" class=\"vce-image-gallery-item-inner\"><img decoding=\"async\" class=\"vce-image-gallery-img\" src=\"https:\/\/5un7.fr\/wp-content\/uploads\/2021\/09\/5tand-Buy_2021.2jpeg-1024x1024.jpeg\" alt=\"\" title=\"5tand Buy_2021.2jpeg\"><\/a><\/figure><\/div><div class=\"vce-image-gallery-item\"><figure class=\"vce-image-gallery-item-inner-wrapper\"><a href=\"https:\/\/5un7.fr\/wp-content\/uploads\/2021\/09\/5tand-Buy_2021.1.jpeg\" data-lightbox=\"lightbox-da834413\" class=\"vce-image-gallery-item-inner\"><img decoding=\"async\" class=\"vce-image-gallery-img\" src=\"https:\/\/5un7.fr\/wp-content\/uploads\/2021\/09\/5tand-Buy_2021.1-1024x768.jpeg\" alt=\"\" title=\"5tand Buy_2021.1\"><\/a><\/figure><\/div><\/div><\/div><\/div><div class=\"vce vce-separator-container vce-separator--align-center vce-separator--style-solid\" id=\"el-29c19123\" data-vce-do-apply=\"margin el-29c19123\"><div class=\"vce-separator vce-separator--color-bfc0c1 vce-separator--width-60 vce-separator--thickness-1\" data-vce-do-apply=\"border padding background  el-29c19123\"><\/div><\/div><\/div><\/div><\/div><\/div><\/div><\/div><div class=\"vce-row-container\" data-vce-boxed-width=\"true\"><div class=\"vce-row vce-row--col-gap-30 vce-row-equal-height vce-row-content--top\" id=\"el-bf009aa8\" data-vce-do-apply=\"all el-bf009aa8\"><div class=\"vce-row-content\" data-vce-element-content=\"true\"><div class=\"vce-col vce-col--md-auto vce-col--xs-1 vce-col--xs-last vce-col--xs-first vce-col--sm-last vce-col--sm-first vce-col--md-last vce-col--lg-last vce-col--xl-last vce-col--md-first vce-col--lg-first vce-col--xl-first\" id=\"el-236e946a\"><div class=\"vce-col-inner\" data-vce-do-apply=\"border margin background  el-236e946a\"><div class=\"vce-col-content\" data-vce-element-content=\"true\" data-vce-do-apply=\"padding el-236e946a\"><div class=\"vce-text-block\"><div class=\"vce-text-block-wrapper vce\" id=\"el-12d7e934\" data-vce-do-apply=\"all el-12d7e934\"><p class=\"p1\"><span class=\"s1\">STAND BUY X - 25 juin au 25 Juillet 2021<\/span><\/p><br><p class=\"p1\"><span class=\"s1\">STANDBUY est un objet culturel distrayant qui donne lieu \u00e0 l'invitation d'un grand nombre d'artistes locaux, au minimum une vingtaine d'artistes plasticiens et acteurs de la culture \u00e9mergente local que nous s\u00e9lectionnons tout au long de l'ann\u00e9e et qui repr\u00e9sente selon notre point de vue la pens\u00e9e \u00e9mergente bordelaise, l'air du temps, le jus de toute une saison de production, d'essais de tentatives plus ou moins achev\u00e9es. Nous confrontons alors ses productions h\u00e9t\u00e9rog\u00e8nes allant de la danse contemporaine au design d'objet en passant par la musique \u00e9mergente et la broderie... Nous les associons sous la forme compacte d'un espace charg\u00e9 de sens, un souk, un Bazard surprenant pour l'\u0153il avis\u00e9 du tourisme culturel d\u00e9j\u00e0 pr\u00e9sent dans Bordeaux pour l'architecture et l'\u0153nologie. Blablabla d\u00e9gustation, etc...<\/span><\/p><\/div><\/div><\/div><\/div><\/div><\/div><\/div><\/div>\n","protected":false},"excerpt":{"rendered":"<p>5TAND BUY X &#8211; 25.06.2020 \/ 25.07.2020 STAND BUY X &#8211; 25 juin au 25 Juillet 2021STANDBUY est un objet culturel distrayant qui donne lieu \u00e0 l&rsquo;invitation d&rsquo;un&#8230;<\/p>\n","protected":false},"author":1,"featured_media":0,"parent":0,"menu_order":0,"comment_status":"closed","ping_status":"closed","template":"","meta":{"footnotes":""},"class_list":["post-1330","page","type-page","status-publish","hentry"],"_links":{"self":[{"href":"https:\/\/5un7.fr\/index.php\/wp-json\/wp\/v2\/pages\/1330","targetHints":{"allow":["GET"]}}],"collection":[{"href":"https:\/\/5un7.fr\/index.php\/wp-json\/wp\/v2\/pages"}],"about":[{"href":"https:\/\/5un7.fr\/index.php\/wp-json\/wp\/v2\/types\/page"}],"author":[{"embeddable":true,"href":"https:\/\/5un7.fr\/index.php\/wp-json\/wp\/v2\/users\/1"}],"replies":[{"embeddable":true,"href":"https:\/\/5un7.fr\/index.php\/wp-json\/wp\/v2\/comments?post=1330"}],"version-history":[{"count":4,"href":"https:\/\/5un7.fr\/index.php\/wp-json\/wp\/v2\/pages\/1330\/revisions"}],"predecessor-version":[{"id":1399,"href":"https:\/\/5un7.fr\/index.php\/wp-json\/wp\/v2\/pages\/1330\/revisions\/1399"}],"wp:attachment":[{"href":"https:\/\/5un7.fr\/index.php\/wp-json\/wp\/v2\/media?parent=1330"}],"curies":[{"name":"wp","href":"https:\/\/api.w.org\/{rel}","templated":true}]}}