{"id":1416,"date":"2021-12-06T13:42:35","date_gmt":"2021-12-06T13:42:35","guid":{"rendered":"https:\/\/5un7.fr\/?page_id=1416"},"modified":"2023-03-06T12:40:50","modified_gmt":"2023-03-06T12:40:50","slug":"vanitas","status":"publish","type":"page","link":"https:\/\/5un7.fr\/index.php\/vanitas\/","title":{"rendered":""},"content":{"rendered":"<div class=\"vce-row-container\" data-vce-boxed-width=\"true\"><div class=\"vce-row vce-row--col-gap-30 vce-row-equal-height vce-row-content--top\" id=\"el-4aecdae6\" data-vce-do-apply=\"all el-4aecdae6\"><div class=\"vce-row-content\" data-vce-element-content=\"true\"><div class=\"vce-col vce-col--md-auto vce-col--xs-1 vce-col--xs-last vce-col--xs-first vce-col--sm-last vce-col--sm-first vce-col--md-last vce-col--lg-last vce-col--xl-last vce-col--md-first vce-col--lg-first vce-col--xl-first\" id=\"el-2259f94f\"><div class=\"vce-col-inner\" data-vce-do-apply=\"border margin background  el-2259f94f\"><div class=\"vce-col-content\" data-vce-element-content=\"true\" data-vce-do-apply=\"padding el-2259f94f\"><div class=\"vce-text-block\"><div class=\"vce-text-block-wrapper vce\" id=\"el-8d7d2af4\" data-vce-do-apply=\"all el-8d7d2af4\"><p style=\"text-align: center;\"><strong>Vanita$ - 09.12.2021 \/ 10.01.2022<\/strong><\/p>\n<p style=\"text-align: center;\">&nbsp;<\/p><\/div><\/div><\/div><\/div><\/div><\/div><\/div><\/div><div class=\"vce-row-container\" data-vce-boxed-width=\"true\"><div class=\"vce-row vce-row--col-gap-30 vce-row-equal-height vce-row-content--top\" id=\"el-a7a45bba\" data-vce-do-apply=\"all el-a7a45bba\"><div class=\"vce-row-content\" data-vce-element-content=\"true\"><div class=\"vce-col vce-col--md-auto vce-col--xs-1 vce-col--xs-last vce-col--xs-first vce-col--sm-last vce-col--sm-first vce-col--md-last vce-col--lg-last vce-col--xl-last vce-col--md-first vce-col--lg-first vce-col--xl-first\" id=\"el-67ae7179\"><div class=\"vce-col-inner\" data-vce-do-apply=\"border margin background  el-67ae7179\"><div class=\"vce-col-content\" data-vce-element-content=\"true\" data-vce-do-apply=\"padding el-67ae7179\"><div class=\"vce-single-image-container vce-single-image--align-left\"><div class=\"vce vce-single-image-wrapper\" id=\"el-c2760fbf\" data-vce-do-apply=\"all el-c2760fbf\"><figure><div class=\"vce-single-image-figure-inner\" style=\"width: 1024px;\"><div class=\"vce-single-image-inner vce-single-image--absolute\" style=\"width: 100%; padding-bottom: 75%;\"><img loading=\"lazy\" decoding=\"async\" class=\"vce-single-image\"  width=\"1024\" height=\"768\" srcset=\"https:\/\/5un7.fr\/wp-content\/uploads\/2021\/12\/Vanita-1024x768.jpeg 1024w, https:\/\/5un7.fr\/wp-content\/uploads\/2023\/03\/Vanita-320x240.jpeg 320w, https:\/\/5un7.fr\/wp-content\/uploads\/2023\/03\/Vanita-480x360.jpeg 480w, https:\/\/5un7.fr\/wp-content\/uploads\/2023\/03\/Vanita-800x600.jpeg 800w\" src=\"https:\/\/5un7.fr\/wp-content\/uploads\/2021\/12\/Vanita-1024x768.jpeg\" data-img-src=\"https:\/\/5un7.fr\/wp-content\/uploads\/2021\/12\/Vanita.jpeg\" data-attachment-id=\"1422\"  alt=\"\" title=\"Vanita$\" \/><\/div><\/div><figcaption hidden=\"\"><\/figcaption><\/figure><\/div><\/div><div class=\"vce-image-gallery vce-image-gallery--gap-10 vce-image-gallery--columns-3\"><div class=\"vce-image-gallery-wrapper vce\" id=\"el-c240fa79\" data-vce-do-apply=\"all el-c240fa79\"><div class=\"vce-image-gallery-list\"><div class=\"vce-image-gallery-item\"><figure class=\"vce-image-gallery-item-inner-wrapper\"><a href=\"https:\/\/5un7.fr\/wp-content\/uploads\/2021\/12\/Vanitas6.jpeg\" data-lightbox=\"lightbox-c240fa79\" class=\"vce-image-gallery-item-inner\"><img decoding=\"async\" class=\"vce-image-gallery-img vce-image-gallery-img--orientation-portrait\" src=\"https:\/\/5un7.fr\/wp-content\/uploads\/2021\/12\/Vanitas6.jpeg\" alt=\"\" title=\"Vanitas6\"><\/a><\/figure><\/div><div class=\"vce-image-gallery-item\"><figure class=\"vce-image-gallery-item-inner-wrapper\"><a href=\"https:\/\/5un7.fr\/wp-content\/uploads\/2021\/12\/Vanitas4.jpeg\" data-lightbox=\"lightbox-c240fa79\" class=\"vce-image-gallery-item-inner\"><img decoding=\"async\" class=\"vce-image-gallery-img vce-image-gallery-img--orientation-portrait\" src=\"https:\/\/5un7.fr\/wp-content\/uploads\/2021\/12\/Vanitas4.jpeg\" alt=\"\" title=\"Vanitas4\"><\/a><\/figure><\/div><div class=\"vce-image-gallery-item\"><figure class=\"vce-image-gallery-item-inner-wrapper\"><a href=\"https:\/\/5un7.fr\/wp-content\/uploads\/2021\/12\/Vanitas3.jpeg\" data-lightbox=\"lightbox-c240fa79\" class=\"vce-image-gallery-item-inner\"><img decoding=\"async\" class=\"vce-image-gallery-img vce-image-gallery-img--orientation-portrait\" src=\"https:\/\/5un7.fr\/wp-content\/uploads\/2021\/12\/Vanitas3.jpeg\" alt=\"\" title=\"Vanitas3\"><\/a><\/figure><\/div><div class=\"vce-image-gallery-item\"><figure class=\"vce-image-gallery-item-inner-wrapper\"><a href=\"https:\/\/5un7.fr\/wp-content\/uploads\/2021\/12\/Vanitas2.jpeg\" data-lightbox=\"lightbox-c240fa79\" class=\"vce-image-gallery-item-inner\"><img decoding=\"async\" class=\"vce-image-gallery-img vce-image-gallery-img--orientation-portrait\" src=\"https:\/\/5un7.fr\/wp-content\/uploads\/2021\/12\/Vanitas2.jpeg\" alt=\"\" title=\"Vanitas2\"><\/a><\/figure><\/div><div class=\"vce-image-gallery-item\"><figure class=\"vce-image-gallery-item-inner-wrapper\"><a href=\"https:\/\/5un7.fr\/wp-content\/uploads\/2021\/12\/Vanitas1.jpeg\" data-lightbox=\"lightbox-c240fa79\" class=\"vce-image-gallery-item-inner\"><img decoding=\"async\" class=\"vce-image-gallery-img vce-image-gallery-img--orientation-portrait\" src=\"https:\/\/5un7.fr\/wp-content\/uploads\/2021\/12\/Vanitas1.jpeg\" alt=\"\" title=\"Vanitas1\"><\/a><\/figure><\/div><div class=\"vce-image-gallery-item\"><figure class=\"vce-image-gallery-item-inner-wrapper\"><a href=\"https:\/\/5un7.fr\/wp-content\/uploads\/2021\/12\/Vanitas5.jpeg\" data-lightbox=\"lightbox-c240fa79\" class=\"vce-image-gallery-item-inner\"><img decoding=\"async\" class=\"vce-image-gallery-img vce-image-gallery-img--orientation-portrait\" src=\"https:\/\/5un7.fr\/wp-content\/uploads\/2021\/12\/Vanitas5.jpeg\" alt=\"\" title=\"Vanitas5\"><\/a><\/figure><\/div><\/div><\/div><\/div><\/div><\/div><\/div><\/div><\/div><\/div><div class=\"vce-row-container\" data-vce-boxed-width=\"true\"><div class=\"vce-row vce-row--col-gap-30 vce-row-equal-height vce-row-content--top\" id=\"el-9756c409\" data-vce-do-apply=\"all el-9756c409\"><div class=\"vce-row-content\" data-vce-element-content=\"true\"><div class=\"vce-col vce-col--md-auto vce-col--xs-1 vce-col--xs-last vce-col--xs-first vce-col--sm-last vce-col--sm-first vce-col--md-last vce-col--lg-last vce-col--xl-last vce-col--md-first vce-col--lg-first vce-col--xl-first\" id=\"el-befee593\"><div class=\"vce-col-inner\" data-vce-do-apply=\"border margin background  el-befee593\"><div class=\"vce-col-content\" data-vce-element-content=\"true\" data-vce-do-apply=\"padding el-befee593\"><div class=\"vce vce-separator-container vce-separator--align-center vce-separator--style-solid\" id=\"el-875568c8\" data-vce-do-apply=\"margin el-875568c8\"><div class=\"vce-separator vce-separator--color-bfc0c1 vce-separator--width-60 vce-separator--thickness-1\" data-vce-do-apply=\"border padding background  el-875568c8\"><\/div><\/div><\/div><\/div><\/div><\/div><\/div><\/div><div class=\"vce-row-container\" data-vce-boxed-width=\"true\"><div class=\"vce-row vce-row--col-gap-30 vce-row-equal-height vce-row-content--top\" id=\"el-a5fc1d42\" data-vce-do-apply=\"all el-a5fc1d42\"><div class=\"vce-row-content\" data-vce-element-content=\"true\"><div class=\"vce-col vce-col--md-auto vce-col--xs-1 vce-col--xs-last vce-col--xs-first vce-col--sm-last vce-col--sm-first vce-col--md-last vce-col--lg-last vce-col--xl-last vce-col--md-first vce-col--lg-first vce-col--xl-first\" id=\"el-ffd96255\"><div class=\"vce-col-inner\" data-vce-do-apply=\"border margin background  el-ffd96255\"><div class=\"vce-col-content\" data-vce-element-content=\"true\" data-vce-do-apply=\"padding el-ffd96255\"><div class=\"vce-text-block\"><div class=\"vce-text-block-wrapper vce\" id=\"el-675c263d\" data-vce-do-apply=\"all el-675c263d\"><p class=\"p1\"><span class=\"s1\">Vanita$ - 09 d\u00e9cembre 2021 au 10 janvier 2022<\/span><\/p>\n<p class=\"p1\"><span class=\"s1\">Vernissage le 09 d\u00e9cembre 2021 \u00e0 19h<\/span><\/p>\n<p class=\"p1\"><span class=\"s1\">Artistes expos\u00e9s :&nbsp; <\/span><span class=\"s1\">Arthur Anium -<\/span><span class=\"s1\">&nbsp;Ma\u00ebva Deharbe - Manu Fakur - Xiyue Hu - Laurent Lacotte - Sarah Martiniak - Guillaume Mativet - Marie Minot - Sebastien Rojo - Margaux Henry-Thieullent - Xing Xiao<br><br>Vanitas vanitatum et omnia vanitas. Vanit\u00e9 des vanit\u00e9s tout est vanit\u00e9, souffle l\u00e9ger, vapeur \u00e9ph\u00e9m\u00e8re dans son sens litt\u00e9ral. Depuis l\u2019Ancien Testament et le livre de l\u2019Eccl\u00e9siaste, l\u2019id\u00e9e de la nature passag\u00e8re de l\u2019Homme hante son esprit jusqu\u2019\u00e0 devenir un leitmotiv spirituel. <br><br>XVIIe si\u00e8cle, les vanit\u00e9s deviennent un genre pictural propre se r\u00e9pandant dans toute l\u2019Europe moderne au m\u00eame titre que le memento mori. L\u2019art et les artistes contemporains, h\u00e9ritiers d\u2019un pass\u00e9 cr\u00e9atif, s\u2019offrent au monde dans un univers faisant face \u00e0 la finitude humaine. <br><br>L\u2019id\u00e9e des vanit\u00e9s s\u2019approprie les locaux de la galerie 5UN7 dans une collaboration entre les artistes et les \u00e9tudiantes du master arts plastiques de l\u2019universit\u00e9 Bordeaux Montaigne. Lors de cette exposition, organis\u00e9e par le professeur des universit\u00e9s Richard Leeman et le directeur artistique de la galerie, Marc-Henri Garcia, les \u00e9tudiants du master histoire de l\u2019art, en qualit\u00e9 de commissaires d\u2019expositions, pr\u00e9sentent une vision personnelle et g\u00e9n\u00e9rationnelle de l\u2019id\u00e9e de vanit\u00e9s. <br><br>Cette exposition se veut comme le commencement d\u2019une collaboration entre l\u2019universit\u00e9 et la galerie. Les \u0153uvres choisies nous am\u00e8nent \u00e0 penser diff\u00e9rentes fa\u00e7ons de voir et de comprendre les vanit\u00e9s. Vanit\u00e9s humaines ou mat\u00e9rielles, les artistes de cette exposition, interpr\u00e8tent le th\u00e8me de mani\u00e8re personnelle. <br><br>De diff\u00e9rentes g\u00e9n\u00e9rations, utilisant diff\u00e9rents m\u00e9dia et techniques, leurs \u0153uvres se pr\u00e9sentent \u00e0 nous dans un objectif commun, repenser l\u2019art au prisme de la nature humaine : vaine et creuse face \u00e0 un monde ultra-digitalis\u00e9. L\u2019artiste, incarnant la figure de l\u2019humain augment\u00e9, fait face \u00e0 une r\u00e9alit\u00e9 : \u00ab Ce monde est cruel \u00bb (Vald). Qu\u2019est-ce qu\u2019avoir 20 ans en 2021 ? Comment une g\u00e9n\u00e9ration ultra-connect\u00e9e, mais d\u00e9connect\u00e9e du temps qui passe, noy\u00e9e dans un flux constant d\u2019images, construit-elle son rapport au monde ? Quelle empreinte individuelle l\u2019artiste peut-il laisser \u00e0 l\u2019\u00ab \u00e8re du narcissisme de masse \u00bb (Clotilde Leguil) ?<br><br>Explorer le th\u00e8me des vanit\u00e9s peut \u00eatre un moyen d\u2019obliger l\u2019Homme \u00e0 se reconnecter \u00e0 sa temporalit\u00e9. Technologie, exc\u00e8s de consommation, glamour et fragilit\u00e9 exposent les vanit\u00e9s comme une ombre planant sur la nature humaine. Les artistes et les \u0153uvres choisies proposent une r\u00e9flexion critique sur l\u2019essence humaine : \u00e9gocentrique, essayant de s\u2019exposer \u00e0 monde st\u00e9rile. <\/span><\/p>\n<p class=\"p1\"><span class=\"s1\">Richard Leeman et Marc Henri Garcia<\/span><\/p>\n<p class=\"p1\">En remerciant le service culturel et le P\u00f4le recherche de l'Universit\u00e9 de Bordeaux pour son aimable contribution au projet.&nbsp;<\/p>\n<p class=\"p1\"><span class=\"s1\"><br><br><\/span><\/p><\/div><\/div><\/div><\/div><\/div><\/div><\/div><\/div><div class=\"vce-row-container\" data-vce-boxed-width=\"true\"><div class=\"vce-row vce-row--col-gap-30 vce-row-equal-height vce-row-content--top\" id=\"el-31f70b14\" data-vce-do-apply=\"all el-31f70b14\"><div class=\"vce-row-content\" data-vce-element-content=\"true\"><div><\/div><\/div><\/div><\/div>","protected":false},"excerpt":{"rendered":"<p>Vanita$ &#8211; 09.12.2021 \/ 10.01.2022 &nbsp;Vanita$ &#8211; 09 d\u00e9cembre 2021 au 10 janvier 2022 Vernissage le 09 d\u00e9cembre 2021 \u00e0 19h Artistes expos\u00e9s :&nbsp; Arthur Anium &#8211;&nbsp;Ma\u00ebva Deharbe&#8230;<\/p>\n","protected":false},"author":1,"featured_media":0,"parent":0,"menu_order":0,"comment_status":"closed","ping_status":"closed","template":"","meta":{"footnotes":""},"class_list":["post-1416","page","type-page","status-publish","hentry"],"_links":{"self":[{"href":"https:\/\/5un7.fr\/index.php\/wp-json\/wp\/v2\/pages\/1416","targetHints":{"allow":["GET"]}}],"collection":[{"href":"https:\/\/5un7.fr\/index.php\/wp-json\/wp\/v2\/pages"}],"about":[{"href":"https:\/\/5un7.fr\/index.php\/wp-json\/wp\/v2\/types\/page"}],"author":[{"embeddable":true,"href":"https:\/\/5un7.fr\/index.php\/wp-json\/wp\/v2\/users\/1"}],"replies":[{"embeddable":true,"href":"https:\/\/5un7.fr\/index.php\/wp-json\/wp\/v2\/comments?post=1416"}],"version-history":[{"count":11,"href":"https:\/\/5un7.fr\/index.php\/wp-json\/wp\/v2\/pages\/1416\/revisions"}],"predecessor-version":[{"id":1597,"href":"https:\/\/5un7.fr\/index.php\/wp-json\/wp\/v2\/pages\/1416\/revisions\/1597"}],"wp:attachment":[{"href":"https:\/\/5un7.fr\/index.php\/wp-json\/wp\/v2\/media?parent=1416"}],"curies":[{"name":"wp","href":"https:\/\/api.w.org\/{rel}","templated":true}]}}