{"id":1500,"date":"2022-03-29T07:26:32","date_gmt":"2022-03-29T07:26:32","guid":{"rendered":"https:\/\/5un7.fr\/?page_id=1500"},"modified":"2022-04-15T14:57:18","modified_gmt":"2022-04-15T14:57:18","slug":"priscille-claude","status":"publish","type":"page","link":"https:\/\/5un7.fr\/index.php\/priscille-claude\/","title":{"rendered":""},"content":{"rendered":"<div class=\"vce-row-container\" data-vce-boxed-width=\"true\"><div class=\"vce-row vce-row--col-gap-30 vce-row-equal-height vce-row-content--top\" id=\"el-c0e17aac\" data-vce-do-apply=\"all el-c0e17aac\"><div class=\"vce-row-content\" data-vce-element-content=\"true\"><div class=\"vce-col vce-col--md-auto vce-col--xs-1 vce-col--xs-last vce-col--xs-first vce-col--sm-last vce-col--sm-first vce-col--md-last vce-col--lg-last vce-col--xl-last vce-col--md-first vce-col--lg-first vce-col--xl-first\" id=\"el-b6483298\"><div class=\"vce-col-inner\" data-vce-do-apply=\"border margin background  el-b6483298\"><div class=\"vce-col-content\" data-vce-element-content=\"true\" data-vce-do-apply=\"padding el-b6483298\"><div class=\"vce-text-block\"><div class=\"vce-text-block-wrapper vce\" id=\"el-1566d39a\" data-vce-do-apply=\"all el-1566d39a\"><p style=\"text-align: center;\"><font face=\"arial, helvetica, sans-serif\"><span style=\"font-size: 24px;\"><b>Priscille Claude<\/b><\/span><\/font><\/p><p style=\"text-align: center;\"><span style=\"font-family: inherit;\">&nbsp;<\/span><br><\/p><\/div><\/div><\/div><\/div><\/div><\/div><\/div><\/div><div class=\"vce-row-container\" data-vce-boxed-width=\"true\"><div class=\"vce-row vce-row--col-gap-30 vce-row-equal-height vce-row-content--top\" id=\"el-d625f492\" data-vce-do-apply=\"all el-d625f492\"><div class=\"vce-row-content\" data-vce-element-content=\"true\"><div class=\"vce-col vce-col--md-auto vce-col--xs-1 vce-col--xs-last vce-col--xs-first vce-col--sm-last vce-col--sm-first vce-col--md-last vce-col--lg-last vce-col--xl-last vce-col--md-first vce-col--lg-first vce-col--xl-first\" id=\"el-6fc1a5b2\"><div class=\"vce-col-inner\" data-vce-do-apply=\"border margin background  el-6fc1a5b2\"><div class=\"vce-col-content\" data-vce-element-content=\"true\" data-vce-do-apply=\"padding el-6fc1a5b2\"><div class=\"vce-image-gallery vce-image-gallery--gap-10 vce-image-gallery--columns-3\"><div class=\"vce-image-gallery-wrapper vce\" id=\"el-7f936673\" data-vce-do-apply=\"all el-7f936673\"><div class=\"vce-image-gallery-list\"><div class=\"vce-image-gallery-item\"><figure class=\"vce-image-gallery-item-inner-wrapper\"><a href=\"https:\/\/5un7.fr\/wp-content\/uploads\/2022\/03\/IMG_2049.jpg\" data-lightbox=\"lightbox-7f936673\" class=\"vce-image-gallery-item-inner\"><img decoding=\"async\" class=\"vce-image-gallery-img\" src=\"https:\/\/5un7.fr\/wp-content\/uploads\/2022\/03\/IMG_2049-1024x724.jpg\" alt=\"\" title=\"Lisi\u00e8res\"><\/a><\/figure><\/div><div class=\"vce-image-gallery-item\"><figure class=\"vce-image-gallery-item-inner-wrapper\"><a href=\"https:\/\/5un7.fr\/wp-content\/uploads\/2022\/03\/IMG_2048.jpg\" data-lightbox=\"lightbox-7f936673\" class=\"vce-image-gallery-item-inner\"><img decoding=\"async\" class=\"vce-image-gallery-img\" src=\"https:\/\/5un7.fr\/wp-content\/uploads\/2022\/03\/IMG_2048-1024x736.jpg\" alt=\"\" title=\"Sommeil porcelaine\"><\/a><\/figure><\/div><div class=\"vce-image-gallery-item\"><figure class=\"vce-image-gallery-item-inner-wrapper\"><a href=\"https:\/\/5un7.fr\/wp-content\/uploads\/2022\/03\/IMG_2047-scaled.jpg\" data-lightbox=\"lightbox-7f936673\" class=\"vce-image-gallery-item-inner\"><img decoding=\"async\" class=\"vce-image-gallery-img\" src=\"https:\/\/5un7.fr\/wp-content\/uploads\/2022\/03\/IMG_2047-1024x714.jpg\" alt=\"\" title=\"Vie de Ch\u00e2let\"><\/a><\/figure><\/div><div class=\"vce-image-gallery-item\"><figure class=\"vce-image-gallery-item-inner-wrapper\"><a href=\"https:\/\/5un7.fr\/wp-content\/uploads\/2022\/03\/IMG_2045.jpg\" data-lightbox=\"lightbox-7f936673\" class=\"vce-image-gallery-item-inner\"><img decoding=\"async\" class=\"vce-image-gallery-img\" src=\"https:\/\/5un7.fr\/wp-content\/uploads\/2022\/03\/IMG_2045-1024x746.jpg\" alt=\"\" title=\"Les mondes engloutis\"><\/a><\/figure><\/div><div class=\"vce-image-gallery-item\"><figure class=\"vce-image-gallery-item-inner-wrapper\"><a href=\"https:\/\/5un7.fr\/wp-content\/uploads\/2022\/03\/IMG_2042.jpg\" data-lightbox=\"lightbox-7f936673\" class=\"vce-image-gallery-item-inner\"><img decoding=\"async\" class=\"vce-image-gallery-img\" src=\"https:\/\/5un7.fr\/wp-content\/uploads\/2022\/03\/IMG_2042-1024x733.jpg\" alt=\"\" title=\"Flashforward 2\"><\/a><\/figure><\/div><\/div><\/div><\/div><\/div><\/div><\/div><\/div><\/div><\/div><div class=\"vce-row-container\" data-vce-boxed-width=\"true\"><div class=\"vce-row vce-row--col-gap-30 vce-row-equal-height vce-row-content--top\" id=\"el-db20ce43\" data-vce-do-apply=\"all el-db20ce43\"><div class=\"vce-row-content\" data-vce-element-content=\"true\"><div class=\"vce-col vce-col--md-auto vce-col--xs-1 vce-col--xs-last vce-col--xs-first vce-col--sm-last vce-col--sm-first vce-col--md-last vce-col--lg-last vce-col--xl-last vce-col--md-first vce-col--lg-first vce-col--xl-first\" id=\"el-4ef242c3\"><div class=\"vce-col-inner\" data-vce-do-apply=\"border margin background  el-4ef242c3\"><div class=\"vce-col-content\" data-vce-element-content=\"true\" data-vce-do-apply=\"padding el-4ef242c3\"><div><\/div><\/div><\/div><\/div><\/div><\/div><\/div><div class=\"vce-row-container\" data-vce-boxed-width=\"true\"><div class=\"vce-row vce-row--col-gap-30 vce-row-equal-height vce-row-content--top\" id=\"el-3c8c7228\" data-vce-do-apply=\"all el-3c8c7228\"><div class=\"vce-row-content\" data-vce-element-content=\"true\"><div class=\"vce-col vce-col--md-auto vce-col--xs-1 vce-col--xs-last vce-col--xs-first vce-col--sm-last vce-col--sm-first vce-col--md-last vce-col--lg-last vce-col--xl-last vce-col--md-first vce-col--lg-first vce-col--xl-first\" id=\"el-f426036a\"><div class=\"vce-col-inner\" data-vce-do-apply=\"border margin background  el-f426036a\"><div class=\"vce-col-content\" data-vce-element-content=\"true\" data-vce-do-apply=\"padding el-f426036a\"><div class=\"vce-text-block\"><div class=\"vce-text-block-wrapper vce\" id=\"el-74919414\" data-vce-do-apply=\"all el-74919414\"><p style=\"text-align: center;\"><span style=\"color: #262626; font-family: -apple-system, 'system-ui', 'Segoe UI', Roboto, Helvetica, Arial, sans-serif; font-size: 14px;\">\u0152uvres originales<\/span><br style=\"color: #262626; font-family: -apple-system, 'system-ui', 'Segoe UI', Roboto, Helvetica, Arial, sans-serif; font-size: 14px;\"><span style=\"color: #262626; font-family: -apple-system, 'system-ui', 'Segoe UI', Roboto, Helvetica, Arial, sans-serif; font-size: 14px;\">59,4 x 84,1 cm, <\/span><span style=\"color: #262626; font-family: -apple-system, 'system-ui', 'Segoe UI', Roboto, Helvetica, Arial, sans-serif; font-size: 14px;\">Acrylique sur papier, <\/span><span style=\"color: #262626; font-family: -apple-system, 'system-ui', 'Segoe UI', Roboto, Helvetica, Arial, sans-serif; font-size: 14px;\">2021<\/span><br style=\"color: #262626; font-family: -apple-system, 'system-ui', 'Segoe UI', Roboto, Helvetica, Arial, sans-serif; font-size: 14px;\"><span style=\"color: #262626; font-family: -apple-system, 'system-ui', 'Segoe UI', Roboto, Helvetica, Arial, sans-serif; font-size: 14px;\">Prix : 750\u20ac<\/span><\/p><\/div><\/div><\/div><\/div><\/div><\/div><\/div><\/div><div class=\"vce-row-container\" data-vce-boxed-width=\"true\"><div class=\"vce-row vce-row--col-gap-30 vce-row-equal-height vce-row-content--top\" id=\"el-ca58a785\" data-vce-do-apply=\"all el-ca58a785\"><div class=\"vce-row-content\" data-vce-element-content=\"true\"><div class=\"vce-col vce-col--md-auto vce-col--xs-1 vce-col--xs-last vce-col--xs-first vce-col--sm-last vce-col--sm-first vce-col--md-last vce-col--lg-last vce-col--xl-last vce-col--md-first vce-col--lg-first vce-col--xl-first\" id=\"el-d3e53815\"><div class=\"vce-col-inner\" data-vce-do-apply=\"border margin background  el-d3e53815\"><div class=\"vce-col-content\" data-vce-element-content=\"true\" data-vce-do-apply=\"padding el-d3e53815\"><div class=\"vce vce-separator-container vce-separator--align-center vce-separator--style-solid\" id=\"el-87a7d4d2\" data-vce-do-apply=\"margin el-87a7d4d2\"><div class=\"vce-separator vce-separator--color-bfc0c1 vce-separator--width-60 vce-separator--thickness-1\" data-vce-do-apply=\"border padding background  el-87a7d4d2\"><\/div><\/div><\/div><\/div><\/div><\/div><\/div><\/div><div class=\"vce-row-container\" data-vce-boxed-width=\"true\"><div class=\"vce-row vce-row--col-gap-30 vce-row-equal-height vce-row-content--top\" id=\"el-348780a0\" data-vce-do-apply=\"all el-348780a0\"><div class=\"vce-row-content\" data-vce-element-content=\"true\"><div class=\"vce-col vce-col--md-auto vce-col--xs-1 vce-col--xs-last vce-col--xs-first vce-col--sm-last vce-col--sm-first vce-col--md-last vce-col--lg-last vce-col--xl-last vce-col--md-first vce-col--lg-first vce-col--xl-first\" id=\"el-9ed32317\"><div class=\"vce-col-inner\" data-vce-do-apply=\"border margin background  el-9ed32317\"><div class=\"vce-col-content\" data-vce-element-content=\"true\" data-vce-do-apply=\"padding el-9ed32317\"><div class=\"vce-text-block\"><div class=\"vce-text-block-wrapper vce\" id=\"el-4b0c5119\" data-vce-do-apply=\"all el-4b0c5119\"><div><noscript><style>.vce-row-container .vcv-lozad {display: none}<\/style><\/noscript><!-- Customizer CSS --><!--\/Customizer CSS--><\/div>\n<div>\n<div class=\"page\" title=\"Page 1\">\n<div class=\"layoutArea\">\n<div class=\"column\">\n<p>Priscille Claude est ne\u0301e en 1979 a\u0300 Fontenay-aux-Roses, elle vit et travaille a\u0300 Bordeaux depuis 2003. Elle a e\u0301tudie\u0301 la Philosophie a\u0300 l'Universite\u0301 de Caen, passe\u0301 deux ans a\u0300 l'e\u0301cole des Beaux-Arts de Caen, obtenu son DNSEP en 2006 a\u0300 l'e\u0301cole supe\u0301rieure des Beaux-Arts de Bordeaux. En 2015, elle obtient un Master 1 en Documentation et Syste\u0300mes d'Information a\u0300 l'universite\u0301 de Bordeaux.<\/p>\n<p>Priscille Claude est essentiellement peintre, elle s'inte\u0301resse e\u0301galement a\u0300 la vide\u0301o et aux re\u0301seaux sociaux en tant que me\u0301dium de cre\u0301ation et de diffusion. Elle travaille a\u0300 partir d'images contemporaines glane\u0301ees sur le net qui la fascinent : la prolife\u0301ration de la pornographie depuis l'ave\u0300nement du Web, Le cine\u0301ma de genre... Elle questionne l'image des femmes a\u0300 l'e\u0301cran, la repre\u0301sentation de la sensualite\u0301, l'empowerment fe\u0301minin, le glamour et la possibilite\u0301 d'un \u00ab female gaze \u00bb dans le champ de l'art.<\/p>\n<p>Elle s'interesse e\u0301galement a\u0300 la diffusion de son travail dans l'e\u0301dition de livres et de fanzines se\u0301rigraphie\u0301s notamment chez Me\u0301conium e\u0301ditions, Gestrococlub et Strange Cessation aux USA. Un solo show est en cours a\u0300 la 5un7 galerie a\u0300 Bordeaux, elle finalise son premier livre d'artiste aux e\u0301ditions \u00ab Bienvenue au Village \u00bb avec l'e\u0301diteur et artiste Thierry Weyd.<\/p>\n<p>Priscille Claude est aussi professeure documentaliste au colle\u0300ge expe\u0301rimental Clisthe\u0300ne a\u0300 Bordeaux.<\/p>\n<p>&nbsp;<\/p>\n<\/div>\n<\/div>\n<\/div>\n<p>Instagram : <a href=\"https:\/\/www.instagram.com\/pri6l______le\/\">@pri6l______le<\/a><\/p>\n<p>&nbsp;<\/p>\n<\/div>\n<div>&nbsp;<\/div><\/div><\/div><div class=\"vce-button--style-outline-container vce-button--style-outline-container--align-center\"><span class=\"vce-button--style-outline-wrapper vce\" id=\"el-a309f40f\" data-vce-do-apply=\"margin el-a309f40f\"><a class=\"vce-button vce-button--style-outline-animated vce-button--style-outline--border-round vce-button--style-outline--size-medium vce-button--style-outline-animated--color-b-33-33-33--fff--3d3d3d vce-button--style-outline-animated--border-color-b-33-33-33--3d3d3d vce-button--style-outline-animated--background-color-b-33-33-33\" href=\"https:\/\/5un7.fr\/wp-content\/uploads\/2022\/04\/CV-Priscille-Claude.pdf\" title=\"\" data-vce-do-apply=\"padding border background  el-a309f40f\"><span class=\"vce-button--style-outline-text\"> CV de Priscille Claude<\/span><\/a><\/span><\/div><div class=\"vce vce-separator-container vce-separator--align-center vce-separator--style-solid\" id=\"el-7a615680\" data-vce-do-apply=\"margin el-7a615680\"><div class=\"vce-separator vce-separator--color-bfc0c1 vce-separator--width-60 vce-separator--thickness-1\" data-vce-do-apply=\"border padding background  el-7a615680\"><\/div><\/div><\/div><\/div><\/div><\/div><\/div><\/div><div class=\"vce-row-container\" data-vce-boxed-width=\"true\"><div class=\"vce-row vce-row--col-gap-30 vce-row-equal-height vce-row-content--top\" id=\"el-2a1cddb1\" data-vce-do-apply=\"all el-2a1cddb1\"><div class=\"vce-row-content\" data-vce-element-content=\"true\"><div class=\"vce-col vce-col--md-auto vce-col--xs-1 vce-col--xs-last vce-col--xs-first vce-col--sm-last vce-col--sm-first vce-col--md-last vce-col--lg-last vce-col--xl-last vce-col--md-first vce-col--lg-first vce-col--xl-first\" id=\"el-76a0088e\"><div class=\"vce-col-inner\" data-vce-do-apply=\"border margin background  el-76a0088e\"><div class=\"vce-col-content\" data-vce-element-content=\"true\" data-vce-do-apply=\"padding el-76a0088e\"><div class=\"vce-text-block\"><div class=\"vce-text-block-wrapper vce\" id=\"el-848d1e4e\" data-vce-do-apply=\"all el-848d1e4e\"><p>&nbsp;<em><span style=\"font-size: 10pt; font-family: arial, helvetica, sans-serif;\">Pour tout renseignement compl\u00e9mentaire sur les \u0153uvres de Priscille Claude, vous pouvez nous contacter par mail \u00e0 l'adresse suivante : <a href=\"mailto:asso5un7@gmail.com\">asso5un7@gmail.com<\/a> ou par t\u00e9l\u00e9phone au 06 25 58 76 31.<\/span><\/em><\/p><\/div><\/div><\/div><\/div><\/div><\/div><\/div><\/div>","protected":false},"excerpt":{"rendered":"","protected":false},"author":1,"featured_media":0,"parent":0,"menu_order":0,"comment_status":"closed","ping_status":"closed","template":"","meta":{"footnotes":""},"class_list":["post-1500","page","type-page","status-publish","hentry"],"_links":{"self":[{"href":"https:\/\/5un7.fr\/index.php\/wp-json\/wp\/v2\/pages\/1500","targetHints":{"allow":["GET"]}}],"collection":[{"href":"https:\/\/5un7.fr\/index.php\/wp-json\/wp\/v2\/pages"}],"about":[{"href":"https:\/\/5un7.fr\/index.php\/wp-json\/wp\/v2\/types\/page"}],"author":[{"embeddable":true,"href":"https:\/\/5un7.fr\/index.php\/wp-json\/wp\/v2\/users\/1"}],"replies":[{"embeddable":true,"href":"https:\/\/5un7.fr\/index.php\/wp-json\/wp\/v2\/comments?post=1500"}],"version-history":[{"count":8,"href":"https:\/\/5un7.fr\/index.php\/wp-json\/wp\/v2\/pages\/1500\/revisions"}],"predecessor-version":[{"id":1521,"href":"https:\/\/5un7.fr\/index.php\/wp-json\/wp\/v2\/pages\/1500\/revisions\/1521"}],"wp:attachment":[{"href":"https:\/\/5un7.fr\/index.php\/wp-json\/wp\/v2\/media?parent=1500"}],"curies":[{"name":"wp","href":"https:\/\/api.w.org\/{rel}","templated":true}]}}