{"id":1527,"date":"2022-10-27T10:57:02","date_gmt":"2022-10-27T10:57:02","guid":{"rendered":"https:\/\/5un7.fr\/?page_id=1527"},"modified":"2022-11-15T16:35:53","modified_gmt":"2022-11-15T16:35:53","slug":"inkultum","status":"publish","type":"page","link":"https:\/\/5un7.fr\/index.php\/inkultum\/","title":{"rendered":""},"content":{"rendered":"<div class=\"vce-row-container\" data-vce-boxed-width=\"true\"><div class=\"vce-row vce-row--col-gap-30 vce-row-equal-height vce-row-content--top\" id=\"el-7ccf5a4a\" data-vce-do-apply=\"all el-7ccf5a4a\"><div class=\"vce-row-content\" data-vce-element-content=\"true\"><div class=\"vce-col vce-col--md-auto vce-col--xs-1 vce-col--xs-last vce-col--xs-first vce-col--sm-last vce-col--sm-first vce-col--md-last vce-col--lg-last vce-col--xl-last vce-col--md-first vce-col--lg-first vce-col--xl-first\" id=\"el-8bde1ce3\"><div class=\"vce-col-inner\" data-vce-do-apply=\"border margin background  el-8bde1ce3\"><div class=\"vce-col-content\" data-vce-element-content=\"true\" data-vce-do-apply=\"padding el-8bde1ce3\"><div class=\"vce-text-block\"><div class=\"vce-text-block-wrapper vce\" id=\"el-ba51efba\" data-vce-do-apply=\"all el-ba51efba\"><p style=\"text-align: center;\"><strong>I N K\u00dcL TUM<\/strong><strong> - 29.10.22 - 26.11<\/strong><strong>.22<\/strong><\/p>\n<p style=\"text-align: center;\">&nbsp;<\/p><\/div><\/div><\/div><\/div><\/div><\/div><\/div><\/div><div class=\"vce-row-container\" data-vce-boxed-width=\"true\"><div class=\"vce-row vce-row--col-gap-30 vce-row-equal-height vce-row-content--top\" id=\"el-74b3d16e\" data-vce-do-apply=\"all el-74b3d16e\"><div class=\"vce-row-content\" data-vce-element-content=\"true\"><div class=\"vce-col vce-col--md-auto vce-col--xs-1 vce-col--xs-last vce-col--xs-first vce-col--sm-last vce-col--sm-first vce-col--md-last vce-col--lg-last vce-col--xl-last vce-col--md-first vce-col--lg-first vce-col--xl-first\" id=\"el-eff401fa\"><div class=\"vce-col-inner\" data-vce-do-apply=\"border margin background  el-eff401fa\"><div class=\"vce-col-content\" data-vce-element-content=\"true\" data-vce-do-apply=\"padding el-eff401fa\"><div class=\"vce-single-image-container vce-single-image--align-left\"><div class=\"vce vce-single-image-wrapper\" id=\"el-532b1467\" data-vce-do-apply=\"all el-532b1467\"><figure><div class=\"vce-single-image-figure-inner\" style=\"width: 1024px;\"><div class=\"vce-single-image-inner vce-single-image--absolute\" style=\"width: 100%; padding-bottom: 64.7461%;\"><img loading=\"lazy\" decoding=\"async\" class=\"vce-single-image\"  width=\"1024\" height=\"663\" srcset=\"https:\/\/5un7.fr\/wp-content\/uploads\/2022\/10\/INKULTUM-1-1024x663.jpg 1024w, https:\/\/5un7.fr\/wp-content\/uploads\/2022\/10\/INKULTUM-1-320x207.jpg 320w, https:\/\/5un7.fr\/wp-content\/uploads\/2022\/10\/INKULTUM-1-480x311.jpg 480w, https:\/\/5un7.fr\/wp-content\/uploads\/2022\/10\/INKULTUM-1-800x518.jpg 800w\" src=\"https:\/\/5un7.fr\/wp-content\/uploads\/2022\/10\/INKULTUM-1-1024x663.jpg\" data-img-src=\"https:\/\/5un7.fr\/wp-content\/uploads\/2022\/10\/INKULTUM-1.jpg\" data-attachment-id=\"1523\"  alt=\"\" title=\"INKULTUM 1\" \/><\/div><\/div><figcaption hidden=\"\"><\/figcaption><\/figure><\/div><\/div><div class=\"vce-row-container\" data-vce-boxed-width=\"true\"><div class=\"vce-row vce-row--col-gap-30 vce-row-equal-height vce-row-content--top\" id=\"el-b44c8f03\" data-vce-do-apply=\"all el-b44c8f03\"><div class=\"vce-row-content\" data-vce-element-content=\"true\"><div class=\"vce-col vce-col--md-auto vce-col--xs-1 vce-col--xs-last vce-col--xs-first vce-col--sm-last vce-col--sm-first vce-col--md-last vce-col--lg-last vce-col--xl-last vce-col--md-first vce-col--lg-first vce-col--xl-first\" id=\"el-c347a28f\"><div class=\"vce-col-inner\" data-vce-do-apply=\"border margin background  el-c347a28f\"><div class=\"vce-col-content\" data-vce-element-content=\"true\" data-vce-do-apply=\"padding el-c347a28f\"><div><\/div><\/div><\/div><\/div><\/div><\/div><\/div><div class=\"vce-image-gallery vce-image-gallery--gap-10 vce-image-gallery--columns-3\"><div class=\"vce-image-gallery-wrapper vce\" id=\"el-ab4886eb\" data-vce-do-apply=\"all el-ab4886eb\"><div class=\"vce-image-gallery-list\"><div class=\"vce-image-gallery-item\"><figure class=\"vce-image-gallery-item-inner-wrapper\"><a href=\"https:\/\/5un7.fr\/wp-content\/uploads\/2022\/11\/IMG_20221104_150246__01-scaled.jpg\" data-lightbox=\"lightbox-ab4886eb\" class=\"vce-image-gallery-item-inner\"><img decoding=\"async\" class=\"vce-image-gallery-img vce-image-gallery-img--orientation-portrait\" src=\"https:\/\/5un7.fr\/wp-content\/uploads\/2022\/11\/IMG_20221104_150246__01-512x1024.jpg\" alt=\"\" title=\"4.Expo Inkultum\"><\/a><\/figure><\/div><div class=\"vce-image-gallery-item\"><figure class=\"vce-image-gallery-item-inner-wrapper\"><a href=\"https:\/\/5un7.fr\/wp-content\/uploads\/2022\/11\/IMG_20221104_145900-scaled.jpg\" data-lightbox=\"lightbox-ab4886eb\" class=\"vce-image-gallery-item-inner\"><img decoding=\"async\" class=\"vce-image-gallery-img\" src=\"https:\/\/5un7.fr\/wp-content\/uploads\/2022\/11\/IMG_20221104_145900-1024x512.jpg\" alt=\"\" title=\"5.Expo Inkultum\"><\/a><\/figure><\/div><div class=\"vce-image-gallery-item\"><figure class=\"vce-image-gallery-item-inner-wrapper\"><a href=\"https:\/\/5un7.fr\/wp-content\/uploads\/2022\/11\/IMG_20221104_145632__01-scaled.jpg\" data-lightbox=\"lightbox-ab4886eb\" class=\"vce-image-gallery-item-inner\"><img decoding=\"async\" class=\"vce-image-gallery-img\" src=\"https:\/\/5un7.fr\/wp-content\/uploads\/2022\/11\/IMG_20221104_145632__01-1024x512.jpg\" alt=\"\" title=\"6.Expo Inkultum\"><\/a><\/figure><\/div><div class=\"vce-image-gallery-item\"><figure class=\"vce-image-gallery-item-inner-wrapper\"><a href=\"https:\/\/5un7.fr\/wp-content\/uploads\/2022\/11\/IMG_20221104_150600__01-scaled.jpg\" data-lightbox=\"lightbox-ab4886eb\" class=\"vce-image-gallery-item-inner\"><img decoding=\"async\" class=\"vce-image-gallery-img\" src=\"https:\/\/5un7.fr\/wp-content\/uploads\/2022\/11\/IMG_20221104_150600__01-1024x512.jpg\" alt=\"\" title=\"3. Expo Inkultum\"><\/a><\/figure><\/div><div class=\"vce-image-gallery-item\"><figure class=\"vce-image-gallery-item-inner-wrapper\"><a href=\"https:\/\/5un7.fr\/wp-content\/uploads\/2022\/11\/IMG_20221104_145124__01-scaled.jpg\" data-lightbox=\"lightbox-ab4886eb\" class=\"vce-image-gallery-item-inner\"><img decoding=\"async\" class=\"vce-image-gallery-img\" src=\"https:\/\/5un7.fr\/wp-content\/uploads\/2022\/11\/IMG_20221104_145124__01-1024x755.jpg\" alt=\"\" title=\"2.Expo Inkultum\"><\/a><\/figure><\/div><div class=\"vce-image-gallery-item\"><figure class=\"vce-image-gallery-item-inner-wrapper\"><a href=\"https:\/\/5un7.fr\/wp-content\/uploads\/2022\/11\/IMG_20221104_150655__01-scaled.jpg\" data-lightbox=\"lightbox-ab4886eb\" class=\"vce-image-gallery-item-inner\"><img decoding=\"async\" class=\"vce-image-gallery-img\" src=\"https:\/\/5un7.fr\/wp-content\/uploads\/2022\/11\/IMG_20221104_150655__01-1024x512.jpg\" alt=\"\" title=\"1.Expo Inkultum\"><\/a><\/figure><\/div><div class=\"vce-image-gallery-item\"><figure class=\"vce-image-gallery-item-inner-wrapper\"><a href=\"https:\/\/5un7.fr\/wp-content\/uploads\/2022\/11\/CHAMAN-INKULTUM-scaled.jpg\" data-lightbox=\"lightbox-ab4886eb\" class=\"vce-image-gallery-item-inner\"><img decoding=\"async\" class=\"vce-image-gallery-img vce-image-gallery-img--orientation-portrait\" src=\"https:\/\/5un7.fr\/wp-content\/uploads\/2022\/11\/CHAMAN-INKULTUM-768x1024.jpg\" alt=\"\" title=\"CHAMAN INKULTUM\"><\/a><\/figure><\/div><div class=\"vce-image-gallery-item\"><figure class=\"vce-image-gallery-item-inner-wrapper\"><a href=\"https:\/\/5un7.fr\/wp-content\/uploads\/2022\/11\/FEMME-INKULTUM-scaled.jpg\" data-lightbox=\"lightbox-ab4886eb\" class=\"vce-image-gallery-item-inner\"><img decoding=\"async\" class=\"vce-image-gallery-img vce-image-gallery-img--orientation-portrait\" src=\"https:\/\/5un7.fr\/wp-content\/uploads\/2022\/11\/FEMME-INKULTUM-768x1024.jpg\" alt=\"\" title=\"FEMME INKULTUM\"><\/a><\/figure><\/div><div class=\"vce-image-gallery-item\"><figure class=\"vce-image-gallery-item-inner-wrapper\"><a href=\"https:\/\/5un7.fr\/wp-content\/uploads\/2022\/11\/Photo-INKULTUM-4-scaled.jpg\" data-lightbox=\"lightbox-ab4886eb\" class=\"vce-image-gallery-item-inner\"><img decoding=\"async\" class=\"vce-image-gallery-img vce-image-gallery-img--orientation-portrait\" src=\"https:\/\/5un7.fr\/wp-content\/uploads\/2022\/11\/Photo-INKULTUM-4-512x1024.jpg\" alt=\"\" title=\"Photo INKULTUM 4\"><\/a><\/figure><\/div><\/div><\/div><\/div><\/div><\/div><\/div><\/div><\/div><\/div><div class=\"vce-row-container\" data-vce-boxed-width=\"true\"><div class=\"vce-row vce-row--col-gap-30 vce-row-equal-height vce-row-content--top\" id=\"el-02ce4879\" data-vce-do-apply=\"all el-02ce4879\"><div class=\"vce-row-content\" data-vce-element-content=\"true\"><div class=\"vce-col vce-col--md-auto vce-col--xs-1 vce-col--xs-last vce-col--xs-first vce-col--sm-last vce-col--sm-first vce-col--md-last vce-col--lg-last vce-col--xl-last vce-col--md-first vce-col--lg-first vce-col--xl-first\" id=\"el-10a644b4\"><div class=\"vce-col-inner\" data-vce-do-apply=\"border margin background  el-10a644b4\"><div class=\"vce-col-content\" data-vce-element-content=\"true\" data-vce-do-apply=\"padding el-10a644b4\"><div class=\"vce vce-separator-container vce-separator--align-center vce-separator--style-solid\" id=\"el-85c4b6be\" data-vce-do-apply=\"margin el-85c4b6be\"><div class=\"vce-separator vce-separator--color-bfc0c1 vce-separator--width-60 vce-separator--thickness-1\" data-vce-do-apply=\"border padding background  el-85c4b6be\"><\/div><\/div><\/div><\/div><\/div><\/div><\/div><\/div><div class=\"vce-row-container\" data-vce-boxed-width=\"true\"><div class=\"vce-row vce-row--col-gap-30 vce-row-equal-height vce-row-content--top\" id=\"el-f12dc08a\" data-vce-do-apply=\"all el-f12dc08a\"><div class=\"vce-row-content\" data-vce-element-content=\"true\"><div class=\"vce-col vce-col--md-auto vce-col--xs-1 vce-col--xs-last vce-col--xs-first vce-col--sm-last vce-col--sm-first vce-col--md-last vce-col--lg-last vce-col--xl-last vce-col--md-first vce-col--lg-first vce-col--xl-first\" id=\"el-f79539ac\"><div class=\"vce-col-inner\" data-vce-do-apply=\"border margin background  el-f79539ac\"><div class=\"vce-col-content\" data-vce-element-content=\"true\" data-vce-do-apply=\"padding el-f79539ac\"><div class=\"vce-text-block\"><div class=\"vce-text-block-wrapper vce\" id=\"el-1ded0667\" data-vce-do-apply=\"all el-1ded0667\"><p class=\"p1\"><span class=\"s1\">Inkultum - Du 29\/10 au 26 novembre 2022&nbsp;<\/span><\/p>\n<p class=\"p1\"><strong>Samedi 29\/10<\/strong> - VERNISSAGE. performances &amp; concerts. 19h<\/p>\n<p class=\"p1\"><strong>Lundi 31\/10<\/strong> - Performance &amp; danse buto (sur r\u00e9servation)<\/p>\n<p class=\"p1\"><strong>Samedi 19\/10<\/strong> - rencontre \/\/\/ Barbara Schroeder<\/p>\n<p class=\"p1\"><strong>Samedi 26\/11<\/strong> - CL\u00d4TURE. rencontre &amp; signature \/\/\/ Olivier de Sagazan<\/p>\n<p class=\"p1\"><span style=\"text-align: center;\"><strong>Artistes :<\/strong> Virginie Barr\u00e9, G\u00fcnter Brus, Olivier de Sagazan, Des Averses, Iris Dickson, Christophe Doucet, Benoit Huot, Vincent Marco, Aur\u00e9lie Martinez, Olivier Paulin, Barbara Schroeder, Thomas Zurcher<\/span><\/p>\n<p class=\"p1\">2022, des relents de fin du monde : crainte d\u2019un conflit atomique, pand\u00e9mies, pollution, Big Data grand manitou omniscient, pauvret\u00e9, r\u00e9fugi\u00e9s climatiques... Voil\u00e0 le constat amer d\u2019un si\u00e8cle des Lumi\u00e8res qui vire \u00e0 l\u2019ultra noir. Alors que de la modernit\u00e9 nous sentons les limites, \u00e0 l\u2019\u00e8re o\u00f9 notre quotidien m\u00eame le plus insignifiant donne lieu \u00e0 collecte et analyse \u00e0 des fins de pr\u00e9dictions, cette exposition est le fruit d\u2019un regard ad marginem, d\u2019un pas de c\u00f4t\u00e9, d\u2019un cabotage entre des pratiques qui figurent des formes rituelles, questionnent les accents sacr\u00e9s de l\u2019acte de cr\u00e9ation et op\u00e8rent aux antipodes de la divination num\u00e9rique. Nulle affirmation d\u2019un pouvoir eucharistique ici, mais des artistes qui \u00e9prouvent leur propre cosmogonie, qui sanctuarisent des pratiques sciemment r\u00e9trospectives, des \u0153uvres ambig\u00fces, sur le fil, qui jouent la dualit\u00e9 et se gardent de toute interpr\u00e9tation univoque.<\/p>\n<p class=\"p1\">Commissariat tric\u00e9phale : Beno\u00eet Vallegra, Marc-Henri Garcia, Alice Cazaux<\/p>\n<p class=\"p1\">Avec le soutien de l'universit\u00e9 Bordeaux Montaigne et Les Arts au Mur<\/p><\/div><\/div><\/div><\/div><\/div><\/div><\/div><\/div>","protected":false},"excerpt":{"rendered":"<p>I N K\u00dcL TUM &#8211; 29.10.22 &#8211; 26.11.22 &nbsp;Inkultum &#8211; Du 29\/10 au 26 novembre 2022&nbsp; Samedi 29\/10 &#8211; VERNISSAGE. performances &amp; concerts. 19h Lundi 31\/10 &#8211; Performance&#8230;<\/p>\n","protected":false},"author":1,"featured_media":0,"parent":0,"menu_order":0,"comment_status":"closed","ping_status":"closed","template":"","meta":{"footnotes":""},"class_list":["post-1527","page","type-page","status-publish","hentry"],"_links":{"self":[{"href":"https:\/\/5un7.fr\/index.php\/wp-json\/wp\/v2\/pages\/1527","targetHints":{"allow":["GET"]}}],"collection":[{"href":"https:\/\/5un7.fr\/index.php\/wp-json\/wp\/v2\/pages"}],"about":[{"href":"https:\/\/5un7.fr\/index.php\/wp-json\/wp\/v2\/types\/page"}],"author":[{"embeddable":true,"href":"https:\/\/5un7.fr\/index.php\/wp-json\/wp\/v2\/users\/1"}],"replies":[{"embeddable":true,"href":"https:\/\/5un7.fr\/index.php\/wp-json\/wp\/v2\/comments?post=1527"}],"version-history":[{"count":6,"href":"https:\/\/5un7.fr\/index.php\/wp-json\/wp\/v2\/pages\/1527\/revisions"}],"predecessor-version":[{"id":1554,"href":"https:\/\/5un7.fr\/index.php\/wp-json\/wp\/v2\/pages\/1527\/revisions\/1554"}],"wp:attachment":[{"href":"https:\/\/5un7.fr\/index.php\/wp-json\/wp\/v2\/media?parent=1527"}],"curies":[{"name":"wp","href":"https:\/\/api.w.org\/{rel}","templated":true}]}}