{"id":1565,"date":"2023-02-25T17:18:39","date_gmt":"2023-02-25T17:18:39","guid":{"rendered":"https:\/\/5un7.fr\/?page_id=1565"},"modified":"2023-03-06T10:24:07","modified_gmt":"2023-03-06T10:24:07","slug":"sex-frames-4-valentin","status":"publish","type":"page","link":"https:\/\/5un7.fr\/index.php\/sex-frames-4-valentin\/","title":{"rendered":""},"content":{"rendered":"<div class=\"vce-row-container\" data-vce-boxed-width=\"true\"><div class=\"vce-row vce-row--col-gap-30 vce-row-equal-height vce-row-content--top\" id=\"el-a1381632\" data-vce-do-apply=\"all el-a1381632\"><div class=\"vce-row-content\" data-vce-element-content=\"true\"><div class=\"vce-col vce-col--md-auto vce-col--xs-1 vce-col--xs-last vce-col--xs-first vce-col--sm-last vce-col--sm-first vce-col--md-last vce-col--lg-last vce-col--xl-last vce-col--md-first vce-col--lg-first vce-col--xl-first\" id=\"el-e855e83b\"><div class=\"vce-col-inner\" data-vce-do-apply=\"border margin background  el-e855e83b\"><div class=\"vce-col-content\" data-vce-element-content=\"true\" data-vce-do-apply=\"padding el-e855e83b\"><div class=\"vce-text-block\"><div class=\"vce-text-block-wrapper vce\" id=\"el-8bc88f83\" data-vce-do-apply=\"all el-8bc88f83\"><p style=\"text-align: center;\"><strong>Sex Frames 4 Valentin - 14.02.23<\/strong><\/p>\n<p style=\"text-align: center;\">&nbsp;<\/p><\/div><\/div><\/div><\/div><\/div><\/div><\/div><\/div><div class=\"vce-row-container\" data-vce-boxed-width=\"true\"><div class=\"vce-row vce-row--col-gap-30 vce-row-equal-height vce-row-content--top\" id=\"el-2aad360f\" data-vce-do-apply=\"all el-2aad360f\"><div class=\"vce-row-content\" data-vce-element-content=\"true\"><div class=\"vce-col vce-col--md-auto vce-col--xs-1 vce-col--xs-last vce-col--xs-first vce-col--sm-last vce-col--sm-first vce-col--md-last vce-col--lg-last vce-col--xl-last vce-col--md-first vce-col--lg-first vce-col--xl-first\" id=\"el-6b12594c\"><div class=\"vce-col-inner\" data-vce-do-apply=\"border margin background  el-6b12594c\"><div class=\"vce-col-content\" data-vce-element-content=\"true\" data-vce-do-apply=\"padding el-6b12594c\"><div class=\"vce-single-image-container vce-single-image--align-left\"><div class=\"vce vce-single-image-wrapper\" id=\"el-fa3ea3cb\" data-vce-do-apply=\"all el-fa3ea3cb\"><figure><div class=\"vce-single-image-figure-inner\" style=\"width: 960px;\"><div class=\"vce-single-image-inner vce-single-image--absolute\" style=\"width: 100%; padding-bottom: 75%;\"><img loading=\"lazy\" decoding=\"async\" class=\"vce-single-image\"  width=\"960\" height=\"720\" srcset=\"https:\/\/5un7.fr\/wp-content\/uploads\/2023\/02\/Sex-Frames-4-Valentin-320x240.jpeg 320w, https:\/\/5un7.fr\/wp-content\/uploads\/2023\/02\/Sex-Frames-4-Valentin-480x360.jpeg 480w, https:\/\/5un7.fr\/wp-content\/uploads\/2023\/02\/Sex-Frames-4-Valentin-800x600.jpeg 800w, https:\/\/5un7.fr\/wp-content\/uploads\/2023\/03\/Sex-Frames-4-Valentin-960x720.jpeg 960w\" src=\"https:\/\/5un7.fr\/wp-content\/uploads\/2023\/03\/Sex-Frames-4-Valentin-960x720.jpeg\" data-img-src=\"https:\/\/5un7.fr\/wp-content\/uploads\/2023\/02\/Sex-Frames-4-Valentin.jpeg\" data-attachment-id=\"1563\"  alt=\"\" title=\"Sex Frames 4 Valentin\" \/><\/div><\/div><figcaption hidden=\"\"><\/figcaption><\/figure><\/div><\/div><\/div><\/div><\/div><\/div><\/div><\/div><div class=\"vce-row-container\" data-vce-boxed-width=\"true\"><div class=\"vce-row vce-row--col-gap-30 vce-row-equal-height vce-row-content--top\" id=\"el-5fd3a125\" data-vce-do-apply=\"all el-5fd3a125\"><div class=\"vce-row-content\" data-vce-element-content=\"true\"><div class=\"vce-col vce-col--md-auto vce-col--xs-1 vce-col--xs-last vce-col--xs-first vce-col--sm-last vce-col--sm-first vce-col--md-last vce-col--lg-last vce-col--xl-last vce-col--md-first vce-col--lg-first vce-col--xl-first\" id=\"el-ce7f2ee2\"><div class=\"vce-col-inner\" data-vce-do-apply=\"border margin background  el-ce7f2ee2\"><div class=\"vce-col-content\" data-vce-element-content=\"true\" data-vce-do-apply=\"padding el-ce7f2ee2\"><div class=\"vce vce-separator-container vce-separator--align-center vce-separator--style-solid\" id=\"el-307fed90\" data-vce-do-apply=\"margin el-307fed90\"><div class=\"vce-separator vce-separator--color-bfc0c1 vce-separator--width-60 vce-separator--thickness-1\" data-vce-do-apply=\"border padding background  el-307fed90\"><\/div><\/div><\/div><\/div><\/div><\/div><\/div><\/div><div class=\"vce-row-container\" data-vce-boxed-width=\"true\"><div class=\"vce-row vce-row--col-gap-30 vce-row-equal-height vce-row-content--top\" id=\"el-62c1f529\" data-vce-do-apply=\"all el-62c1f529\"><div class=\"vce-row-content\" data-vce-element-content=\"true\"><div class=\"vce-col vce-col--md-auto vce-col--xs-1 vce-col--xs-last vce-col--xs-first vce-col--sm-last vce-col--sm-first vce-col--md-last vce-col--lg-last vce-col--xl-last vce-col--md-first vce-col--lg-first vce-col--xl-first\" id=\"el-cff0a354\"><div class=\"vce-col-inner\" data-vce-do-apply=\"border margin background  el-cff0a354\"><div class=\"vce-col-content\" data-vce-element-content=\"true\" data-vce-do-apply=\"padding el-cff0a354\"><div class=\"vce-text-block\"><div class=\"vce-text-block-wrapper vce\" id=\"el-8ef96a00\" data-vce-do-apply=\"all el-8ef96a00\"><div dir=\"auto\"><p class=\"p1\"><span class=\"s1\">Jean-Charles RIGAUD peint depuis l'\u00e2ge de 12 ans, \u00e9bloui par les talents de dessinateur d\u2019un camarade de classe. Son cheminement cr\u00e9atif \u00e9volue depuis l'enfance entre peinture, musique, cin\u00e9ma et litt\u00e9rature. Chaque p\u00e9riode n\u00e9cessite un apprentissage sp\u00e9cifique. A celui du dessin et des couleurs succ\u00e8de les tentatives de composition litt\u00e9raires et musicales vite abandonn\u00e9es. A chaque fois, c'est le retour \u00e0 la peinture : la matrice. Depuis les ann\u00e9es 90, il ne cesse de faire \u00e9voluer son univers. Sa peinture devient plus abstraite dans les ann\u00e9es 97\/98, jusqu\u2019\u00e0 s'obstiner dans les nuances de blanc et des encres lav\u00e9es. L'exposition \u00ab Autour de Z\u00e9ro \u00bb \u00e0 Poitiers en sera le terminus qui entamera une crise profonde le faisant tout arr\u00eater pendant 10 ans. Il d\u00e9m\u00e9nage \u00e0 Bordeaux et commence \u00e0 tourner des films \u00ab sauvages \u00bb. 14 au total. Vers 2008\/2009, s'apercevant qu'il ne fait que peindre avec la cam\u00e9ra il retourne aux pinceaux et \u00e0 la toile. N'\u00e9tant pas un acharn\u00e9 de la reconnaissance sociale et allergique au th\u00e9\u00e2tre, ses rares expositions sont toutes li\u00e9es \u00e0 des rencontres : Bordeaux, avec Andr\u00e9 Lombardo, Barcelone, avec Mariana Martinez, Kyoto, avec Mai Araki, etc\u2026 Actuellement, Jean-Charles Rigaud continue \u00e0 vivre et peindre \u00e0 Bordeaux.<\/span><\/p><\/div><\/div><\/div><mci-extension data-role=\"overlay\" id=\"overlay-root\"><\/mci-extension><\/div><\/div><\/div><\/div><\/div><\/div>\n","protected":false},"excerpt":{"rendered":"<p>Sex Frames 4 Valentin &#8211; 14.02.23 &nbsp;Jean-Charles RIGAUD peint depuis l&rsquo;\u00e2ge de 12 ans, \u00e9bloui par les talents de dessinateur d\u2019un camarade de classe. Son cheminement cr\u00e9atif \u00e9volue&#8230;<\/p>\n","protected":false},"author":1,"featured_media":0,"parent":0,"menu_order":0,"comment_status":"closed","ping_status":"closed","template":"","meta":{"footnotes":""},"class_list":["post-1565","page","type-page","status-publish","hentry"],"_links":{"self":[{"href":"https:\/\/5un7.fr\/index.php\/wp-json\/wp\/v2\/pages\/1565","targetHints":{"allow":["GET"]}}],"collection":[{"href":"https:\/\/5un7.fr\/index.php\/wp-json\/wp\/v2\/pages"}],"about":[{"href":"https:\/\/5un7.fr\/index.php\/wp-json\/wp\/v2\/types\/page"}],"author":[{"embeddable":true,"href":"https:\/\/5un7.fr\/index.php\/wp-json\/wp\/v2\/users\/1"}],"replies":[{"embeddable":true,"href":"https:\/\/5un7.fr\/index.php\/wp-json\/wp\/v2\/comments?post=1565"}],"version-history":[{"count":3,"href":"https:\/\/5un7.fr\/index.php\/wp-json\/wp\/v2\/pages\/1565\/revisions"}],"predecessor-version":[{"id":1592,"href":"https:\/\/5un7.fr\/index.php\/wp-json\/wp\/v2\/pages\/1565\/revisions\/1592"}],"wp:attachment":[{"href":"https:\/\/5un7.fr\/index.php\/wp-json\/wp\/v2\/media?parent=1565"}],"curies":[{"name":"wp","href":"https:\/\/api.w.org\/{rel}","templated":true}]}}