{"id":1575,"date":"2023-02-25T18:03:33","date_gmt":"2023-02-25T18:03:33","guid":{"rendered":"https:\/\/5un7.fr\/?page_id=1575"},"modified":"2023-03-06T12:56:58","modified_gmt":"2023-03-06T12:56:58","slug":"rozochka","status":"publish","type":"page","link":"https:\/\/5un7.fr\/index.php\/rozochka\/","title":{"rendered":""},"content":{"rendered":"<div class=\"vce-row-container\" data-vce-boxed-width=\"true\"><div class=\"vce-row vce-row--col-gap-30 vce-row-equal-height vce-row-content--top\" id=\"el-18baa764\" data-vce-do-apply=\"all el-18baa764\"><div class=\"vce-row-content\" data-vce-element-content=\"true\"><div class=\"vce-col vce-col--md-auto vce-col--xs-1 vce-col--xs-last vce-col--xs-first vce-col--sm-last vce-col--sm-first vce-col--md-last vce-col--lg-last vce-col--xl-last vce-col--md-first vce-col--lg-first vce-col--xl-first\" id=\"el-035d8fd6\"><div class=\"vce-col-inner\" data-vce-do-apply=\"border margin background  el-035d8fd6\"><div class=\"vce-col-content\" data-vce-element-content=\"true\" data-vce-do-apply=\"padding el-035d8fd6\"><div class=\"vce-text-block\"><div class=\"vce-text-block-wrapper vce\" id=\"el-3f9bbe45\" data-vce-do-apply=\"all el-3f9bbe45\"><p style=\"text-align: center;\"><strong>ROZOCHKA&nbsp; - 15.12.22 - 15.01.23<\/strong><\/p>\n<p style=\"text-align: center;\">&nbsp;<\/p><\/div><\/div><\/div><\/div><\/div><\/div><\/div><\/div><div class=\"vce-row-container\" data-vce-boxed-width=\"true\"><div class=\"vce-row vce-row--col-gap-30 vce-row-equal-height vce-row-content--top\" id=\"el-8ef25d2d\" data-vce-do-apply=\"all el-8ef25d2d\"><div class=\"vce-row-content\" data-vce-element-content=\"true\"><div class=\"vce-col vce-col--md-auto vce-col--xs-1 vce-col--xs-last vce-col--xs-first vce-col--sm-last vce-col--sm-first vce-col--md-last vce-col--lg-last vce-col--xl-last vce-col--md-first vce-col--lg-first vce-col--xl-first\" id=\"el-77e0c1bb\"><div class=\"vce-col-inner\" data-vce-do-apply=\"border margin background  el-77e0c1bb\"><div class=\"vce-col-content\" data-vce-element-content=\"true\" data-vce-do-apply=\"padding el-77e0c1bb\"><div class=\"vce-single-image-container vce-single-image--align-left\"><div class=\"vce vce-single-image-wrapper\" id=\"el-cc11b216\" data-vce-do-apply=\"all el-cc11b216\"><figure><div class=\"vce-single-image-figure-inner\" style=\"width: 724px;\"><div class=\"vce-single-image-inner vce-single-image--absolute\" style=\"width: 100%; padding-bottom: 141.436%;\"><img loading=\"lazy\" decoding=\"async\" class=\"vce-single-image\"  width=\"724\" height=\"1024\" srcset=\"https:\/\/5un7.fr\/wp-content\/uploads\/2023\/02\/Rozochka-724x1024.jpeg 724w, https:\/\/5un7.fr\/wp-content\/uploads\/2023\/02\/Rozochka-320x453.jpeg 320w, https:\/\/5un7.fr\/wp-content\/uploads\/2023\/02\/Rozochka-480x679.jpeg 480w, https:\/\/5un7.fr\/wp-content\/uploads\/2023\/02\/Rozochka-800x1131.jpeg 800w, https:\/\/5un7.fr\/wp-content\/uploads\/2023\/03\/Rozochka-1448x2048.jpeg 2x\" src=\"https:\/\/5un7.fr\/wp-content\/uploads\/2023\/02\/Rozochka-724x1024.jpeg\" data-img-src=\"https:\/\/5un7.fr\/wp-content\/uploads\/2023\/02\/Rozochka.jpeg\" data-attachment-id=\"1571\"  alt=\"\" title=\"Rozochka\" \/><\/div><\/div><figcaption hidden=\"\"><\/figcaption><\/figure><\/div><\/div><div class=\"vce-text-block\"><div class=\"vce-text-block-wrapper vce\" id=\"el-d9f07833\" data-vce-do-apply=\"all el-d9f07833\"><\/div><\/div><div class=\"vce-image-gallery vce-image-gallery--gap-10 vce-image-gallery--columns-3\"><div class=\"vce-image-gallery-wrapper vce\" id=\"el-c32386da\" data-vce-do-apply=\"all el-c32386da\"><div class=\"vce-image-gallery-list\"><div class=\"vce-image-gallery-item\"><figure class=\"vce-image-gallery-item-inner-wrapper\"><a href=\"https:\/\/5un7.fr\/wp-content\/uploads\/2023\/03\/ROZOCHKA.1-scaled.jpg\" data-lightbox=\"lightbox-c32386da\" class=\"vce-image-gallery-item-inner\"><img decoding=\"async\" class=\"vce-image-gallery-img vce-image-gallery-img--orientation-portrait\" src=\"https:\/\/5un7.fr\/wp-content\/uploads\/2023\/03\/ROZOCHKA.1-768x1024.jpg\" alt=\"\" title=\"ROZOCHKA.1\"><\/a><\/figure><\/div><div class=\"vce-image-gallery-item\"><figure class=\"vce-image-gallery-item-inner-wrapper\"><a href=\"https:\/\/5un7.fr\/wp-content\/uploads\/2023\/03\/ROZOCHKA.2-scaled.jpg\" data-lightbox=\"lightbox-c32386da\" class=\"vce-image-gallery-item-inner\"><img decoding=\"async\" class=\"vce-image-gallery-img vce-image-gallery-img--orientation-portrait\" src=\"https:\/\/5un7.fr\/wp-content\/uploads\/2023\/03\/ROZOCHKA.2-687x1024.jpg\" alt=\"\" title=\"ROZOCHKA.2\"><\/a><\/figure><\/div><div class=\"vce-image-gallery-item\"><figure class=\"vce-image-gallery-item-inner-wrapper\"><a href=\"https:\/\/5un7.fr\/wp-content\/uploads\/2023\/03\/ROZOCHKA.3-scaled.jpg\" data-lightbox=\"lightbox-c32386da\" class=\"vce-image-gallery-item-inner\"><img decoding=\"async\" class=\"vce-image-gallery-img\" src=\"https:\/\/5un7.fr\/wp-content\/uploads\/2023\/03\/ROZOCHKA.3-1024x768.jpg\" alt=\"\" title=\"ROZOCHKA.3\"><\/a><\/figure><\/div><div class=\"vce-image-gallery-item\"><figure class=\"vce-image-gallery-item-inner-wrapper\"><a href=\"https:\/\/5un7.fr\/wp-content\/uploads\/2023\/03\/ROZOCHKA.4-scaled.jpg\" data-lightbox=\"lightbox-c32386da\" class=\"vce-image-gallery-item-inner\"><img decoding=\"async\" class=\"vce-image-gallery-img vce-image-gallery-img--orientation-portrait\" src=\"https:\/\/5un7.fr\/wp-content\/uploads\/2023\/03\/ROZOCHKA.4-695x1024.jpg\" alt=\"\" title=\"ROZOCHKA.4\"><\/a><\/figure><\/div><div class=\"vce-image-gallery-item\"><figure class=\"vce-image-gallery-item-inner-wrapper\"><a href=\"https:\/\/5un7.fr\/wp-content\/uploads\/2023\/03\/ROZOCHKA.5-scaled.jpg\" data-lightbox=\"lightbox-c32386da\" class=\"vce-image-gallery-item-inner\"><img decoding=\"async\" class=\"vce-image-gallery-img vce-image-gallery-img--orientation-portrait\" src=\"https:\/\/5un7.fr\/wp-content\/uploads\/2023\/03\/ROZOCHKA.5-768x1024.jpg\" alt=\"\" title=\"ROZOCHKA.5\"><\/a><\/figure><\/div><div class=\"vce-image-gallery-item\"><figure class=\"vce-image-gallery-item-inner-wrapper\"><a href=\"https:\/\/5un7.fr\/wp-content\/uploads\/2023\/03\/ROZOCHKA.6-scaled.jpg\" data-lightbox=\"lightbox-c32386da\" class=\"vce-image-gallery-item-inner\"><img decoding=\"async\" class=\"vce-image-gallery-img vce-image-gallery-img--orientation-portrait\" src=\"https:\/\/5un7.fr\/wp-content\/uploads\/2023\/03\/ROZOCHKA.6-768x1024.jpg\" alt=\"\" title=\"ROZOCHKA.6\"><\/a><\/figure><\/div><\/div><\/div><\/div><\/div><\/div><\/div><\/div><\/div><\/div><div class=\"vce-row-container\" data-vce-boxed-width=\"true\"><div class=\"vce-row vce-row--col-gap-30 vce-row-equal-height vce-row-content--top\" id=\"el-821f3d99\" data-vce-do-apply=\"all el-821f3d99\"><div class=\"vce-row-content\" data-vce-element-content=\"true\"><div class=\"vce-col vce-col--md-auto vce-col--xs-1 vce-col--xs-last vce-col--xs-first vce-col--sm-last vce-col--sm-first vce-col--md-last vce-col--lg-last vce-col--xl-last vce-col--md-first vce-col--lg-first vce-col--xl-first\" id=\"el-9f81d2e6\"><div class=\"vce-col-inner\" data-vce-do-apply=\"border margin background  el-9f81d2e6\"><div class=\"vce-col-content\" data-vce-element-content=\"true\" data-vce-do-apply=\"padding el-9f81d2e6\"><div class=\"vce vce-separator-container vce-separator--align-center vce-separator--style-solid\" id=\"el-c6414229\" data-vce-do-apply=\"margin el-c6414229\"><div class=\"vce-separator vce-separator--color-bfc0c1 vce-separator--width-60 vce-separator--thickness-1\" data-vce-do-apply=\"border padding background  el-c6414229\"><\/div><\/div><\/div><\/div><\/div><\/div><\/div><\/div><div class=\"vce-row-container\" data-vce-boxed-width=\"true\"><div class=\"vce-row vce-row--col-gap-30 vce-row-equal-height vce-row-content--top\" id=\"el-1b8d4b30\" data-vce-do-apply=\"all el-1b8d4b30\"><div class=\"vce-row-content\" data-vce-element-content=\"true\"><div class=\"vce-col vce-col--md-auto vce-col--xs-1 vce-col--xs-last vce-col--xs-first vce-col--sm-last vce-col--sm-first vce-col--md-last vce-col--lg-last vce-col--xl-last vce-col--md-first vce-col--lg-first vce-col--xl-first\" id=\"el-2ec017f0\"><div class=\"vce-col-inner\" data-vce-do-apply=\"border margin background  el-2ec017f0\"><div class=\"vce-col-content\" data-vce-element-content=\"true\" data-vce-do-apply=\"padding el-2ec017f0\"><div class=\"vce-text-block\"><div class=\"vce-text-block-wrapper vce\" id=\"el-4618fafb\" data-vce-do-apply=\"all el-4618fafb\"><p>\/\/ROZOCHKA\/\/ 15.12.22 au 15.01.23<\/p>\n<p>Suite a l'exposition VANITAS r\u00e9alis\u00e9e en partenariat avec l'Universit\u00e9 Bordeaux Montaigne au mois de d\u00e9cembre 2021, nous renouvelons l'exp\u00e9rience en vous proposant cette fois-ci l'exposition ROZOCHKA ou PO3OYKA qui signifie rose ou tesson de bouteille en langue slave. l'id\u00e9e premi\u00e8re de cette empirie collective et collaborative est de partager avec les \u00e9tudiant(e)s l'exp\u00e9rience de la r\u00e9alisation d'une exposition sur le theme : Avoir 20 ans en 2022, quelle vanit\u00e9 ? C'est le sujet qu'ont choisi Richard Leeman et les 23 \u00e9tudiantes de la section Art plastique du Master de la facult\u00e9 Bordeaux Montaigne. ROZOCHKA \/ PO3OYKA \/ 15\/12_15\/01 Avoir 20 ans en 2022 c'est \u00eatre confront\u00e9e \u00e0 la violence, \u00e0 la brutalit\u00e9 qui est omnipr\u00e9sente. Les libert\u00e9s individuelles de plus en plus bafou\u00e9es, la mont\u00e9e des extr\u00eames, une pr\u00e9carit\u00e9 de plus en plus forte, des guerres qui \u00e9clatent ou s'\u00e9ternisent aux quatre coins du globe, une plan\u00e8te asphyxi\u00e9e. Avoir 20 ans en 2022 c'est se sentir fragile, se sentir seule, se sentir jug\u00e9e par la soci\u00e9t\u00e9, se cr\u00e9er un personnage pour exister dans un monde d'apparences. Avoir 20 ans en 2022 c'est transformer cette fragilit\u00e9 en force, en acte de r\u00e9sistance face au monde actuel. Avoir 20 ans en 2022 c'est se battre pour nos droits. Avoir 20 ans en 2022 c'est transmettre des r\u00e9cits de vuln\u00e9rabilit\u00e9 et de pers\u00e9v\u00e9rance, c'est partager des t\u00e9moignages de r\u00e9sistance. Avoir 20 ans en 2022 c'est attirer l'attention sur notre statut de mortel en r\u00e9bellion. Avoir 20 ans en 2022 c'est Rozochka ! Avoir 20 ans en 2022 c'est faire allusion \u00e0 ce mot Russe qui signifie tesson de bouteille ou rose \u00e9pineuse et qui est devenu la seule arme des combattantes d\u00e9sarm\u00e9es. Alors peut \u00eatre enfin en 2023, des bouteilles bris\u00e9es bourgeonneront des fleurs de soie.<\/p>\n<p>&nbsp;<\/p>\n<p>En remerciant le service culturel et le P\u00f4le recherche de l'Universit\u00e9 de Bordeaux pour son aimable contribution au projet.&nbsp;<\/p><\/div><\/div><mci-extension data-role=\"overlay\" id=\"overlay-root\"><\/mci-extension><\/div><\/div><\/div><\/div><\/div><\/div>\n","protected":false},"excerpt":{"rendered":"<p>ROZOCHKA&nbsp; &#8211; 15.12.22 &#8211; 15.01.23 &nbsp;\/\/ROZOCHKA\/\/ 15.12.22 au 15.01.23 Suite a l&rsquo;exposition VANITAS r\u00e9alis\u00e9e en partenariat avec l&rsquo;Universit\u00e9 Bordeaux Montaigne au mois de d\u00e9cembre 2021, nous renouvelons l&rsquo;exp\u00e9rience&#8230;<\/p>\n","protected":false},"author":1,"featured_media":0,"parent":0,"menu_order":0,"comment_status":"closed","ping_status":"closed","template":"","meta":{"footnotes":""},"class_list":["post-1575","page","type-page","status-publish","hentry"],"_links":{"self":[{"href":"https:\/\/5un7.fr\/index.php\/wp-json\/wp\/v2\/pages\/1575","targetHints":{"allow":["GET"]}}],"collection":[{"href":"https:\/\/5un7.fr\/index.php\/wp-json\/wp\/v2\/pages"}],"about":[{"href":"https:\/\/5un7.fr\/index.php\/wp-json\/wp\/v2\/types\/page"}],"author":[{"embeddable":true,"href":"https:\/\/5un7.fr\/index.php\/wp-json\/wp\/v2\/users\/1"}],"replies":[{"embeddable":true,"href":"https:\/\/5un7.fr\/index.php\/wp-json\/wp\/v2\/comments?post=1575"}],"version-history":[{"count":5,"href":"https:\/\/5un7.fr\/index.php\/wp-json\/wp\/v2\/pages\/1575\/revisions"}],"predecessor-version":[{"id":1606,"href":"https:\/\/5un7.fr\/index.php\/wp-json\/wp\/v2\/pages\/1575\/revisions\/1606"}],"wp:attachment":[{"href":"https:\/\/5un7.fr\/index.php\/wp-json\/wp\/v2\/media?parent=1575"}],"curies":[{"name":"wp","href":"https:\/\/api.w.org\/{rel}","templated":true}]}}