{"id":1585,"date":"2023-03-01T09:53:10","date_gmt":"2023-03-01T09:53:10","guid":{"rendered":"https:\/\/5un7.fr\/?page_id=1585"},"modified":"2023-04-01T15:15:02","modified_gmt":"2023-04-01T15:15:02","slug":"post-lust","status":"publish","type":"page","link":"https:\/\/5un7.fr\/index.php\/post-lust\/","title":{"rendered":""},"content":{"rendered":"<div class=\"vce-row-container\" data-vce-boxed-width=\"true\"><div class=\"vce-row vce-row--col-gap-30 vce-row-equal-height vce-row-content--top\" id=\"el-a66eba71\" data-vce-do-apply=\"all el-a66eba71\"><div class=\"vce-row-content\" data-vce-element-content=\"true\"><div class=\"vce-col vce-col--md-auto vce-col--xs-1 vce-col--xs-last vce-col--xs-first vce-col--sm-last vce-col--sm-first vce-col--md-last vce-col--lg-last vce-col--xl-last vce-col--md-first vce-col--lg-first vce-col--xl-first\" id=\"el-c8060729\"><div class=\"vce-col-inner\" data-vce-do-apply=\"border margin background  el-c8060729\"><div class=\"vce-col-content\" data-vce-element-content=\"true\" data-vce-do-apply=\"padding el-c8060729\"><div class=\"vce-text-block\"><div class=\"vce-text-block-wrapper vce\" id=\"el-a71ef6ba\" data-vce-do-apply=\"all el-a71ef6ba\"><p style=\"text-align: center;\"><span style=\"font-family: arial, helvetica, sans-serif;\"><strong>Post - Lust - 18<\/strong><strong>.03.23 \/ 15.04.23<\/strong><\/span><\/p>\n<p style=\"text-align: center;\">&nbsp;<\/p><\/div><\/div><mci-extension data-role=\"overlay\" id=\"overlay-root\"><\/mci-extension><\/div><\/div><\/div><\/div><\/div><\/div><div class=\"vce-row-container\" data-vce-boxed-width=\"true\"><div class=\"vce-row vce-row--col-gap-30 vce-row-equal-height vce-row-content--top\" id=\"el-25d0ef83\" data-vce-do-apply=\"all el-25d0ef83\"><div class=\"vce-row-content\" data-vce-element-content=\"true\"><div class=\"vce-col vce-col--md-auto vce-col--xs-1 vce-col--xs-last vce-col--xs-first vce-col--sm-last vce-col--sm-first vce-col--md-last vce-col--lg-last vce-col--xl-last vce-col--md-first vce-col--lg-first vce-col--xl-first\" id=\"el-719fef3f\"><div class=\"vce-col-inner\" data-vce-do-apply=\"border margin background  el-719fef3f\"><div class=\"vce-col-content\" data-vce-element-content=\"true\" data-vce-do-apply=\"padding el-719fef3f\"><div class=\"vce-single-image-container vce-single-image--align-left\"><div class=\"vce vce-single-image-wrapper\" id=\"el-d5a3f7f8\" data-vce-do-apply=\"all el-d5a3f7f8\"><figure><div class=\"vce-single-image-figure-inner\" style=\"width: 960px;\"><div class=\"vce-single-image-inner vce-single-image--absolute\" style=\"width: 100%; padding-bottom: 100%;\"><img loading=\"lazy\" decoding=\"async\" class=\"vce-single-image\"  width=\"960\" height=\"960\" srcset=\"https:\/\/5un7.fr\/wp-content\/uploads\/2023\/03\/Post-Lust-5un7-M.Minot-A.Anium_-320x320.jpeg 320w, https:\/\/5un7.fr\/wp-content\/uploads\/2023\/03\/Post-Lust-5un7-M.Minot-A.Anium_-480x480.jpeg 480w, https:\/\/5un7.fr\/wp-content\/uploads\/2023\/03\/Post-Lust-5un7-M.Minot-A.Anium_-800x800.jpeg 800w, https:\/\/5un7.fr\/wp-content\/uploads\/2023\/04\/Post-Lust-5un7-M.Minot-A.Anium_-960x960.jpeg 960w\" src=\"https:\/\/5un7.fr\/wp-content\/uploads\/2023\/04\/Post-Lust-5un7-M.Minot-A.Anium_-960x960.jpeg\" data-img-src=\"https:\/\/5un7.fr\/wp-content\/uploads\/2023\/03\/Post-Lust-5un7-M.Minot-A.Anium_.jpeg\" data-attachment-id=\"1580\"  alt=\"\" title=\"Post - Lust - 5un7 - M.Minot - A.Anium\" \/><\/div><\/div><figcaption hidden=\"\"><\/figcaption><\/figure><\/div><\/div><div class=\"vce-text-block\"><div class=\"vce-text-block-wrapper vce\" id=\"el-a5d55ec4\" data-vce-do-apply=\"all el-a5d55ec4\"><\/div><\/div><div class=\"vce-image-gallery vce-image-gallery--gap-10 vce-image-gallery--columns-3\"><div class=\"vce-image-gallery-wrapper vce\" id=\"el-4235a9c3\" data-vce-do-apply=\"all el-4235a9c3\"><div class=\"vce-image-gallery-list\"><div class=\"vce-image-gallery-item\"><figure class=\"vce-image-gallery-item-inner-wrapper\"><a href=\"https:\/\/5un7.fr\/wp-content\/uploads\/2023\/03\/prise-de-vue-expo-2-1-scaled.jpg\" data-lightbox=\"lightbox-4235a9c3\" class=\"vce-image-gallery-item-inner\"><img decoding=\"async\" class=\"vce-image-gallery-img\" src=\"https:\/\/5un7.fr\/wp-content\/uploads\/2023\/03\/prise-de-vue-expo-2-1-1024x787.jpg\" alt=\"\" title=\"prise de vue expo 2\"><\/a><\/figure><\/div><div class=\"vce-image-gallery-item\"><figure class=\"vce-image-gallery-item-inner-wrapper\"><a href=\"https:\/\/5un7.fr\/wp-content\/uploads\/2023\/03\/prise-de-vue-expo-9-scaled.jpg\" data-lightbox=\"lightbox-4235a9c3\" class=\"vce-image-gallery-item-inner\"><img decoding=\"async\" class=\"vce-image-gallery-img vce-image-gallery-img--orientation-portrait\" src=\"https:\/\/5un7.fr\/wp-content\/uploads\/2023\/03\/prise-de-vue-expo-9-768x1024.jpg\" alt=\"\" title=\"prise de vue expo 9\"><\/a><\/figure><\/div><div class=\"vce-image-gallery-item\"><figure class=\"vce-image-gallery-item-inner-wrapper\"><a href=\"https:\/\/5un7.fr\/wp-content\/uploads\/2023\/03\/prise-de-vue-expo-6-scaled.jpg\" data-lightbox=\"lightbox-4235a9c3\" class=\"vce-image-gallery-item-inner\"><img decoding=\"async\" class=\"vce-image-gallery-img\" src=\"https:\/\/5un7.fr\/wp-content\/uploads\/2023\/03\/prise-de-vue-expo-6-1024x768.jpg\" alt=\"\" title=\"prise de vue expo 6\"><\/a><\/figure><\/div><div class=\"vce-image-gallery-item\"><figure class=\"vce-image-gallery-item-inner-wrapper\"><a href=\"https:\/\/5un7.fr\/wp-content\/uploads\/2023\/03\/5.jpg\" data-lightbox=\"lightbox-4235a9c3\" class=\"vce-image-gallery-item-inner\"><img decoding=\"async\" class=\"vce-image-gallery-img vce-image-gallery-img--orientation-portrait\" src=\"https:\/\/5un7.fr\/wp-content\/uploads\/2023\/03\/5-825x1024.jpg\" alt=\"\" title=\"5\"><\/a><\/figure><\/div><div class=\"vce-image-gallery-item\"><figure class=\"vce-image-gallery-item-inner-wrapper\"><a href=\"https:\/\/5un7.fr\/wp-content\/uploads\/2023\/03\/6.jpg\" data-lightbox=\"lightbox-4235a9c3\" class=\"vce-image-gallery-item-inner\"><img decoding=\"async\" class=\"vce-image-gallery-img vce-image-gallery-img--orientation-portrait\" src=\"https:\/\/5un7.fr\/wp-content\/uploads\/2023\/03\/6-815x1024.jpg\" alt=\"\" title=\"Post Lust_6\"><\/a><\/figure><\/div><div class=\"vce-image-gallery-item\"><figure class=\"vce-image-gallery-item-inner-wrapper\"><a href=\"https:\/\/5un7.fr\/wp-content\/uploads\/2023\/03\/10-scaled.jpg\" data-lightbox=\"lightbox-4235a9c3\" class=\"vce-image-gallery-item-inner\"><img decoding=\"async\" class=\"vce-image-gallery-img vce-image-gallery-img--orientation-portrait\" src=\"https:\/\/5un7.fr\/wp-content\/uploads\/2023\/03\/10-768x1024.jpg\" alt=\"\" title=\"Post Lust_10\"><\/a><\/figure><\/div><div class=\"vce-image-gallery-item\"><figure class=\"vce-image-gallery-item-inner-wrapper\"><a href=\"https:\/\/5un7.fr\/wp-content\/uploads\/2023\/03\/12-scaled.jpg\" data-lightbox=\"lightbox-4235a9c3\" class=\"vce-image-gallery-item-inner\"><img decoding=\"async\" class=\"vce-image-gallery-img vce-image-gallery-img--orientation-portrait\" src=\"https:\/\/5un7.fr\/wp-content\/uploads\/2023\/03\/12-768x1024.jpg\" alt=\"\" title=\"Post Lust_12\"><\/a><\/figure><\/div><div class=\"vce-image-gallery-item\"><figure class=\"vce-image-gallery-item-inner-wrapper\"><a href=\"https:\/\/5un7.fr\/wp-content\/uploads\/2023\/03\/14-scaled.jpg\" data-lightbox=\"lightbox-4235a9c3\" class=\"vce-image-gallery-item-inner\"><img decoding=\"async\" class=\"vce-image-gallery-img vce-image-gallery-img--orientation-portrait\" src=\"https:\/\/5un7.fr\/wp-content\/uploads\/2023\/03\/14-768x1024.jpg\" alt=\"\" title=\"Post Lust_14\"><\/a><\/figure><\/div><div class=\"vce-image-gallery-item\"><figure class=\"vce-image-gallery-item-inner-wrapper\"><a href=\"https:\/\/5un7.fr\/wp-content\/uploads\/2023\/03\/2-scaled.jpg\" data-lightbox=\"lightbox-4235a9c3\" class=\"vce-image-gallery-item-inner\"><img decoding=\"async\" class=\"vce-image-gallery-img vce-image-gallery-img--orientation-portrait\" src=\"https:\/\/5un7.fr\/wp-content\/uploads\/2023\/03\/2-768x1024.jpg\" alt=\"\" title=\"Post Lust_2\"><\/a><\/figure><\/div><\/div><\/div><\/div><\/div><\/div><\/div><\/div><\/div><\/div><div class=\"vce-row-container\" data-vce-boxed-width=\"true\"><div class=\"vce-row vce-row--col-gap-30 vce-row-equal-height vce-row-content--top\" id=\"el-89756933\" data-vce-do-apply=\"all el-89756933\"><div class=\"vce-row-content\" data-vce-element-content=\"true\"><div class=\"vce-col vce-col--md-auto vce-col--xs-1 vce-col--xs-last vce-col--xs-first vce-col--sm-last vce-col--sm-first vce-col--md-last vce-col--lg-last vce-col--xl-last vce-col--md-first vce-col--lg-first vce-col--xl-first\" id=\"el-743672b9\"><div class=\"vce-col-inner\" data-vce-do-apply=\"border margin background  el-743672b9\"><div class=\"vce-col-content\" data-vce-element-content=\"true\" data-vce-do-apply=\"padding el-743672b9\"><div class=\"vce vce-separator-container vce-separator--align-center vce-separator--style-solid\" id=\"el-b73ae326\" data-vce-do-apply=\"margin el-b73ae326\"><div class=\"vce-separator vce-separator--color-bfc0c1 vce-separator--width-60 vce-separator--thickness-1\" data-vce-do-apply=\"border padding background  el-b73ae326\"><\/div><\/div><\/div><\/div><\/div><\/div><\/div><\/div><div class=\"vce-row-container\" data-vce-boxed-width=\"true\"><div class=\"vce-row vce-row--col-gap-30 vce-row-equal-height vce-row-content--top\" id=\"el-1277a221\" data-vce-do-apply=\"all el-1277a221\"><div class=\"vce-content-background-container\"><\/div><div class=\"vce-row-content\" data-vce-element-content=\"true\"><div class=\"vce-col vce-col--md-auto vce-col--xs-1 vce-col--xs-last vce-col--xs-first vce-col--sm-last vce-col--sm-first vce-col--md-last vce-col--lg-last vce-col--xl-last vce-col--md-first vce-col--lg-first vce-col--xl-first\" id=\"el-118a9b02\"><div class=\"vce-col-inner\" data-vce-do-apply=\"border margin background  el-118a9b02\"><div class=\"vce-col-content\" data-vce-element-content=\"true\" data-vce-do-apply=\"padding el-118a9b02\"><div class=\"vce-text-block\"><div class=\"vce-text-block-wrapper vce\" id=\"el-55978304\" data-vce-do-apply=\"all el-55978304\"><div class=\"x11i5rnm xat24cr x1mh8g0r x1vvkbs xdj266r\"><strong>Post Lust <\/strong>- 18.03.23 au 15.04.23<\/div>\n<div>&nbsp;<\/div>\n<div>\n<div>\n<div class=\"x11i5rnm xat24cr x1mh8g0r x1vvkbs xdj266r\" style=\"margin: 0px; overflow-wrap: break-word; font-family: system-ui, -apple-system, 'system-ui', '.SFNSText-Regular', sans-serif; color: #050505; font-size: 15px;\">Ritournelle post-romantique, post-\u00e9bat, \u00abpost luxure\u00bb, les \u0153uvres choisies pour cette nouvelle exposition du 5UN7 \u00e9voluent dans un 90'sth\u00e9tisme ambiant auquel pourrait \u00eatre accol\u00e9 le n\u00e9ologisme \u00ab sea-grunge \u00bb.<\/div>\n<div class=\"x11i5rnm xat24cr x1mh8g0r x1vvkbs xdj266r\" style=\"margin: 0px; overflow-wrap: break-word; font-family: system-ui, -apple-system, 'system-ui', '.SFNSText-Regular', sans-serif; color: #050505; font-size: 15px;\"><br>Comme l\u2019\u00e9vocation d'une entrevue \u00e9ph\u00e9m\u00e8re, d'un face-\u00e0-face artistique troublant et troubl\u00e9, comme des personnages tout droit sortis d'un film de Larry Clark, rien ne les attache, tout les retient. Origines, pratiques, d\u00e9sirs, fantasmes s'imbriquent et s'objectent dans les travaux de Marie Minot et Arthur Anium. Ils se font \u00e9cho et en des regards crois\u00e9s, des regards d\u00e9cal\u00e9s, parviennent par leur polyphonie \u00e0 faire sens dans cette proposition exp\u00e9rimentale.<\/div>\n<div class=\"x11i5rnm xat24cr x1mh8g0r x1vvkbs xtlvy1s\" style=\"margin: 0.5em 0px 0px; overflow-wrap: break-word; font-family: system-ui, -apple-system, 'system-ui', '.SFNSText-Regular', sans-serif; color: #050505; font-size: 15px;\">Marie Minot \u00e9volue avec une aisance singuli\u00e8re et d\u00e9complex\u00e9e, exploitant l\u2019image du corps publicitaire qu'elle d\u00e9mythifie dans une pratique li\u00e9e \u00e0 la photographie et aux arts plastiques. Depuis 2010, son travail s'inscrit dans un parcours artistique initi\u00e9 \u00e0 l\u2019\u00c9cole des Beaux-Arts de Bordeaux.<br>V\u00e9nus vaporeuse f\u00e9rue de mode et de cin\u00e9ma, elle pr\u00e9pare son premier solo show pour le printemps \u00e0 la Galerie Des Remparts de Bordeaux.<\/div>\n<div class=\"x11i5rnm xat24cr x1mh8g0r x1vvkbs xtlvy1s\" style=\"margin: 0.5em 0px 0px; overflow-wrap: break-word; font-family: system-ui, -apple-system, 'system-ui', '.SFNSText-Regular', sans-serif; color: #050505; font-size: 15px;\">Arthur Anium jeune homme sensible biberonn\u00e9 aux albums de Kurt Cobain et Thom Yorke, apr\u00e8s quelques ann\u00e9es pass\u00e9es sur les bancs de la facult\u00e9 Michel de Montaigne \u00e0 Bordeaux, a form\u00e9 son go\u00fbt pour les arts plastiques et la photographie. Il se r\u00e9v\u00e8le en 2020 au travers d'expositions collectives \u00e0 la galerie 5UN7. Ses \u0153uvres s'inspirent de son go\u00fbt certain et de sa pratique confirm\u00e9e pour le graphisme et la musique.<\/div>\n<div class=\"x11i5rnm xat24cr x1mh8g0r x1vvkbs xtlvy1s\" style=\"margin: 0.5em 0px 0px; overflow-wrap: break-word; font-family: system-ui, -apple-system, 'system-ui', '.SFNSText-Regular', sans-serif; color: #050505; font-size: 15px;\">Sun Burst, Suicide Girls, Grunge Tracks and Drug Romance sont les topiques de cette photo plasticienne compos\u00e9e de collages adolescents fa\u00e7on Teenage Riot. Figures \u00e9vanescentes, fleurs et mots automates, viennent dans cet espace sensoriel faire l'apologie d'une image sensuelle d\u00e9sarticul\u00e9e, recompos\u00e9e, reformul\u00e9e et filtr\u00e9e \u00e0 l'infini.<\/div>\n<div class=\"x11i5rnm xat24cr x1mh8g0r x1vvkbs xtlvy1s\" style=\"margin: 0.5em 0px 0px; overflow-wrap: break-word; font-family: system-ui, -apple-system, 'system-ui', '.SFNSText-Regular', sans-serif; color: #050505; font-size: 15px;\">Somme toute un travail d\u00e9di\u00e9 aux coeurs \u00e0 vif et autres Emo kids qui se souviennent encore de leurs premiers \u00e9mois sur Closer chez le dentiste.<br>Telles des images d\u2019\u00c9pinal, les \u0153uvres s'entrecroisent, se regardent, s'interpellent, s'objectent. Elles suscitent \u00e9moustillements, d\u00e9samours comme autant d\u2019\u00e9chos \u00e0 nos propres tourments.<\/div>\n<div class=\"x11i5rnm xat24cr x1mh8g0r x1vvkbs xtlvy1s\" style=\"margin: 0.5em 0px 0px; overflow-wrap: break-word; font-family: system-ui, -apple-system, 'system-ui', '.SFNSText-Regular', sans-serif; color: #050505; font-size: 15px;\">L'image se r\u00e9fl\u00e9chit et fait r\u00e9flexion. Polys\u00e9mique, elle se comprend tour \u00e0 tour comme transmission s\u00e9mantique galvaud\u00e9e puis sublim\u00e9e, imagerie d'un \u00ab d\u00e9sir d\u00e9chet \u00bb \u00e9chou\u00e9 au seuil de la subjectivit\u00e9, \u00e9trange mutation des symboles et de leur capacit\u00e9 \u00e0 faire sens au cours d'un temps cyclique.<br>Recouvrement par les brumes oc\u00e9aniques, disparition m\u00e9canique de ce qui a \u00e9t\u00e9, de notre \u00e9ternel plus bel \u00e9t\u00e9.<\/div>\n<div class=\"x11i5rnm xat24cr x1mh8g0r x1vvkbs xtlvy1s\" style=\"margin: 0.5em 0px 0px; overflow-wrap: break-word; font-family: system-ui, -apple-system, 'system-ui', '.SFNSText-Regular', sans-serif; color: #050505; font-size: 15px;\">MGH &amp; GF pour 5UN7.<\/div>\n<div class=\"x11i5rnm xat24cr x1mh8g0r x1vvkbs xtlvy1s\" style=\"margin: 0.5em 0px 0px; overflow-wrap: break-word; font-family: system-ui, -apple-system, 'system-ui', '.SFNSText-Regular', sans-serif; color: #050505; font-size: 15px;\">&nbsp;<\/div>\n<div class=\"x11i5rnm xat24cr x1mh8g0r x1vvkbs xtlvy1s\" style=\"margin: 0.5em 0px 0px; overflow-wrap: break-word; font-family: system-ui, -apple-system, 'system-ui', '.SFNSText-Regular', sans-serif; color: #050505; font-size: 15px;\">&nbsp;<\/div>\n<div class=\"x11i5rnm xat24cr x1mh8g0r x1vvkbs xtlvy1s\" style=\"margin: 0.5em 0px 0px; overflow-wrap: break-word; font-family: system-ui, -apple-system, 'system-ui', '.SFNSText-Regular', sans-serif; color: #050505; font-size: 15px;\">POST LUST<br>Marie Minot &amp; Arthur Anium<\/div>\n<div class=\"x11i5rnm xat24cr x1mh8g0r x1vvkbs xtlvy1s\" style=\"margin: 0.5em 0px 0px; overflow-wrap: break-word; font-family: system-ui, -apple-system, 'system-ui', '.SFNSText-Regular', sans-serif; color: #050505; font-size: 15px;\">Vernissage le vendredi 17 Mars \u00e0 19 h<br>Exposition du 18 Mars au 15 Avril 2023<\/div>\n<div class=\"x11i5rnm xat24cr x1mh8g0r x1vvkbs xtlvy1s\" style=\"margin-top: 0.5em; margin-right: 0px; margin-left: 0px; overflow-wrap: break-word; font-family: system-ui, -apple-system, 'system-ui', '.SFNSText-Regular', sans-serif; color: #050505; font-size: 15px;\">Galerie 5UN7<br>57, rue de la Rousselle<br>33000 Bordeaux<\/div>\n<\/div>\n<\/div><\/div><\/div><\/div><\/div><\/div><\/div><\/div><\/div><div class=\"vce-row-container\" data-vce-boxed-width=\"true\"><div class=\"vce-row vce-row--col-gap-30 vce-row-equal-height vce-row-content--top\" id=\"el-f29a9ba6\" data-vce-do-apply=\"all el-f29a9ba6\"><div class=\"vce-row-content\" data-vce-element-content=\"true\"><div class=\"vce-col vce-col--md-auto vce-col--xs-1 vce-col--xs-last vce-col--xs-first vce-col--sm-last vce-col--sm-first vce-col--md-last vce-col--lg-last vce-col--xl-last vce-col--md-first vce-col--lg-first vce-col--xl-first\" id=\"el-a6845bca\"><div class=\"vce-col-inner\" data-vce-do-apply=\"border margin background  el-a6845bca\"><div class=\"vce-col-content\" data-vce-element-content=\"true\" data-vce-do-apply=\"padding el-a6845bca\"><div class=\"vce-button--style-outline-container vce-button--style-outline-container--align-center\"><span class=\"vce-button--style-outline-wrapper vce\" id=\"el-b1bf7565\" data-vce-do-apply=\"margin el-b1bf7565\"><a class=\"vce-button vce-button--style-outline-animated vce-button--style-outline--border-rounded vce-button--style-outline--size-medium vce-button--style-outline-animated--color-b-33-33-33--fff--3d3d3d vce-button--style-outline-animated--border-color-e3e3e3--3d3d3d vce-button--style-outline-animated--background-color-3d3d3d\" href=\"https:\/\/5un7.fr\/wp-content\/uploads\/2023\/03\/EVENEMENT-SEIJIRO-MURAYAMA-OK.pdf\" title=\"\" data-vce-do-apply=\"padding border background  el-b1bf7565\"><span class=\"vce-button--style-outline-text\">En savoir plus<\/span><\/a><\/span><\/div><\/div><\/div><\/div><\/div><\/div><\/div>\n","protected":false},"excerpt":{"rendered":"<p>Post &#8211; Lust &#8211; 18.03.23 \/ 15.04.23 &nbsp;Post Lust &#8211; 18.03.23 au 15.04.23 &nbsp; Ritournelle post-romantique, post-\u00e9bat, \u00abpost luxure\u00bb, les \u0153uvres choisies pour cette nouvelle exposition du 5UN7&#8230;<\/p>\n","protected":false},"author":1,"featured_media":0,"parent":0,"menu_order":0,"comment_status":"closed","ping_status":"closed","template":"","meta":{"footnotes":""},"class_list":["post-1585","page","type-page","status-publish","hentry"],"_links":{"self":[{"href":"https:\/\/5un7.fr\/index.php\/wp-json\/wp\/v2\/pages\/1585","targetHints":{"allow":["GET"]}}],"collection":[{"href":"https:\/\/5un7.fr\/index.php\/wp-json\/wp\/v2\/pages"}],"about":[{"href":"https:\/\/5un7.fr\/index.php\/wp-json\/wp\/v2\/types\/page"}],"author":[{"embeddable":true,"href":"https:\/\/5un7.fr\/index.php\/wp-json\/wp\/v2\/users\/1"}],"replies":[{"embeddable":true,"href":"https:\/\/5un7.fr\/index.php\/wp-json\/wp\/v2\/comments?post=1585"}],"version-history":[{"count":6,"href":"https:\/\/5un7.fr\/index.php\/wp-json\/wp\/v2\/pages\/1585\/revisions"}],"predecessor-version":[{"id":1645,"href":"https:\/\/5un7.fr\/index.php\/wp-json\/wp\/v2\/pages\/1585\/revisions\/1645"}],"wp:attachment":[{"href":"https:\/\/5un7.fr\/index.php\/wp-json\/wp\/v2\/media?parent=1585"}],"curies":[{"name":"wp","href":"https:\/\/api.w.org\/{rel}","templated":true}]}}