{"id":165,"date":"2020-02-13T09:37:00","date_gmt":"2020-02-13T09:37:00","guid":{"rendered":"https:\/\/5un7.fr\/?page_id=165"},"modified":"2023-02-25T17:01:20","modified_gmt":"2023-02-25T17:01:20","slug":"projet5un7","status":"publish","type":"page","link":"https:\/\/5un7.fr\/index.php\/projet5un7\/","title":{"rendered":""},"content":{"rendered":"<div class=\"vce-row-container\" data-vce-boxed-width=\"true\"><div class=\"vce-row vce-row--col-gap-30 vce-row-equal-height vce-row-content--top\" id=\"el-6ef84489\" data-vce-do-apply=\"all el-6ef84489\"><div class=\"vce-row-content\" data-vce-element-content=\"true\"><div class=\"vce-col vce-col--md-auto vce-col--xs-1 vce-col--xs-last vce-col--xs-first vce-col--sm-last vce-col--sm-first vce-col--md-last vce-col--lg-last vce-col--xl-last vce-col--md-first vce-col--lg-first vce-col--xl-first\" id=\"el-33b13e73\"><div class=\"vce-col-inner\" data-vce-do-apply=\"border margin background  el-33b13e73\"><div class=\"vce-col-content\" data-vce-element-content=\"true\" data-vce-do-apply=\"padding el-33b13e73\"><div class=\"vce-single-image-container vce-single-image--align-left\"><div class=\"vce vce-single-image-wrapper\" id=\"el-dc1d192c\" data-vce-do-apply=\"all el-dc1d192c\"><figure><div class=\"vce-single-image-figure-inner\" style=\"width: 1024px;\"><div class=\"vce-single-image-inner vce-single-image--absolute\" style=\"width: 100%; padding-bottom: 66.3086%;\"><img loading=\"lazy\" decoding=\"async\" class=\"vce-single-image\"  width=\"1024\" height=\"679\" srcset=\"https:\/\/5un7.fr\/wp-content\/uploads\/2023\/02\/5UN7-1024x679.jpeg 1024w, https:\/\/5un7.fr\/wp-content\/uploads\/2023\/02\/5UN7-320x212.jpeg 320w, https:\/\/5un7.fr\/wp-content\/uploads\/2023\/02\/5UN7-480x318.jpeg 480w, https:\/\/5un7.fr\/wp-content\/uploads\/2023\/02\/5UN7-800x531.jpeg 800w\" src=\"https:\/\/5un7.fr\/wp-content\/uploads\/2023\/02\/5UN7-1024x679.jpeg\" data-img-src=\"https:\/\/5un7.fr\/wp-content\/uploads\/2023\/02\/5UN7.jpeg\" data-attachment-id=\"1558\"  alt=\"\" title=\"5UN7\" \/><\/div><\/div><figcaption hidden=\"\"><\/figcaption><\/figure><\/div><\/div><\/div><\/div><\/div><\/div><\/div><\/div><div class=\"vce-row-container\" data-vce-boxed-width=\"true\"><div class=\"vce-row vce-row--col-gap-30 vce-row-equal-height vce-row-content--top\" id=\"el-246cb199\" data-vce-do-apply=\"all el-246cb199\"><div class=\"vce-row-content\" data-vce-element-content=\"true\"><div class=\"vce-col vce-col--md-auto vce-col--xs-1 vce-col--xs-last vce-col--xs-first vce-col--sm-last vce-col--sm-first vce-col--md-last vce-col--lg-last vce-col--xl-last vce-col--md-first vce-col--lg-first vce-col--xl-first\" id=\"el-9164a63a\"><div class=\"vce-col-inner\" data-vce-do-apply=\"border margin background  el-9164a63a\"><div class=\"vce-col-content\" data-vce-element-content=\"true\" data-vce-do-apply=\"padding el-9164a63a\"><div class=\"vce vce-separator-container vce-separator--align-center vce-separator--style-solid\" id=\"el-8716fe0a\" data-vce-do-apply=\"margin el-8716fe0a\"><div class=\"vce-separator vce-separator--color-bfc0c1 vce-separator--width-60 vce-separator--thickness-1\" data-vce-do-apply=\"border padding background  el-8716fe0a\"><\/div><\/div><\/div><\/div><\/div><\/div><\/div><\/div><div class=\"vce-row-container\" data-vce-boxed-width=\"true\"><div class=\"vce-row vce-row--col-gap-30 vce-row-content--top\" id=\"el-3db14147\" data-vce-do-apply=\"all el-3db14147\"><div class=\"vce-row-content\" data-vce-element-content=\"true\"><div class=\"vce-col vce-col--md-auto vce-col--xs-1 vce-col--xs-last vce-col--xs-first vce-col--sm-last vce-col--sm-first vce-col--md-last vce-col--lg-last vce-col--xl-last vce-col--md-first vce-col--lg-first vce-col--xl-first\" id=\"el-bdb76c6a\"><div class=\"vce-col-inner\" data-vce-do-apply=\"border margin background  el-bdb76c6a\"><div class=\"vce-col-content\" data-vce-element-content=\"true\" data-vce-do-apply=\"padding el-bdb76c6a\"><div class=\"vce-text-block\"><div class=\"vce-text-block-wrapper vce\" id=\"el-e2777c09\" data-vce-do-apply=\"all el-e2777c09\"><p style=\"text-align: left;\">Depuis 2012, \u00e0 Bordeaux, l'association 5UN7 ( S U N S E T ), propose \u00e0 tous les publics un lieu d\u00e9di\u00e9 \u00e0 la diffusion des pratiques artistiques contemporaines. Ses activit\u00e9s comprennent le commissariat et la r\u00e9gie d\u2019expositions, la production et la valorisation, puis la vente d'\u0153uvres d'art et de projets culturels \u00e9mergents.<\/p>\n<p style=\"text-align: left;\">5UN7 est un lieu d'art dirig\u00e9 par des artistes pour des artistes, un \"Artist Run Space\", situ\u00e9 en plein c\u0153ur du centre-ville de Bordeaux, au 57 rue de la Rousselle, entre le quartier populaire de St Michel et celui plus gentrifi\u00e9 de St Pierre.<\/p>\n<p style=\"text-align: left;\">Le lieu comprend une galerie, une cour int\u00e9rieure, un bar associatif, une sc\u00e8ne, un atelier, r\u00e9partis en enfilade au rez-de-chauss\u00e9e d'un ancien immeuble de n\u00e9goce bordelais typique du XVIII \u00e8me si\u00e8cle.<\/p>\n<p style=\"text-align: left;\">&nbsp;<\/p><\/div><\/div><mci-extension data-role=\"overlay\" id=\"overlay-root\"><\/mci-extension><\/div><\/div><\/div><\/div><\/div><\/div><div class=\"vce-row-container\" data-vce-boxed-width=\"true\"><div class=\"vce-row vce-row--col-gap-30 vce-row-equal-height vce-row-content--top\" id=\"el-dd397fa2\" data-vce-do-apply=\"all el-dd397fa2\"><div class=\"vce-row-content\" data-vce-element-content=\"true\"><div class=\"vce-col vce-col--md-auto vce-col--xs-1 vce-col--xs-last vce-col--xs-first vce-col--sm-last vce-col--sm-first vce-col--md-last vce-col--lg-last vce-col--xl-last vce-col--md-first vce-col--lg-first vce-col--xl-first\" id=\"el-688f843e\"><div class=\"vce-col-inner\" data-vce-do-apply=\"border margin background  el-688f843e\"><div class=\"vce-col-content\" data-vce-element-content=\"true\" data-vce-do-apply=\"padding el-688f843e\"><div class=\"vce-image-gallery vce-image-gallery--gap-10 vce-image-gallery--columns-3\"><div class=\"vce-image-gallery-wrapper vce\" id=\"el-eb0bb7b7\" data-vce-do-apply=\"all el-eb0bb7b7\"><div class=\"vce-image-gallery-list\"><div class=\"vce-image-gallery-item\"><figure class=\"vce-image-gallery-item-inner-wrapper\"><a href=\"https:\/\/5un7.fr\/wp-content\/uploads\/2020\/02\/5tandbuy_2_5UN7-1.jpg\" data-lightbox=\"lightbox-eb0bb7b7\" class=\"vce-image-gallery-item-inner\"><img decoding=\"async\" class=\"vce-image-gallery-img\" src=\"https:\/\/5un7.fr\/wp-content\/uploads\/2020\/02\/5tandbuy_2_5UN7-1.jpg\" alt=\"\" title=\"5tandbuy_2_5UN7\"><\/a><\/figure><\/div><div class=\"vce-image-gallery-item\"><figure class=\"vce-image-gallery-item-inner-wrapper\"><a href=\"https:\/\/5un7.fr\/wp-content\/uploads\/2020\/02\/muriel_rodolosse_1_5un7-1.jpg\" data-lightbox=\"lightbox-eb0bb7b7\" class=\"vce-image-gallery-item-inner\" spellcheck=\"false\"><img decoding=\"async\" class=\"vce-image-gallery-img\" src=\"https:\/\/5un7.fr\/wp-content\/uploads\/2020\/02\/muriel_rodolosse_1_5un7-1.jpg\" alt=\"\" title=\"muriel_rodolosse_1_5un7\"><\/a><\/figure><\/div><div class=\"vce-image-gallery-item\"><figure class=\"vce-image-gallery-item-inner-wrapper\"><a href=\"https:\/\/5un7.fr\/wp-content\/uploads\/2020\/02\/thebault_shapeitbb_2_5un7-1.jpg\" data-lightbox=\"lightbox-eb0bb7b7\" class=\"vce-image-gallery-item-inner\"><img decoding=\"async\" class=\"vce-image-gallery-img\" src=\"https:\/\/5un7.fr\/wp-content\/uploads\/2020\/02\/thebault_shapeitbb_2_5un7-1.jpg\" alt=\"\" title=\"thebault_shapeitbb_2_5un7\"><\/a><\/figure><\/div><\/div><\/div><\/div><\/div><\/div><\/div><\/div><\/div><\/div><div class=\"vce-row-container\" data-vce-boxed-width=\"true\"><div class=\"vce-row vce-row--col-gap-30 vce-row-equal-height vce-row-content--top\" id=\"el-62bcf2df\" data-vce-do-apply=\"all el-62bcf2df\"><div class=\"vce-row-content\" data-vce-element-content=\"true\"><div class=\"vce-col vce-col--md-auto vce-col--xs-1 vce-col--xs-last vce-col--xs-first vce-col--sm-last vce-col--sm-first vce-col--md-last vce-col--lg-last vce-col--xl-last vce-col--md-first vce-col--lg-first vce-col--xl-first\" id=\"el-94965a43\"><div class=\"vce-col-inner\" data-vce-do-apply=\"border margin background  el-94965a43\"><div class=\"vce-col-content\" data-vce-element-content=\"true\" data-vce-do-apply=\"padding el-94965a43\"><div class=\"vce vce-separator-container vce-separator--align-center vce-separator--style-solid\" id=\"el-c506ef3e\" data-vce-do-apply=\"margin el-c506ef3e\"><div class=\"vce-separator vce-separator--color-bfc0c1 vce-separator--width-60 vce-separator--thickness-1\" data-vce-do-apply=\"border padding background  el-c506ef3e\"><\/div><\/div><\/div><\/div><\/div><\/div><\/div><\/div><div class=\"vce-row-container\" data-vce-boxed-width=\"true\"><div class=\"vce-row vce-row--col-gap-30 vce-row-equal-height vce-row-content--top\" id=\"el-e58880a0\" data-vce-do-apply=\"all el-e58880a0\"><div class=\"vce-row-content\" data-vce-element-content=\"true\"><div class=\"vce-col vce-col--md-auto vce-col--xs-1 vce-col--xs-last vce-col--xs-first vce-col--sm-last vce-col--sm-first vce-col--md-last vce-col--lg-last vce-col--xl-last vce-col--md-first vce-col--lg-first vce-col--xl-first\" id=\"el-7112c243\"><div class=\"vce-col-inner\" data-vce-do-apply=\"border margin background  el-7112c243\"><div class=\"vce-col-content\" data-vce-element-content=\"true\" data-vce-do-apply=\"padding el-7112c243\"><div class=\"vce-text-block\"><div class=\"vce-text-block-wrapper vce\" id=\"el-c8f33632\" data-vce-do-apply=\"all el-c8f33632\"><p style=\"font-size: 18px; line-height: 30.6px; font-family: Lato, 'Helvetica Neue', Helvetica, sans-serif;\">Avec une superficie de 150 m2, l'association a pour but de diffuser et d'archiver des productions artistiques ce qui prend en compte les activit\u00e9s de :<\/p>\n<ul style=\"font-size: 18px; line-height: 30.6px; font-family: Lato, 'Helvetica Neue', Helvetica, sans-serif;\">\n<li style=\"font-size: 18px; line-height: 30.6px;\">Commissariat, r\u00e9gie d'expositions<\/li>\n<li style=\"font-size: 18px; line-height: 30.6px;\">Production, valorisation, vente<\/li>\n<li style=\"font-size: 18px; line-height: 30.6px;\">Participation active aux propositions culturelles hors les murs<\/li>\n<li style=\"font-size: 18px; line-height: 30.6px;\">Organisation de rencontres li\u00e9es \u00e0 l'art et aux cultures \u00e9mergentes<\/li>\n<li style=\"font-size: 18px; line-height: 30.6px;\">Editions (site, catalogue, revue, dossier presse, ...).<\/li>\n<\/ul>\n<p style=\"font-size: 18px; line-height: 30.6px; font-family: Lato, 'Helvetica Neue', Helvetica, sans-serif;\">Le projet initial, fond\u00e9 par trois \u00e9tudiants des Beaux-Arts de Bordeaux (Arnaud Coutellec, Marc Henri Garcia et Simon Rayssac) s\u2019est fix\u00e9 pour objectif de proposer des expositions formellement et culturellement tr\u00e8s vari\u00e9es, en liant art plastique, design graphique et d'objet, d\u00e9marche conceptuelle, recherche musicale et performative, recherche en \u00e9criture,etc...<\/p>\n<p style=\"font-size: 18px; line-height: 30.6px; font-family: Lato, 'Helvetica Neue', Helvetica, sans-serif;\">Au-del\u00e0\u0300 de consid\u00e9rations purement curatoriales, 5UN7 est aussi un espace privil\u00e9gi\u00e9 de mise en pratique des dispositifs du monde de l\u2019art pour les artistes en devenir, les \u00e9tudiants, les stagiaires etc...C\u2019est le pont qui permet le passage de l\u2019enseignement \u00e0 l\u2019exp\u00e9rimentation des modalit\u00e9s r\u00e9elles de fonctionnement d\u2019un lieu d\u2019art.<\/p>\n<p style=\"font-size: 18px; line-height: 30.6px; font-family: Lato, 'Helvetica Neue', Helvetica, sans-serif;\">Dans un contexte social et \u00e9conomique peu favorable, 5UN7 a su esquiver le statut pervers de \"Gentil Gentrificateur\" que l'\u00e9tat Fran\u00e7ais conf\u00e8re bien trop souvent aux acteurs de l'art contemporain. La diversit\u00e9 de nos activit\u00e9s ainsi que la pertinence intuitive de nos choix curatoriaux suscitent un int\u00e9r\u00eat pour le projet 5UN7 depuis quelques temps maintenant, en France et au-del\u00e0 des fronti\u00e8res fran\u00e7aises. Bien que l'\u00e9tat Fran\u00e7ais et ses repr\u00e9sentants en r\u00e9gion ne s'int\u00e9resse que tr\u00e8s peu \u00e0 la vision novatrice des lieux d'arts et de cr\u00e9ation contemporaine ind\u00e9pendants , ce n'est pas le cas de nombreux autres pays<br>avec qui nous avons d\u00e9velopp\u00e9 des relations de confiance (Allemagne, Belgique,<br>Norv\u00e8ge, Pays-Bas, Irlande, Angleterre, Japon, P\u00e9rou, Canada, Chine, Mexique,<br>Argentine, Roumanie, Russie, Maroc, C\u00f4tes d'Ivoire...) .<\/p>\n<p style=\"font-size: 18px; line-height: 30.6px; font-family: Lato, 'Helvetica Neue', Helvetica, sans-serif;\">En bient\u00f4t 9 ans d'activit\u00e9, les partenariats avec d'autres lieux ind\u00e9pendants \u00e9trangers se sont multipli\u00e9s, ce qui nous a permis de rencontrer un public d'amateurs et de collectionneurs plus attentifs ainsi que de f\u00e9d\u00e9rer \u00e0 notre projet des partenaires financiers des fili\u00e8res des vins et spiritueux, du textile, de l'architecture, de l'innovation technologique, de la bijouterie, de l'enseignement sup\u00e9rieur, de l'\u00e9dition d'objet, des sports de glisse, des transports, de la musique, du cin\u00e9ma, et de l'\u00e9v\u00e9nementiel.<\/p>\n<p style=\"font-size: 18px; line-height: 30.6px; font-family: Lato, 'Helvetica Neue', Helvetica, sans-serif;\">D\u00e9sormais 5UN7 s'agrandit et s'\u00e9tend en r\u00e9gion vers des territoires dits oubli\u00e9s. L'acc\u00e8s \u00e0 de plus grands espaces de travail et la qualit\u00e9 de vie plus saine des villes p\u00e9riph\u00e9riques de la r\u00e9gion nouvelle Aquitaine sont des atouts majeurs pour mettre en place un syst\u00e8me de r\u00e9sidence internationale financi\u00e8rement viable et ind\u00e9pendant. Au-del\u00e0 du confort de vie et de production que ces villes p\u00e9riurbaines et rurales conf\u00e8rent et, bien \u00e9videmment, dans le contexte politique tendu actuel, l'\u00e9change des savoirs autour de rencontres avec le public et la compilation de ses savoirs, qu'ils soient, artistiques, historiques, scientifiques, artisanaux, techniques, esth\u00e9tiques, nous int\u00e9resse au plus haut<br>point !<\/p><\/div><\/div><mci-extension data-role=\"overlay\" id=\"overlay-root\"><\/mci-extension><\/div><\/div><\/div><\/div><\/div><\/div>\n","protected":false},"excerpt":{"rendered":"<p>Depuis 2012, \u00e0 Bordeaux, l&rsquo;association 5UN7 ( S U N S E T ), propose \u00e0 tous les publics un lieu d\u00e9di\u00e9 \u00e0 la diffusion des pratiques artistiques&#8230;<\/p>\n","protected":false},"author":1,"featured_media":0,"parent":0,"menu_order":0,"comment_status":"closed","ping_status":"closed","template":"","meta":{"footnotes":""},"class_list":["post-165","page","type-page","status-publish","hentry"],"_links":{"self":[{"href":"https:\/\/5un7.fr\/index.php\/wp-json\/wp\/v2\/pages\/165","targetHints":{"allow":["GET"]}}],"collection":[{"href":"https:\/\/5un7.fr\/index.php\/wp-json\/wp\/v2\/pages"}],"about":[{"href":"https:\/\/5un7.fr\/index.php\/wp-json\/wp\/v2\/types\/page"}],"author":[{"embeddable":true,"href":"https:\/\/5un7.fr\/index.php\/wp-json\/wp\/v2\/users\/1"}],"replies":[{"embeddable":true,"href":"https:\/\/5un7.fr\/index.php\/wp-json\/wp\/v2\/comments?post=165"}],"version-history":[{"count":14,"href":"https:\/\/5un7.fr\/index.php\/wp-json\/wp\/v2\/pages\/165\/revisions"}],"predecessor-version":[{"id":1559,"href":"https:\/\/5un7.fr\/index.php\/wp-json\/wp\/v2\/pages\/165\/revisions\/1559"}],"wp:attachment":[{"href":"https:\/\/5un7.fr\/index.php\/wp-json\/wp\/v2\/media?parent=165"}],"curies":[{"name":"wp","href":"https:\/\/api.w.org\/{rel}","templated":true}]}}