{"id":191,"date":"2020-02-13T11:53:14","date_gmt":"2020-02-13T11:53:14","guid":{"rendered":"https:\/\/5un7.fr\/?page_id=191"},"modified":"2020-03-04T09:15:24","modified_gmt":"2020-03-04T09:15:24","slug":"shapetibb","status":"publish","type":"page","link":"https:\/\/5un7.fr\/index.php\/shapetibb\/","title":{"rendered":""},"content":{"rendered":"<div class=\"vce-row-container\"><div class=\"vce-row vce-row--col-gap-30 vce-row-columns--top vce-row-content--top\" id=\"el-d4bcbdf9\" data-vce-do-apply=\"all el-d4bcbdf9\"><div class=\"vce-row-content\" data-vce-element-content=\"true\"><div class=\"vce-col\" id=\"el-3478d3fa\"><div class=\"vce-col-inner\" data-vce-do-apply=\"border margin background  el-3478d3fa\"><div class=\"vce-col-content\" data-vce-element-content=\"true\" data-vce-do-apply=\"padding el-3478d3fa\"><div class=\"vce-text-block\"><div class=\"vce-text-block-wrapper vce\" id=\"el-eae3222d\" data-vce-do-apply=\"all el-eae3222d\"><p style=\"text-align: center;\"><span style=\"font-family: arial, helvetica, sans-serif;\"><strong>SHAPETIBB - Sebastien Thebault-Belarra - 10.01.19 \/ 10.02.19<\/strong><\/span><\/p>\n<p style=\"text-align: center;\">&nbsp;<\/p><\/div><\/div><div class=\"vce-image-gallery vce-image-gallery--gap-10 vce-image-gallery--columns-3\"><div class=\"vce-image-gallery-wrapper vce\" id=\"el-44c82cb5\" data-vce-do-apply=\"all el-44c82cb5\"><div class=\"vce-image-gallery-list\"><div class=\"vce-image-gallery-item\"><figure class=\"vce-image-gallery-item-inner-wrapper\"><a href=\"https:\/\/5un7.fr\/wp-content\/uploads\/2020\/02\/thebault_shapeitbb_1_5un7-1.jpg\" data-lightbox=\"lightbox-44c82cb5\" class=\"vce-image-gallery-item-inner\"><img decoding=\"async\" class=\"vce-image-gallery-img\" src=\"https:\/\/5un7.fr\/wp-content\/uploads\/2020\/02\/thebault_shapeitbb_1_5un7-1.jpg\" alt=\"\" title=\"thebault_shapeitbb_1_5un7\"><\/a><\/figure><\/div><div class=\"vce-image-gallery-item\"><figure class=\"vce-image-gallery-item-inner-wrapper\"><a href=\"https:\/\/5un7.fr\/wp-content\/uploads\/2020\/02\/thebault_shapeitbb_2_5un7-1.jpg\" data-lightbox=\"lightbox-44c82cb5\" class=\"vce-image-gallery-item-inner\"><img decoding=\"async\" class=\"vce-image-gallery-img\" src=\"https:\/\/5un7.fr\/wp-content\/uploads\/2020\/02\/thebault_shapeitbb_2_5un7-1.jpg\" alt=\"\" title=\"thebault_shapeitbb_2_5un7\"><\/a><\/figure><\/div><div class=\"vce-image-gallery-item\"><figure class=\"vce-image-gallery-item-inner-wrapper\"><a href=\"https:\/\/5un7.fr\/wp-content\/uploads\/2020\/02\/thebault_shapeitbb_3_5un7.jpg\" data-lightbox=\"lightbox-44c82cb5\" class=\"vce-image-gallery-item-inner\"><img decoding=\"async\" class=\"vce-image-gallery-img\" src=\"https:\/\/5un7.fr\/wp-content\/uploads\/2020\/02\/thebault_shapeitbb_3_5un7.jpg\" alt=\"\" title=\"thebault_shapeitbb_3_5un7\"><\/a><\/figure><\/div><div class=\"vce-image-gallery-item\"><figure class=\"vce-image-gallery-item-inner-wrapper\"><a href=\"https:\/\/5un7.fr\/wp-content\/uploads\/2020\/02\/thebault_shapeitbb_3b_5un7.jpg\" data-lightbox=\"lightbox-44c82cb5\" class=\"vce-image-gallery-item-inner\"><img decoding=\"async\" class=\"vce-image-gallery-img\" src=\"https:\/\/5un7.fr\/wp-content\/uploads\/2020\/02\/thebault_shapeitbb_3b_5un7.jpg\" alt=\"\" title=\"thebault_shapeitbb_3b_5un7\"><\/a><\/figure><\/div><div class=\"vce-image-gallery-item\"><figure class=\"vce-image-gallery-item-inner-wrapper\"><a href=\"https:\/\/5un7.fr\/wp-content\/uploads\/2020\/02\/thebault_shapeitbb_6_5un7.jpg\" data-lightbox=\"lightbox-44c82cb5\" class=\"vce-image-gallery-item-inner\"><img decoding=\"async\" class=\"vce-image-gallery-img\" src=\"https:\/\/5un7.fr\/wp-content\/uploads\/2020\/02\/thebault_shapeitbb_6_5un7.jpg\" alt=\"\" title=\"thebault_shapeitbb_6_5un7\"><\/a><\/figure><\/div><div class=\"vce-image-gallery-item\"><figure class=\"vce-image-gallery-item-inner-wrapper\"><a href=\"https:\/\/5un7.fr\/wp-content\/uploads\/2020\/02\/thebault_shapeitbb_6b_5un7.jpg\" data-lightbox=\"lightbox-44c82cb5\" class=\"vce-image-gallery-item-inner\"><img decoding=\"async\" class=\"vce-image-gallery-img\" src=\"https:\/\/5un7.fr\/wp-content\/uploads\/2020\/02\/thebault_shapeitbb_6b_5un7.jpg\" alt=\"\" title=\"thebault_shapeitbb_6b_5un7\"><\/a><\/figure><\/div><div class=\"vce-image-gallery-item\"><figure class=\"vce-image-gallery-item-inner-wrapper\"><a href=\"https:\/\/5un7.fr\/wp-content\/uploads\/2020\/02\/thebault_shapeitbb_7_5un7.jpg\" data-lightbox=\"lightbox-44c82cb5\" class=\"vce-image-gallery-item-inner\"><img decoding=\"async\" class=\"vce-image-gallery-img\" src=\"https:\/\/5un7.fr\/wp-content\/uploads\/2020\/02\/thebault_shapeitbb_7_5un7.jpg\" alt=\"\" title=\"thebault_shapeitbb_7_5un7\"><\/a><\/figure><\/div><div class=\"vce-image-gallery-item\"><figure class=\"vce-image-gallery-item-inner-wrapper\"><a href=\"https:\/\/5un7.fr\/wp-content\/uploads\/2020\/02\/thebault_shapeitbb_8_5un7.jpg\" data-lightbox=\"lightbox-44c82cb5\" class=\"vce-image-gallery-item-inner\"><img decoding=\"async\" class=\"vce-image-gallery-img vce-image-gallery-img--orientation-portrait\" src=\"https:\/\/5un7.fr\/wp-content\/uploads\/2020\/02\/thebault_shapeitbb_8_5un7-681x1024.jpg\" alt=\"\" title=\"thebault_shapeitbb_8_5un7\"><\/a><\/figure><\/div><div class=\"vce-image-gallery-item\"><figure class=\"vce-image-gallery-item-inner-wrapper\"><a href=\"https:\/\/5un7.fr\/wp-content\/uploads\/2020\/02\/thebault_shapeitbb_9_5un7.jpg\" data-lightbox=\"lightbox-44c82cb5\" class=\"vce-image-gallery-item-inner\"><img decoding=\"async\" class=\"vce-image-gallery-img\" src=\"https:\/\/5un7.fr\/wp-content\/uploads\/2020\/02\/thebault_shapeitbb_9_5un7.jpg\" alt=\"\" title=\"thebault_shapeitbb_9_5un7\"><\/a><\/figure><\/div><\/div><\/div><\/div><div class=\"vce vce-separator-container vce-separator--align-center vce-separator--style-solid\" id=\"el-aba9b95d\" data-vce-do-apply=\"margin el-aba9b95d\"><div class=\"vce-separator vce-separator--color-bfc0c1 vce-separator--width-60 vce-separator--thickness-1\" data-vce-do-apply=\"border padding background  el-aba9b95d\"><\/div><\/div><\/div><\/div><\/div><\/div><\/div><\/div><div class=\"vce-row-container\"><div class=\"vce-row vce-row--col-gap-30 vce-row-columns--top vce-row-content--top\" id=\"el-ba249602\" data-vce-do-apply=\"all el-ba249602\"><div class=\"vce-row-content\" data-vce-element-content=\"true\"><div class=\"vce-col\" id=\"el-ca99f09e\"><div class=\"vce-col-inner\" data-vce-do-apply=\"border margin background  el-ca99f09e\"><div class=\"vce-col-content\" data-vce-element-content=\"true\" data-vce-do-apply=\"padding el-ca99f09e\"><div class=\"vce-text-block\"><div class=\"vce-text-block-wrapper vce\" id=\"el-337b5e03\" data-vce-do-apply=\"all el-337b5e03\"><p class=\"p1\"><span class=\"s1\" style=\"font-family: arial, helvetica, sans-serif; font-size: 12pt;\">Dans son travail, Sebastien Thebault-Belarra \u00e9labore des formes g\u00e9om\u00e9triques abstraites \u00e0 partir d\u2019observations d\u2019\u00e9l\u00e9ments tir\u00e9s du monde r\u00e9el. Il compile lors de ses voyages panneaux publicitaires, panneaux de signalisation routi\u00e8re et ferroviaire, \u00e9l\u00e9ments architecturaux et \u00e9l\u00e9ments graphiques collect\u00e9s \u00e7a et l\u00e0 dans la presse. Une mati\u00e8re qu\u2019il va par la suite r\u00e9-arranger au gr\u00e9 d\u2019empiries formelles jusqu\u2019\u00e0 atteindre un \u00e9quilibre satisfaisant.<\/span><\/p>\n<p class=\"p1\"><span class=\"s1\" style=\"font-family: arial, helvetica, sans-serif; font-size: 12pt;\">Ses peintures sont souvent con\u00e7ues de mani\u00e8re s\u00e9rielle, traitant parall\u00e8lement le m\u00eame sujet sur plusieurs ch\u00e2ssis identiques, qu\u2019il assemble par la suite afin de produire des combinaisons alternatives. En s\u2019appropriant, en multipliant et en entrecroisant les motifs de bandes, de carr\u00e9s, de ronds et de triangles ainsi que certaines formes r\u00e9manentes de l\u2019histoire de l\u2019art et du design, Sebastien Thebault-Belarra g\u00e9n\u00e8re son \u0153uvre de mani\u00e8re m\u00e9ca-sensible.<\/span><\/p>\n<p class=\"p1\"><span class=\"s1\" style=\"font-family: arial, helvetica, sans-serif; font-size: 12pt;\">Ses toiles pr\u00e9sentent des plages strictement contenues en blocs dont l\u2019organisation tend \u00e0 tordre le pictural en sculptural, parfois dans l\u2019illusion mais encore d\u2019avantage par la solidit\u00e9 et la pr\u00e9sence de ces \u00abobjets visuels\u00bb. Plus qu\u2019accroch\u00e9s, ils vont \u00eatre manipul\u00e9s et agenc\u00e9s dans l\u2019espace-temps de leur exposition, consid\u00e9rant alors de la m\u00eame mani\u00e8re les supports et les surfaces comme autant de lieux compos\u00e9s d\u2019objets. En cela Sebastien fusionne habilement le sujet-peinture destin\u00e9 au regard avec l\u2019objet-peinture destin\u00e9 au mur.<\/span><\/p>\n<p class=\"p1\"><span class=\"s1\" style=\"font-family: arial, helvetica, sans-serif; font-size: 12pt;\">Au travers de son exploration dimensionnelle et minimaliste, Sebastien Thebault-Belarra a su d\u00e9velopper un vocabulaire pictural personnel passionn\u00e9ment r\u00e9f\u00e9renc\u00e9.<\/span><\/p>\n<p class=\"p1\"><span class=\"s1\" style=\"font-family: arial, helvetica, sans-serif; font-size: 12pt;\">Marc Henri Garcia pour 5UN7<\/span><\/p>\n<p class=\"p4\"><span class=\"s2\" style=\"font-family: arial, helvetica, sans-serif; font-size: 12pt;\"><a href=\"https:\/\/www.instagram.com\/sebastien_thebaultbelarra\/\" target=\"_blank\" rel=\"noopener noreferrer\">instagram.com\/sebastien_thebaultbelarra<\/a><\/span><\/p><\/div><\/div><\/div><\/div><\/div><\/div><\/div><\/div>\n","protected":false},"excerpt":{"rendered":"<p>SHAPETIBB &#8211; Sebastien Thebault-Belarra &#8211; 10.01.19 \/ 10.02.19 &nbsp;Dans son travail, Sebastien Thebault-Belarra \u00e9labore des formes g\u00e9om\u00e9triques abstraites \u00e0 partir d\u2019observations d\u2019\u00e9l\u00e9ments tir\u00e9s du monde r\u00e9el. Il compile&#8230;<\/p>\n","protected":false},"author":1,"featured_media":0,"parent":0,"menu_order":0,"comment_status":"closed","ping_status":"closed","template":"","meta":{"footnotes":""},"class_list":["post-191","page","type-page","status-publish","hentry"],"_links":{"self":[{"href":"https:\/\/5un7.fr\/index.php\/wp-json\/wp\/v2\/pages\/191","targetHints":{"allow":["GET"]}}],"collection":[{"href":"https:\/\/5un7.fr\/index.php\/wp-json\/wp\/v2\/pages"}],"about":[{"href":"https:\/\/5un7.fr\/index.php\/wp-json\/wp\/v2\/types\/page"}],"author":[{"embeddable":true,"href":"https:\/\/5un7.fr\/index.php\/wp-json\/wp\/v2\/users\/1"}],"replies":[{"embeddable":true,"href":"https:\/\/5un7.fr\/index.php\/wp-json\/wp\/v2\/comments?post=191"}],"version-history":[{"count":5,"href":"https:\/\/5un7.fr\/index.php\/wp-json\/wp\/v2\/pages\/191\/revisions"}],"predecessor-version":[{"id":1151,"href":"https:\/\/5un7.fr\/index.php\/wp-json\/wp\/v2\/pages\/191\/revisions\/1151"}],"wp:attachment":[{"href":"https:\/\/5un7.fr\/index.php\/wp-json\/wp\/v2\/media?parent=191"}],"curies":[{"name":"wp","href":"https:\/\/api.w.org\/{rel}","templated":true}]}}