{"id":289,"date":"2020-02-13T17:02:04","date_gmt":"2020-02-13T17:02:04","guid":{"rendered":"https:\/\/5un7.fr\/?page_id=289"},"modified":"2020-02-19T16:29:34","modified_gmt":"2020-02-19T16:29:34","slug":"2017-2","status":"publish","type":"page","link":"https:\/\/5un7.fr\/index.php\/2017-2\/","title":{"rendered":""},"content":{"rendered":"<div class=\"vce-row-container\"><div class=\"vce-row vce-row--col-gap-30 vce-row-columns--top vce-row-content--top\" id=\"el-cf73b35d\" data-vce-do-apply=\"all el-cf73b35d\"><div class=\"vce-row-content\" data-vce-element-content=\"true\"><div class=\"vce-col vce-col--md-auto vce-col--xs-1 vce-col--xs-last vce-col--xs-first vce-col--sm-last vce-col--sm-first vce-col--md-first vce-col--lg-first vce-col--xl-first\" id=\"el-5afe9646\"><div class=\"vce-col-inner\" data-vce-do-apply=\"border margin background  el-5afe9646\"><div class=\"vce-col-content\" data-vce-element-content=\"true\" data-vce-do-apply=\"padding el-5afe9646\"><\/div><\/div><\/div><div class=\"vce-col vce-col--md-auto vce-col--xs-1 vce-col--xs-last vce-col--xs-first vce-col--sm-last vce-col--sm-first\" id=\"el-e11bb4d5\"><div class=\"vce-col-inner\" data-vce-do-apply=\"border margin background  el-e11bb4d5\"><div class=\"vce-col-content\" data-vce-element-content=\"true\" data-vce-do-apply=\"padding el-e11bb4d5\"><div class=\"vce-single-image-container vce-single-image--align-center\"><div class=\"vce vce-single-image-wrapper\" id=\"el-aa439377\" data-vce-do-apply=\"all el-aa439377\"><figure><a href=\"https:\/\/5un7.fr\/index.php\/d3g3n3r4t1on\/\" title=\"\" class=\"vce-single-image-inner vce-single-image--absolute vce-single-image--border-round\" style=\"padding-bottom: 100%; width: 200px;\"><img class=\"vce-single-image\" width=\"200\" height=\"200\"src=\"https:\/\/5un7.fr\/wp-content\/uploads\/2020\/02\/d3G3N3R4T1ON_1_5UN7-200x200.jpg\" srcset=\"https:\/\/5un7.fr\/wp-content\/uploads\/2020\/02\/d3G3N3R4T1ON_1_5UN7-200x200.jpg 200w\" data-img-src=\"https:\/\/5un7.fr\/wp-content\/uploads\/2020\/02\/d3G3N3R4T1ON_1_5UN7.jpg\" alt=\"\" title=\"d3G3N3R4T1ON_1_5UN7\"\/><\/a><\/figure><\/div><\/div><\/div><\/div><\/div><div class=\"vce-col vce-col--md-auto vce-col--xs-1 vce-col--xs-last vce-col--xs-first vce-col--sm-last vce-col--sm-first vce-col--md-last vce-col--lg-last vce-col--xl-last\" id=\"el-ed8dc25d\"><div class=\"vce-col-inner\" data-vce-do-apply=\"border margin background  el-ed8dc25d\"><div class=\"vce-col-content\" data-vce-element-content=\"true\" data-vce-do-apply=\"padding el-ed8dc25d\"><\/div><\/div><\/div><\/div><\/div><\/div><div class=\"vce-row-container\"><div class=\"vce-row vce-row--col-gap-30 vce-row-columns--top vce-row-content--top\" id=\"el-d656f9b3\" data-vce-do-apply=\"all el-d656f9b3\"><div class=\"vce-row-content\" data-vce-element-content=\"true\"><div class=\"vce-col vce-col--md-auto vce-col--xs-1 vce-col--xs-last vce-col--xs-first vce-col--sm-last vce-col--sm-first vce-col--md-first vce-col--lg-first vce-col--xl-first\" id=\"el-77eead18\"><div class=\"vce-col-inner\" data-vce-do-apply=\"border margin background  el-77eead18\"><div class=\"vce-col-content\" data-vce-element-content=\"true\" data-vce-do-apply=\"padding el-77eead18\"><\/div><\/div><\/div><div class=\"vce-col vce-col--md-auto vce-col--xs-1 vce-col--xs-last vce-col--xs-first vce-col--sm-last vce-col--sm-first\" id=\"el-de6eedfe\"><div class=\"vce-col-inner\" data-vce-do-apply=\"border margin background  el-de6eedfe\"><div class=\"vce-col-content\" data-vce-element-content=\"true\" data-vce-do-apply=\"padding el-de6eedfe\"><div class=\"vce-text-block\"><div class=\"vce-text-block-wrapper vce\" id=\"el-643940cf\" data-vce-do-apply=\"all el-643940cf\"><p style=\"line-height: 0.75; text-align: center;\"><span style=\"font-size: 10pt;\"><strong><span style=\"font-family: arial, helvetica, sans-serif; letter-spacing: 1px;\">D3G3N3R4T1ON<\/span><\/strong><\/span><\/p><p style=\"line-height: 0.75; letter-spacing: 1px; text-align: center;\"><span style=\"font-size: 10pt;\"><strong><span style=\"font-family: arial, helvetica, sans-serif;\">Group Show<\/span><\/strong><\/span><\/p><p style=\"line-height: 0.75; text-align: center;\"><span style=\"font-size: 10pt;\"><strong><span style=\"font-family: arial, helvetica, sans-serif; letter-spacing: 1px;\">10.03.10 - 24.03.17<\/span><\/strong><\/span><\/p><p>&nbsp;<\/p><\/div><\/div><\/div><\/div><\/div><div class=\"vce-col vce-col--md-auto vce-col--xs-1 vce-col--xs-last vce-col--xs-first vce-col--sm-last vce-col--sm-first vce-col--md-last vce-col--lg-last vce-col--xl-last\" id=\"el-6193059f\"><div class=\"vce-col-inner\" data-vce-do-apply=\"border margin background  el-6193059f\"><div class=\"vce-col-content\" data-vce-element-content=\"true\" data-vce-do-apply=\"padding el-6193059f\"><\/div><\/div><\/div><\/div><\/div><\/div><div class=\"vce-row-container\"><div class=\"vce-row vce-row--col-gap-30 vce-row-columns--top vce-row-content--top\" id=\"el-3e95fc3f\" data-vce-do-apply=\"all el-3e95fc3f\"><div class=\"vce-row-content\" data-vce-element-content=\"true\"><div class=\"vce-col vce-col--md-auto vce-col--xs-1 vce-col--xs-last vce-col--xs-first vce-col--sm-last vce-col--sm-first vce-col--md-first vce-col--lg-first vce-col--xl-first\" id=\"el-28d8bff1\"><div class=\"vce-col-inner\" data-vce-do-apply=\"border margin background  el-28d8bff1\"><div class=\"vce-col-content\" data-vce-element-content=\"true\" data-vce-do-apply=\"padding el-28d8bff1\"><\/div><\/div><\/div><div class=\"vce-col vce-col--md-auto vce-col--xs-1 vce-col--xs-last vce-col--xs-first vce-col--sm-last vce-col--sm-first\" id=\"el-76039374\"><div class=\"vce-col-inner\" data-vce-do-apply=\"border margin background  el-76039374\"><div class=\"vce-col-content\" data-vce-element-content=\"true\" data-vce-do-apply=\"padding el-76039374\"><div class=\"vce-single-image-container vce-single-image--align-center\"><div class=\"vce vce-single-image-wrapper\" id=\"el-8c905849\" data-vce-do-apply=\"all el-8c905849\"><figure><a href=\"https:\/\/5un7.fr\/index.php\/malgrelescorps\/\" title=\"\" class=\"vce-single-image-inner vce-single-image--absolute vce-single-image--border-round\" style=\"padding-bottom: 100%; width: 200px;\"><img class=\"vce-single-image\" width=\"200\" height=\"200\"src=\"https:\/\/5un7.fr\/wp-content\/uploads\/2020\/02\/cuquel_1_5un7-200x200.jpg\" srcset=\"https:\/\/5un7.fr\/wp-content\/uploads\/2020\/02\/cuquel_1_5un7-200x200.jpg 200w\" data-img-src=\"https:\/\/5un7.fr\/wp-content\/uploads\/2020\/02\/cuquel_1_5un7.jpg\" alt=\"\" title=\"cuquel_1_5un7\"\/><\/a><\/figure><\/div><\/div><\/div><\/div><\/div><div class=\"vce-col vce-col--md-auto vce-col--xs-1 vce-col--xs-last vce-col--xs-first vce-col--sm-last vce-col--sm-first vce-col--md-last vce-col--lg-last vce-col--xl-last\" id=\"el-3db2a941\"><div class=\"vce-col-inner\" data-vce-do-apply=\"border margin background  el-3db2a941\"><div class=\"vce-col-content\" data-vce-element-content=\"true\" data-vce-do-apply=\"padding el-3db2a941\"><\/div><\/div><\/div><\/div><\/div><\/div><div class=\"vce-row-container\"><div class=\"vce-row vce-row--col-gap-30 vce-row-columns--top vce-row-content--top\" id=\"el-59a3710a\" data-vce-do-apply=\"all el-59a3710a\"><div class=\"vce-row-content\" data-vce-element-content=\"true\"><div class=\"vce-col vce-col--md-auto vce-col--xs-1 vce-col--xs-last vce-col--xs-first vce-col--sm-last vce-col--sm-first vce-col--md-first vce-col--lg-first vce-col--xl-first\" id=\"el-3f8f7417\"><div class=\"vce-col-inner\" data-vce-do-apply=\"border margin background  el-3f8f7417\"><div class=\"vce-col-content\" data-vce-element-content=\"true\" data-vce-do-apply=\"padding el-3f8f7417\"><\/div><\/div><\/div><div class=\"vce-col vce-col--md-auto vce-col--xs-1 vce-col--xs-last vce-col--xs-first vce-col--sm-last vce-col--sm-first\" id=\"el-c1f1f7bc\"><div class=\"vce-col-inner\" data-vce-do-apply=\"border margin background  el-c1f1f7bc\"><div class=\"vce-col-content\" data-vce-element-content=\"true\" data-vce-do-apply=\"padding el-c1f1f7bc\"><div class=\"vce-text-block\"><div class=\"vce-text-block-wrapper vce\" id=\"el-7451f678\" data-vce-do-apply=\"all el-7451f678\"><p style=\"text-align: center; line-height: 0.75;\"><strong><span style=\"font-family: arial, helvetica, sans-serif; font-size: 10pt; letter-spacing: 1px;\">MALGR\u00c9 L'\u00c9VIDENCE DES CORPS QUI VONT \u00c0 LEUR RUINE<\/span><\/strong><\/p><p style=\"text-align: center; line-height: 0.75; letter-spacing: 1px;\"><strong><span style=\"font-family: arial, helvetica, sans-serif; font-size: 10pt;\">Gr\u00e9gory Cuquel<\/span><\/strong><\/p><p style=\"text-align: center; line-height: 0.75;\"><strong><span style=\"font-family: arial, helvetica, sans-serif; font-size: 10pt; letter-spacing: 1px;\">07.04.17 - 21.04.17<\/span><\/strong><\/p><p>&nbsp;<\/p><\/div><\/div><\/div><\/div><\/div><div class=\"vce-col vce-col--md-auto vce-col--xs-1 vce-col--xs-last vce-col--xs-first vce-col--sm-last vce-col--sm-first vce-col--md-last vce-col--lg-last vce-col--xl-last\" id=\"el-78be8bc6\"><div class=\"vce-col-inner\" data-vce-do-apply=\"border margin background  el-78be8bc6\"><div class=\"vce-col-content\" data-vce-element-content=\"true\" data-vce-do-apply=\"padding el-78be8bc6\"><\/div><\/div><\/div><\/div><\/div><\/div><div class=\"vce-row-container\"><div class=\"vce-row vce-row--col-gap-30 vce-row-columns--top vce-row-content--top\" id=\"el-958990a6\" data-vce-do-apply=\"all el-958990a6\"><div class=\"vce-row-content\" data-vce-element-content=\"true\"><div class=\"vce-col vce-col--md-auto vce-col--xs-1 vce-col--xs-last vce-col--xs-first vce-col--sm-last vce-col--sm-first vce-col--md-first vce-col--lg-first vce-col--xl-first\" id=\"el-6bd7d0ea\"><div class=\"vce-col-inner\" data-vce-do-apply=\"border margin background  el-6bd7d0ea\"><div class=\"vce-col-content\" data-vce-element-content=\"true\" data-vce-do-apply=\"padding el-6bd7d0ea\"><\/div><\/div><\/div><div class=\"vce-col vce-col--md-auto vce-col--xs-1 vce-col--xs-last vce-col--xs-first vce-col--sm-last vce-col--sm-first\" id=\"el-a9ea7395\"><div class=\"vce-col-inner\" data-vce-do-apply=\"border margin background  el-a9ea7395\"><div class=\"vce-col-content\" data-vce-element-content=\"true\" data-vce-do-apply=\"padding el-a9ea7395\"><div class=\"vce-single-image-container vce-single-image--align-center\"><div class=\"vce vce-single-image-wrapper\" id=\"el-ed9ff37c\" data-vce-do-apply=\"all el-ed9ff37c\"><figure><a href=\"https:\/\/5un7.fr\/index.php\/salonsauvage\/\" title=\"\" class=\"vce-single-image-inner vce-single-image--absolute vce-single-image--border-round\" style=\"padding-bottom: 100%; width: 200px;\"><img class=\"vce-single-image\" width=\"200\" height=\"200\"src=\"https:\/\/5un7.fr\/wp-content\/uploads\/2020\/02\/salon_sauvage_1_5un7-200x200.jpg\" srcset=\"https:\/\/5un7.fr\/wp-content\/uploads\/2020\/02\/salon_sauvage_1_5un7-200x200.jpg 200w\" data-img-src=\"https:\/\/5un7.fr\/wp-content\/uploads\/2020\/02\/salon_sauvage_1_5un7.jpg\" alt=\"\" title=\"salon_sauvage_1_5un7\"\/><\/a><\/figure><\/div><\/div><\/div><\/div><\/div><div class=\"vce-col vce-col--md-auto vce-col--xs-1 vce-col--xs-last vce-col--xs-first vce-col--sm-last vce-col--sm-first vce-col--md-last vce-col--lg-last vce-col--xl-last\" id=\"el-8732486f\"><div class=\"vce-col-inner\" data-vce-do-apply=\"border margin background  el-8732486f\"><div class=\"vce-col-content\" data-vce-element-content=\"true\" data-vce-do-apply=\"padding el-8732486f\"><\/div><\/div><\/div><\/div><\/div><\/div><div class=\"vce-row-container\"><div class=\"vce-row vce-row--col-gap-30 vce-row-columns--top vce-row-content--top\" id=\"el-237b4de3\" data-vce-do-apply=\"all el-237b4de3\"><div class=\"vce-row-content\" data-vce-element-content=\"true\"><div class=\"vce-col vce-col--md-auto vce-col--xs-1 vce-col--xs-last vce-col--xs-first vce-col--sm-last vce-col--sm-first vce-col--md-first vce-col--lg-first vce-col--xl-first\" id=\"el-48ca6fea\"><div class=\"vce-col-inner\" data-vce-do-apply=\"border margin background  el-48ca6fea\"><div class=\"vce-col-content\" data-vce-element-content=\"true\" data-vce-do-apply=\"padding el-48ca6fea\"><\/div><\/div><\/div><div class=\"vce-col vce-col--md-auto vce-col--xs-1 vce-col--xs-last vce-col--xs-first vce-col--sm-last vce-col--sm-first\" id=\"el-8d588c42\"><div class=\"vce-col-inner\" data-vce-do-apply=\"border margin background  el-8d588c42\"><div class=\"vce-col-content\" data-vce-element-content=\"true\" data-vce-do-apply=\"padding el-8d588c42\"><div class=\"vce-text-block\"><div class=\"vce-text-block-wrapper vce\" id=\"el-a90b070a\" data-vce-do-apply=\"all el-a90b070a\"><p style=\"line-height: 0.75; text-align: center;\"><strong><span style=\"font-family: arial, helvetica, sans-serif; font-size: 10pt; letter-spacing: 1px;\">SALONSAUVAGE<\/span><\/strong><\/p>\n<p style=\"line-height: 0.75; letter-spacing: 1px; text-align: center;\"><strong><span style=\"font-family: arial, helvetica, sans-serif; font-size: 10pt;\">Group Show<\/span><\/strong><\/p>\n<p style=\"line-height: 0.75; text-align: center;\"><strong><span style=\"font-family: arial, helvetica, sans-serif; font-size: 10pt; letter-spacing: 1px;\">05.05.17 - 19.05.17<\/span><\/strong><\/p>\n<p style=\"line-height: 0.75; text-align: center;\">&nbsp;<\/p><\/div><\/div><\/div><\/div><\/div><div class=\"vce-col vce-col--md-auto vce-col--xs-1 vce-col--xs-last vce-col--xs-first vce-col--sm-last vce-col--sm-first vce-col--md-last vce-col--lg-last vce-col--xl-last\" id=\"el-1c89c1e8\"><div class=\"vce-col-inner\" data-vce-do-apply=\"border margin background  el-1c89c1e8\"><div class=\"vce-col-content\" data-vce-element-content=\"true\" data-vce-do-apply=\"padding el-1c89c1e8\"><\/div><\/div><\/div><\/div><\/div><\/div><div class=\"vce-row-container\"><div class=\"vce-row vce-row--col-gap-30 vce-row-columns--top vce-row-content--top\" id=\"el-127238e2\" data-vce-do-apply=\"all el-127238e2\"><div class=\"vce-row-content\" data-vce-element-content=\"true\"><div class=\"vce-col vce-col--md-auto vce-col--xs-1 vce-col--xs-last vce-col--xs-first vce-col--sm-last vce-col--sm-first vce-col--md-first vce-col--lg-first vce-col--xl-first\" id=\"el-39af3ab8\"><div class=\"vce-col-inner\" data-vce-do-apply=\"border margin background  el-39af3ab8\"><div class=\"vce-col-content\" data-vce-element-content=\"true\" data-vce-do-apply=\"padding el-39af3ab8\"><\/div><\/div><\/div><div class=\"vce-col vce-col--md-auto vce-col--xs-1 vce-col--xs-last vce-col--xs-first vce-col--sm-last vce-col--sm-first\" id=\"el-9ef9722a\"><div class=\"vce-col-inner\" data-vce-do-apply=\"border margin background  el-9ef9722a\"><div class=\"vce-col-content\" data-vce-element-content=\"true\" data-vce-do-apply=\"padding el-9ef9722a\"><div class=\"vce-single-image-container vce-single-image--align-center\"><div class=\"vce vce-single-image-wrapper\" id=\"el-a69ff1b4\" data-vce-do-apply=\"all el-a69ff1b4\"><figure><a href=\"https:\/\/5un7.fr\/index.php\/rencontres\/\" title=\"\" class=\"vce-single-image-inner vce-single-image--absolute vce-single-image--border-round\" style=\"padding-bottom: 100%; width: 200px;\"><img class=\"vce-single-image\" width=\"200\" height=\"200\"src=\"https:\/\/5un7.fr\/wp-content\/uploads\/2020\/02\/curieux_cocktail_1_5un7-200x200.jpg\" srcset=\"https:\/\/5un7.fr\/wp-content\/uploads\/2020\/02\/curieux_cocktail_1_5un7-200x200.jpg 200w\" data-img-src=\"https:\/\/5un7.fr\/wp-content\/uploads\/2020\/02\/curieux_cocktail_1_5un7.jpg\" alt=\"\" title=\"curieux_cocktail_1_5un7\"\/><\/a><\/figure><\/div><\/div><\/div><\/div><\/div><div class=\"vce-col vce-col--md-auto vce-col--xs-1 vce-col--xs-last vce-col--xs-first vce-col--sm-last vce-col--sm-first vce-col--md-last vce-col--lg-last vce-col--xl-last\" id=\"el-3a157f4e\"><div class=\"vce-col-inner\" data-vce-do-apply=\"border margin background  el-3a157f4e\"><div class=\"vce-col-content\" data-vce-element-content=\"true\" data-vce-do-apply=\"padding el-3a157f4e\"><\/div><\/div><\/div><\/div><\/div><\/div><div class=\"vce-row-container\"><div class=\"vce-row vce-row--col-gap-30 vce-row-columns--top vce-row-content--top\" id=\"el-7f1a06b6\" data-vce-do-apply=\"all el-7f1a06b6\"><div class=\"vce-row-content\" data-vce-element-content=\"true\"><div class=\"vce-col vce-col--md-auto vce-col--xs-1 vce-col--xs-last vce-col--xs-first vce-col--sm-last vce-col--sm-first vce-col--md-first vce-col--lg-first vce-col--xl-first\" id=\"el-35bb1a8f\"><div class=\"vce-col-inner\" data-vce-do-apply=\"border margin background  el-35bb1a8f\"><div class=\"vce-col-content\" data-vce-element-content=\"true\" data-vce-do-apply=\"padding el-35bb1a8f\"><\/div><\/div><\/div><div class=\"vce-col vce-col--md-auto vce-col--xs-1 vce-col--xs-last vce-col--xs-first vce-col--sm-last vce-col--sm-first\" id=\"el-b537e066\"><div class=\"vce-col-inner\" data-vce-do-apply=\"border margin background  el-b537e066\"><div class=\"vce-col-content\" data-vce-element-content=\"true\" data-vce-do-apply=\"padding el-b537e066\"><div class=\"vce-text-block\"><div class=\"vce-text-block-wrapper vce\" id=\"el-beceae2d\" data-vce-do-apply=\"all el-beceae2d\"><p style=\"text-align: center; line-height: 0.75;\"><span style=\"font-family: arial, helvetica, sans-serif; font-size: 10pt; letter-spacing: 1px;\"><strong>RENCONTRES<\/strong><\/span><\/p>\n<p style=\"text-align: center; line-height: 0.75; letter-spacing: 1px;\"><span style=\"font-family: arial, helvetica, sans-serif; font-size: 10pt;\"><strong>Curieux Coktail - Art &amp; Design - 5UN7<\/strong><\/span><\/p>\n<p style=\"text-align: center; line-height: 0.75;\"><span style=\"font-family: arial, helvetica, sans-serif; font-size: 10pt; letter-spacing: 1px;\"><strong>29.06.17 - 07.07.17<\/strong><\/span><\/p>\n<p style=\"text-align: center; line-height: 0.75;\">&nbsp;<\/p><\/div><\/div><\/div><\/div><\/div><div class=\"vce-col vce-col--md-auto vce-col--xs-1 vce-col--xs-last vce-col--xs-first vce-col--sm-last vce-col--sm-first vce-col--md-last vce-col--lg-last vce-col--xl-last\" id=\"el-68e35e9d\"><div class=\"vce-col-inner\" data-vce-do-apply=\"border margin background  el-68e35e9d\"><div class=\"vce-col-content\" data-vce-element-content=\"true\" data-vce-do-apply=\"padding el-68e35e9d\"><\/div><\/div><\/div><\/div><\/div><\/div><div class=\"vce-row-container\"><div class=\"vce-row vce-row--col-gap-30 vce-row-columns--top vce-row-content--top\" id=\"el-b76722ca\" data-vce-do-apply=\"all el-b76722ca\"><div class=\"vce-row-content\" data-vce-element-content=\"true\"><div class=\"vce-col vce-col--md-auto vce-col--xs-1 vce-col--xs-last vce-col--xs-first vce-col--sm-last vce-col--sm-first vce-col--md-first vce-col--lg-first vce-col--xl-first\" id=\"el-08b16831\"><div class=\"vce-col-inner\" data-vce-do-apply=\"border margin background  el-08b16831\"><div class=\"vce-col-content\" data-vce-element-content=\"true\" data-vce-do-apply=\"padding el-08b16831\"><\/div><\/div><\/div><div class=\"vce-col vce-col--md-auto vce-col--xs-1 vce-col--xs-last vce-col--xs-first vce-col--sm-last vce-col--sm-first\" id=\"el-e95855b3\"><div class=\"vce-col-inner\" data-vce-do-apply=\"border margin background  el-e95855b3\"><div class=\"vce-col-content\" data-vce-element-content=\"true\" data-vce-do-apply=\"padding el-e95855b3\"><div class=\"vce-single-image-container vce-single-image--align-center\"><div class=\"vce vce-single-image-wrapper\" id=\"el-903131ba\" data-vce-do-apply=\"all el-903131ba\"><figure><a href=\"https:\/\/5un7.fr\/index.php\/arrival\/\" title=\"\" class=\"vce-single-image-inner vce-single-image--absolute vce-single-image--border-round\" style=\"padding-bottom: 100%; width: 200px;\"><img class=\"vce-single-image\" width=\"200\" height=\"200\"src=\"https:\/\/5un7.fr\/wp-content\/uploads\/2020\/02\/arrival_hickey_1_5un7-200x200.jpg\" srcset=\"https:\/\/5un7.fr\/wp-content\/uploads\/2020\/02\/arrival_hickey_1_5un7-200x200.jpg 200w\" data-img-src=\"https:\/\/5un7.fr\/wp-content\/uploads\/2020\/02\/arrival_hickey_1_5un7.jpg\" alt=\"\" title=\"arrival_hickey_1_5un7\"\/><\/a><\/figure><\/div><\/div><\/div><\/div><\/div><div class=\"vce-col vce-col--md-auto vce-col--xs-1 vce-col--xs-last vce-col--xs-first vce-col--sm-last vce-col--sm-first vce-col--md-last vce-col--lg-last vce-col--xl-last\" id=\"el-da679f1e\"><div class=\"vce-col-inner\" data-vce-do-apply=\"border margin background  el-da679f1e\"><div class=\"vce-col-content\" data-vce-element-content=\"true\" data-vce-do-apply=\"padding el-da679f1e\"><\/div><\/div><\/div><\/div><\/div><\/div><div class=\"vce-row-container\"><div class=\"vce-row vce-row--col-gap-30 vce-row-columns--top vce-row-content--top\" id=\"el-2b84a680\" data-vce-do-apply=\"all el-2b84a680\"><div class=\"vce-row-content\" data-vce-element-content=\"true\"><div class=\"vce-col vce-col--md-auto vce-col--xs-1 vce-col--xs-last vce-col--xs-first vce-col--sm-last vce-col--sm-first vce-col--md-first vce-col--lg-first vce-col--xl-first\" id=\"el-a9c839dc\"><div class=\"vce-col-inner\" data-vce-do-apply=\"border margin background  el-a9c839dc\"><div class=\"vce-col-content\" data-vce-element-content=\"true\" data-vce-do-apply=\"padding el-a9c839dc\"><\/div><\/div><\/div><div class=\"vce-col vce-col--md-auto vce-col--xs-1 vce-col--xs-last vce-col--xs-first vce-col--sm-last vce-col--sm-first\" id=\"el-042c8453\"><div class=\"vce-col-inner\" data-vce-do-apply=\"border margin background  el-042c8453\"><div class=\"vce-col-content\" data-vce-element-content=\"true\" data-vce-do-apply=\"padding el-042c8453\"><div class=\"vce-text-block\"><div class=\"vce-text-block-wrapper vce\" id=\"el-1fb7c731\" data-vce-do-apply=\"all el-1fb7c731\"><p style=\"text-align: center; line-height: 0.75;\"><strong><span style=\"font-family: arial, helvetica, sans-serif; font-size: 10pt; letter-spacing: 1px;\">ARRIVAL<\/span><\/strong><\/p><p style=\"text-align: center; line-height: 0.75; letter-spacing: 1px;\"><strong><span style=\"font-family: arial, helvetica, sans-serif; font-size: 10pt;\">Jack Hickey<\/span><\/strong><\/p><p style=\"text-align: center; line-height: 0.75;\"><strong><span style=\"font-family: arial, helvetica, sans-serif; font-size: 10pt; letter-spacing: 1px;\">27.09.17 - 21.10.17<\/span><\/strong><\/p><p>&nbsp;<\/p><\/div><\/div><\/div><\/div><\/div><div class=\"vce-col vce-col--md-auto vce-col--xs-1 vce-col--xs-last vce-col--xs-first vce-col--sm-last vce-col--sm-first vce-col--md-last vce-col--lg-last vce-col--xl-last\" id=\"el-26efa026\"><div class=\"vce-col-inner\" data-vce-do-apply=\"border margin background  el-26efa026\"><div class=\"vce-col-content\" data-vce-element-content=\"true\" data-vce-do-apply=\"padding el-26efa026\"><\/div><\/div><\/div><\/div><\/div><\/div><div class=\"vce-row-container\"><div class=\"vce-row vce-row--col-gap-30 vce-row-columns--top vce-row-content--top\" id=\"el-1aed919f\" data-vce-do-apply=\"all el-1aed919f\"><div class=\"vce-row-content\" data-vce-element-content=\"true\"><div class=\"vce-col vce-col--md-auto vce-col--xs-1 vce-col--xs-last vce-col--xs-first vce-col--sm-last vce-col--sm-first vce-col--md-first vce-col--lg-first vce-col--xl-first\" id=\"el-231456d4\"><div class=\"vce-col-inner\" data-vce-do-apply=\"border margin background  el-231456d4\"><div class=\"vce-col-content\" data-vce-element-content=\"true\" data-vce-do-apply=\"padding el-231456d4\"><\/div><\/div><\/div><div class=\"vce-col vce-col--md-auto vce-col--xs-1 vce-col--xs-last vce-col--xs-first vce-col--sm-last vce-col--sm-first\" id=\"el-ede94765\"><div class=\"vce-col-inner\" data-vce-do-apply=\"border margin background  el-ede94765\"><div class=\"vce-col-content\" data-vce-element-content=\"true\" data-vce-do-apply=\"padding el-ede94765\"><div class=\"vce-single-image-container vce-single-image--align-center\"><div class=\"vce vce-single-image-wrapper\" id=\"el-6565d516\" data-vce-do-apply=\"all el-6565d516\"><figure><a href=\"https:\/\/5un7.fr\/index.php\/synthmeme\/\" title=\"\" class=\"vce-single-image-inner vce-single-image--absolute vce-single-image--border-round\" style=\"padding-bottom: 100%; width: 200px;\"><img class=\"vce-single-image\" width=\"200\" height=\"200\"src=\"https:\/\/5un7.fr\/wp-content\/uploads\/2020\/02\/synthmeme_1_5un7-200x200.jpg\" srcset=\"https:\/\/5un7.fr\/wp-content\/uploads\/2020\/02\/synthmeme_1_5un7-200x200.jpg 200w\" data-img-src=\"https:\/\/5un7.fr\/wp-content\/uploads\/2020\/02\/synthmeme_1_5un7.jpg\" alt=\"\" title=\"synth&amp;meme_1_5un7\"\/><\/a><\/figure><\/div><\/div><div class=\"vce-text-block\"><div class=\"vce-text-block-wrapper vce\" id=\"el-201ec986\" data-vce-do-apply=\"all el-201ec986\"><p style=\"line-height: 0.75; text-align: center;\"><span style=\"font-family: arial, helvetica, sans-serif; font-size: 10pt; letter-spacing: 1px;\"><strong>SYNTH&amp;MEME<\/strong><\/span><\/p><p style=\"line-height: 0.75; letter-spacing: 1px; text-align: center;\"><span style=\"font-family: arial, helvetica, sans-serif; font-size: 10pt;\"><strong>David Malek - Amandine Piern\u00e9<\/strong><\/span><\/p><p style=\"line-height: 0.75; text-align: center;\"><span style=\"font-family: arial, helvetica, sans-serif; font-size: 10pt; letter-spacing: 1px;\"><strong>10.11.17 - 15.12.17<\/strong><\/span><\/p><p>&nbsp;<\/p><\/div><\/div><\/div><\/div><\/div><div class=\"vce-col vce-col--md-auto vce-col--xs-1 vce-col--xs-last vce-col--xs-first vce-col--sm-last vce-col--sm-first vce-col--md-last vce-col--lg-last vce-col--xl-last\" id=\"el-52d705ab\"><div class=\"vce-col-inner\" data-vce-do-apply=\"border margin background  el-52d705ab\"><div class=\"vce-col-content\" data-vce-element-content=\"true\" data-vce-do-apply=\"padding el-52d705ab\"><\/div><\/div><\/div><\/div><\/div><\/div>\n","protected":false},"excerpt":{"rendered":"<p>D3G3N3R4T1ONGroup Show10.03.10 &#8211; 24.03.17&nbsp;MALGR\u00c9 L&rsquo;\u00c9VIDENCE DES CORPS QUI VONT \u00c0 LEUR RUINEGr\u00e9gory Cuquel07.04.17 &#8211; 21.04.17&nbsp;SALONSAUVAGE Group Show 05.05.17 &#8211; 19.05.17 &nbsp;RENCONTRES Curieux Coktail &#8211; Art &amp; Design -&#8230;<\/p>\n","protected":false},"author":1,"featured_media":0,"parent":0,"menu_order":0,"comment_status":"closed","ping_status":"closed","template":"","meta":{"footnotes":""},"class_list":["post-289","page","type-page","status-publish","hentry"],"_links":{"self":[{"href":"https:\/\/5un7.fr\/index.php\/wp-json\/wp\/v2\/pages\/289","targetHints":{"allow":["GET"]}}],"collection":[{"href":"https:\/\/5un7.fr\/index.php\/wp-json\/wp\/v2\/pages"}],"about":[{"href":"https:\/\/5un7.fr\/index.php\/wp-json\/wp\/v2\/types\/page"}],"author":[{"embeddable":true,"href":"https:\/\/5un7.fr\/index.php\/wp-json\/wp\/v2\/users\/1"}],"replies":[{"embeddable":true,"href":"https:\/\/5un7.fr\/index.php\/wp-json\/wp\/v2\/comments?post=289"}],"version-history":[{"count":11,"href":"https:\/\/5un7.fr\/index.php\/wp-json\/wp\/v2\/pages\/289\/revisions"}],"predecessor-version":[{"id":395,"href":"https:\/\/5un7.fr\/index.php\/wp-json\/wp\/v2\/pages\/289\/revisions\/395"}],"wp:attachment":[{"href":"https:\/\/5un7.fr\/index.php\/wp-json\/wp\/v2\/media?parent=289"}],"curies":[{"name":"wp","href":"https:\/\/api.w.org\/{rel}","templated":true}]}}