{"id":683,"date":"2020-02-21T08:45:37","date_gmt":"2020-02-21T08:45:37","guid":{"rendered":"https:\/\/5un7.fr\/?page_id=683"},"modified":"2020-03-04T09:29:22","modified_gmt":"2020-03-04T09:29:22","slug":"unleashthebest","status":"publish","type":"page","link":"https:\/\/5un7.fr\/index.php\/unleashthebest\/","title":{"rendered":""},"content":{"rendered":"<div class=\"vce-row-container\"><div class=\"vce-row vce-row--col-gap-30 vce-row-columns--top vce-row-content--top\" id=\"el-24e804b4\" data-vce-do-apply=\"all el-24e804b4\"><div class=\"vce-row-content\" data-vce-element-content=\"true\"><div class=\"vce-col\" id=\"el-b4a8fba2\"><div class=\"vce-col-inner\" data-vce-do-apply=\"border margin background  el-b4a8fba2\"><div class=\"vce-col-content\" data-vce-element-content=\"true\" data-vce-do-apply=\"padding el-b4a8fba2\"><div class=\"vce-text-block\"><div class=\"vce-text-block-wrapper vce\" id=\"el-e3907faf\" data-vce-do-apply=\"all el-e3907faf\"><p style=\"text-align: center;\"><strong>UNLEASH THE BEAST&nbsp; - <\/strong><strong>Benoit M\u00e9nard - Ald\u00e9ric Tr\u00e9vel - <\/strong><strong>03.06.15 \/ 26.06.25<\/strong><\/p>\n<p>&nbsp;<\/p><\/div><\/div><div class=\"vce-image-gallery vce-image-gallery--gap-10 vce-image-gallery--columns-3\"><div class=\"vce-image-gallery-wrapper vce\" id=\"el-2d75295c\" data-vce-do-apply=\"all el-2d75295c\"><div class=\"vce-image-gallery-list\"><div class=\"vce-image-gallery-item\"><figure class=\"vce-image-gallery-item-inner-wrapper\"><a href=\"https:\/\/5un7.fr\/wp-content\/uploads\/2020\/02\/menard_1_5un7-1.jpg\" data-lightbox=\"lightbox-2d75295c\" class=\"vce-image-gallery-item-inner\"><img decoding=\"async\" class=\"vce-image-gallery-img\" src=\"https:\/\/5un7.fr\/wp-content\/uploads\/2020\/02\/menard_1_5un7-1.jpg\" alt=\"\" title=\"menard_1_5un7\"><\/a><\/figure><\/div><div class=\"vce-image-gallery-item\"><figure class=\"vce-image-gallery-item-inner-wrapper\"><a href=\"https:\/\/5un7.fr\/wp-content\/uploads\/2020\/02\/menard_2_5un7.jpg\" data-lightbox=\"lightbox-2d75295c\" class=\"vce-image-gallery-item-inner\"><img decoding=\"async\" class=\"vce-image-gallery-img\" src=\"https:\/\/5un7.fr\/wp-content\/uploads\/2020\/02\/menard_2_5un7.jpg\" alt=\"\" title=\"menard_2_5un7\"><\/a><\/figure><\/div><div class=\"vce-image-gallery-item\"><figure class=\"vce-image-gallery-item-inner-wrapper\"><a href=\"https:\/\/5un7.fr\/wp-content\/uploads\/2020\/02\/menard_3_5un7-1.jpg\" data-lightbox=\"lightbox-2d75295c\" class=\"vce-image-gallery-item-inner\"><img decoding=\"async\" class=\"vce-image-gallery-img\" src=\"https:\/\/5un7.fr\/wp-content\/uploads\/2020\/02\/menard_3_5un7-1.jpg\" alt=\"\" title=\"menard_3_5un7 (1)\"><\/a><\/figure><\/div><div class=\"vce-image-gallery-item\"><figure class=\"vce-image-gallery-item-inner-wrapper\"><a href=\"https:\/\/5un7.fr\/wp-content\/uploads\/2020\/02\/menard_3_5un7.jpg\" data-lightbox=\"lightbox-2d75295c\" class=\"vce-image-gallery-item-inner\"><img decoding=\"async\" class=\"vce-image-gallery-img\" src=\"https:\/\/5un7.fr\/wp-content\/uploads\/2020\/02\/menard_3_5un7.jpg\" alt=\"\" title=\"menard_3_5un7\"><\/a><\/figure><\/div><div class=\"vce-image-gallery-item\"><figure class=\"vce-image-gallery-item-inner-wrapper\"><a href=\"https:\/\/5un7.fr\/wp-content\/uploads\/2020\/02\/menard_4_5un7.jpg\" data-lightbox=\"lightbox-2d75295c\" class=\"vce-image-gallery-item-inner\"><img decoding=\"async\" class=\"vce-image-gallery-img\" src=\"https:\/\/5un7.fr\/wp-content\/uploads\/2020\/02\/menard_4_5un7.jpg\" alt=\"\" title=\"menard_4_5un7\"><\/a><\/figure><\/div><\/div><\/div><\/div><div class=\"vce vce-separator-container vce-separator--align-center vce-separator--style-solid\" id=\"el-6d2c5dce\" data-vce-do-apply=\"margin el-6d2c5dce\"><div class=\"vce-separator vce-separator--color-bfc0c1 vce-separator--width-60 vce-separator--thickness-1\" data-vce-do-apply=\"border padding background  el-6d2c5dce\"><\/div><\/div><div class=\"vce-text-block\"><div class=\"vce-text-block-wrapper vce\" id=\"el-b036ff05\" data-vce-do-apply=\"all el-b036ff05\"><div class=\"page\" title=\"Page 1\"><div class=\"section\"><div class=\"layoutArea\"><div class=\"column\"><p><span style=\"font-family: arial, helvetica, sans-serif; font-size: 12pt;\">A\u0300 l\u2019occasion du finissage de son exposition \"Unleash The Beast\" pense\u0301e comme une reconstitution de grotte rupestre, Benoit Me\u0301nard invite H\u00f8rd et Volcan a\u0300 investir son installation le temps d\u2019une performance sonore. La luminescence d\u2019une vide\u0301o centrale faisant office de feu fe\u0301de\u0301rateur oriente cette carte blanche vers un univers a\u0300 mi-chemin entre re\u0301cit primitif et de\u0301cor de science-fiction. Cette premie\u0300re collaboration entre les 2 musiciens bordelais sera e\u0301galement pre\u0301texte a\u0300 plonger l\u2019exposition dans une pe\u0301nombre re\u0301ve\u0301lant la phosphorescence des fresques murales. Les drones synthe\u0301tiques de cette pie\u0300ce expe\u0301rimentale accompagneront dans un dernier souffle le de\u0301chargement hypnotique de la peinture.<\/span><\/p><p><a href=\"http:\/\/www.benoitmenard.com\" target=\"_blank\" rel=\"noopener noreferrer\"><span style=\"font-family: arial, helvetica, sans-serif; font-size: 12pt;\">http:\/\/www.benoitmenard.com<\/span><\/a><\/p><p><a href=\"http:\/\/www.alderictrevel.fr\" target=\"_blank\" rel=\"noopener noreferrer\"><span style=\"font-family: arial, helvetica, sans-serif; font-size: 12pt;\"> http:\/\/www.alderictrevel.fr<\/span><\/a><\/p><p><a href=\"https:\/\/soundcloud.com\/hordmusic\" target=\"_blank\" rel=\"noopener noreferrer\"><span style=\"font-family: arial, helvetica, sans-serif; font-size: 12pt;\"> https:\/\/soundcloud.com\/hordmusic<\/span><\/a><\/p><p><a href=\"https:\/\/volcan.bandcamp.com\" target=\"_blank\" rel=\"noopener noreferrer\"><span style=\"font-family: arial, helvetica, sans-serif; font-size: 12pt;\"> https:\/\/volcan.bandcamp.com<\/span><\/a><\/p><\/div><\/div><\/div><\/div><\/div><\/div><\/div><\/div><\/div><\/div><\/div><\/div>\n","protected":false},"excerpt":{"rendered":"<p>UNLEASH THE BEAST&nbsp; &#8211; Benoit M\u00e9nard &#8211; Ald\u00e9ric Tr\u00e9vel &#8211; 03.06.15 \/ 26.06.25 &nbsp;A\u0300 l\u2019occasion du finissage de son exposition \u00ab\u00a0Unleash The Beast\u00a0\u00bb pense\u0301e comme une reconstitution de&#8230;<\/p>\n","protected":false},"author":1,"featured_media":0,"parent":0,"menu_order":0,"comment_status":"closed","ping_status":"closed","template":"","meta":{"footnotes":""},"class_list":["post-683","page","type-page","status-publish","hentry"],"_links":{"self":[{"href":"https:\/\/5un7.fr\/index.php\/wp-json\/wp\/v2\/pages\/683","targetHints":{"allow":["GET"]}}],"collection":[{"href":"https:\/\/5un7.fr\/index.php\/wp-json\/wp\/v2\/pages"}],"about":[{"href":"https:\/\/5un7.fr\/index.php\/wp-json\/wp\/v2\/types\/page"}],"author":[{"embeddable":true,"href":"https:\/\/5un7.fr\/index.php\/wp-json\/wp\/v2\/users\/1"}],"replies":[{"embeddable":true,"href":"https:\/\/5un7.fr\/index.php\/wp-json\/wp\/v2\/comments?post=683"}],"version-history":[{"count":4,"href":"https:\/\/5un7.fr\/index.php\/wp-json\/wp\/v2\/pages\/683\/revisions"}],"predecessor-version":[{"id":1158,"href":"https:\/\/5un7.fr\/index.php\/wp-json\/wp\/v2\/pages\/683\/revisions\/1158"}],"wp:attachment":[{"href":"https:\/\/5un7.fr\/index.php\/wp-json\/wp\/v2\/media?parent=683"}],"curies":[{"name":"wp","href":"https:\/\/api.w.org\/{rel}","templated":true}]}}