{"id":864,"date":"2020-02-21T15:42:24","date_gmt":"2020-02-21T15:42:24","guid":{"rendered":"https:\/\/5un7.fr\/?page_id=864"},"modified":"2020-02-26T19:15:39","modified_gmt":"2020-02-26T19:15:39","slug":"delapouleoudeloeuf","status":"publish","type":"page","link":"https:\/\/5un7.fr\/index.php\/delapouleoudeloeuf\/","title":{"rendered":""},"content":{"rendered":"<div class=\"vce-row-container\"><div class=\"vce-row vce-row--col-gap-30 vce-row-columns--top vce-row-content--top\" id=\"el-069c6e29\" data-vce-do-apply=\"all el-069c6e29\"><div class=\"vce-row-content\" data-vce-element-content=\"true\"><div class=\"vce-col\" id=\"el-1a318bb6\"><div class=\"vce-col-inner\" data-vce-do-apply=\"border margin background  el-1a318bb6\"><div class=\"vce-col-content\" data-vce-element-content=\"true\" data-vce-do-apply=\"padding el-1a318bb6\"><div class=\"vce-text-block\"><div class=\"vce-text-block-wrapper vce\" id=\"el-098283f1\" data-vce-do-apply=\"all el-098283f1\"><p style=\"text-align: center;\"><strong>DE LA POULE OU DE L'\u0152UF - <\/strong><strong>J\u00e9r\u00e9mie Pujau - <\/strong><strong>18.05.14<\/strong><\/p>\n<p style=\"text-align: center;\">&nbsp;<\/p><\/div><\/div><div class=\"vce-image-gallery vce-image-gallery--gap-10 vce-image-gallery--columns-3\"><div class=\"vce-image-gallery-wrapper vce\" id=\"el-d25fedfb\" data-vce-do-apply=\"all el-d25fedfb\"><div class=\"vce-image-gallery-list\"><div class=\"vce-image-gallery-item\"><figure class=\"vce-image-gallery-item-inner-wrapper\"><a href=\"https:\/\/5un7.fr\/wp-content\/uploads\/2020\/02\/pujau_1_5un7.jpg\" data-lightbox=\"lightbox-d25fedfb\" class=\"vce-image-gallery-item-inner\"><img decoding=\"async\" class=\"vce-image-gallery-img\" src=\"https:\/\/5un7.fr\/wp-content\/uploads\/2020\/02\/pujau_1_5un7.jpg\" alt=\"\" title=\"pujau_1_5un7\"><\/a><\/figure><\/div><div class=\"vce-image-gallery-item\"><figure class=\"vce-image-gallery-item-inner-wrapper\"><a href=\"https:\/\/5un7.fr\/wp-content\/uploads\/2020\/02\/pujau_2_5un7-1.png\" data-lightbox=\"lightbox-d25fedfb\" class=\"vce-image-gallery-item-inner\"><img decoding=\"async\" class=\"vce-image-gallery-img\" src=\"https:\/\/5un7.fr\/wp-content\/uploads\/2020\/02\/pujau_2_5un7-1.png\" alt=\"\" title=\"pujau_2_5un7\"><\/a><\/figure><\/div><\/div><\/div><\/div><div class=\"vce vce-separator-container vce-separator--align-center vce-separator--style-solid\" id=\"el-8b6c6f32\" data-vce-do-apply=\"margin el-8b6c6f32\"><div class=\"vce-separator vce-separator--color-bfc0c1 vce-separator--width-60 vce-separator--thickness-1\" data-vce-do-apply=\"border padding background  el-8b6c6f32\"><\/div><\/div><div class=\"vce-text-block\"><div class=\"vce-text-block-wrapper vce\" id=\"el-3547412a\" data-vce-do-apply=\"all el-3547412a\"><div class=\"page\" title=\"Page 1\"><div class=\"section\"><div class=\"layoutArea\"><div class=\"column\"><p><span style=\"font-family: arial, helvetica, sans-serif; font-size: 12pt;\">Aucune instruction n\u2019est donne\u0301e, aucune re\u0301ponse n\u2019est fournie. La performance n\u2019existe que par la re\u0301ponse amene\u0301e par les passants.<\/span><\/p><p><span style=\"font-family: arial, helvetica, sans-serif; font-size: 12pt;\">\u00ab Personne n\u2019est l\u2019auteur ni le producteur de l\u2019histoire de sa vie. En d\u2019autres termes les histoires, re\u0301sultats de l\u2019action et de la parole, re\u0301ve\u0300lent un agent, mais cet agent n\u2019est pas l\u2019auteur, n\u2019est pas producteur. [...] Nous ne pouvons jamais le (l\u2019agent) de\u0301signer sans e\u0301quivoque comme l\u2019auteur des re\u0301sultats e\u0301ventuels de l\u2019action. \u00bb Hannan Arendt, \u201cCondition de l\u2019homme moderne\u201d, 1961.<\/span><\/p><p><span style=\"font-family: arial, helvetica, sans-serif; font-size: 12pt;\">JE\u0301RE\u0301MIE PUJAU, apre\u0300s une formation a\u0300 EESATI (Ecole Europe\u0301enne Supe\u0301rieure des Arts et Techniques de l\u2019Image) et un DNSEP communication spe\u0301cialise\u0301 en installation et vide\u0301o, se spe\u0301cialise dans la vide\u0301o, le design graphique, le web design et la curating. Il propose des installations-performances qui cre\u0301ent de\u0301bat. \u00ab L\u2019artiste contemporain a une responsabilite\u0301 envers la socie\u0301te\u0301 dont il se nourrit. Il a le devoir de se lever et de pointer du doigt les dangers qui nous guettent, de prendre position et d\u2019amener des questionnements susceptibles de provoquer une re\u0301action en chai\u0302ne, de l\u2019individu a\u0300 l\u2019ensemble de la socie\u0301te\u0301. \u00bb<\/span><\/p><p><span style=\"font-family: arial, helvetica, sans-serif; font-size: 12pt;\">La quatrie\u0300me e\u0301tape de sa performance \u00ab De la poule ou de l\u2019\u0153uf \u00bb aura lieu on ne sait quand, on ne sait ou\u0300, si ce n\u2019est dans la ville. \u00abL\u2019espace public, de par son e\u0301nergie de vie, est le lieu le meilleur, et aussi le pire : celui de l\u2019inconfort, de l\u2019impre\u0301visible, du chaos. On n\u2019y est jamais chez soi. Toute intervention y reste hors de contro\u0302le. Dans l\u2019espace public, il faut accepter la possibilite\u0301 exceptionnelle d\u2019une confrontation ine\u0301dite, brutale, spontane\u0301e avec l\u2019art, mais aussi, et dans le me\u0302me temps, le rejet, l\u2019indiffe\u0301rence, le me\u0301pris.<\/span><\/p><p><span style=\"font-family: arial, helvetica, sans-serif; font-size: 12pt;\">\u00bb (Guillaume De\u0301sanges, Mouvement n\u00b044, juillet\/septembre 2007).<\/span><\/p><p><span style=\"font-family: arial, helvetica, sans-serif; font-size: 12pt;\">Suite a\u0300 cet e\u0301ve\u0300nement myste\u0301rieux, une projection aura lieu a\u0300 la galerie 5UN7, le dimanche 18 mai, suivie d\u2019un de\u0301bat suscite\u0301 par sa proposition.<\/span><\/p><p><span style=\"font-family: arial, helvetica, sans-serif; font-size: 12pt;\">Ce projet est soutenu par la commission europe\u0301enne via le programme jeunesse en action (PEJA).<\/span><\/p><p><a href=\"http:\/\/pouleouoeuf.com\/fr\" target=\"_blank\" rel=\"noopener noreferrer\"><span style=\"font-family: arial, helvetica, sans-serif; font-size: 12pt;\">http:\/\/pouleouoeuf.com\/fr<\/span><\/a><\/p><\/div><\/div><\/div><\/div><\/div><\/div><\/div><\/div><\/div><\/div><\/div><\/div>\n","protected":false},"excerpt":{"rendered":"<p>DE LA POULE OU DE L&rsquo;\u0152UF &#8211; J\u00e9r\u00e9mie Pujau &#8211; 18.05.14 &nbsp;Aucune instruction n\u2019est donne\u0301e, aucune re\u0301ponse n\u2019est fournie. La performance n\u2019existe que par la re\u0301ponse amene\u0301e par&#8230;<\/p>\n","protected":false},"author":1,"featured_media":0,"parent":0,"menu_order":0,"comment_status":"closed","ping_status":"closed","template":"","meta":{"footnotes":""},"class_list":["post-864","page","type-page","status-publish","hentry"],"_links":{"self":[{"href":"https:\/\/5un7.fr\/index.php\/wp-json\/wp\/v2\/pages\/864","targetHints":{"allow":["GET"]}}],"collection":[{"href":"https:\/\/5un7.fr\/index.php\/wp-json\/wp\/v2\/pages"}],"about":[{"href":"https:\/\/5un7.fr\/index.php\/wp-json\/wp\/v2\/types\/page"}],"author":[{"embeddable":true,"href":"https:\/\/5un7.fr\/index.php\/wp-json\/wp\/v2\/users\/1"}],"replies":[{"embeddable":true,"href":"https:\/\/5un7.fr\/index.php\/wp-json\/wp\/v2\/comments?post=864"}],"version-history":[{"count":3,"href":"https:\/\/5un7.fr\/index.php\/wp-json\/wp\/v2\/pages\/864\/revisions"}],"predecessor-version":[{"id":1113,"href":"https:\/\/5un7.fr\/index.php\/wp-json\/wp\/v2\/pages\/864\/revisions\/1113"}],"wp:attachment":[{"href":"https:\/\/5un7.fr\/index.php\/wp-json\/wp\/v2\/media?parent=864"}],"curies":[{"name":"wp","href":"https:\/\/api.w.org\/{rel}","templated":true}]}}