{"id":922,"date":"2020-02-24T08:36:05","date_gmt":"2020-02-24T08:36:05","guid":{"rendered":"https:\/\/5un7.fr\/?page_id=922"},"modified":"2020-03-04T09:57:07","modified_gmt":"2020-03-04T09:57:07","slug":"xiaoxing","status":"publish","type":"page","link":"https:\/\/5un7.fr\/index.php\/xiaoxing\/","title":{"rendered":""},"content":{"rendered":"<div class=\"vce-row-container\"><div class=\"vce-row vce-row--col-gap-30 vce-row-columns--top vce-row-content--top\" id=\"el-c3107f94\" data-vce-do-apply=\"all el-c3107f94\"><div class=\"vce-row-content\" data-vce-element-content=\"true\"><div class=\"vce-col\" id=\"el-144d19cf\"><div class=\"vce-col-inner\" data-vce-do-apply=\"border margin background  el-144d19cf\"><div class=\"vce-col-content\" data-vce-element-content=\"true\" data-vce-do-apply=\"padding el-144d19cf\"><div class=\"vce-text-block\"><div class=\"vce-text-block-wrapper vce\" id=\"el-cc8d47e4\" data-vce-do-apply=\"all el-cc8d47e4\"><p style=\"text-align: center;\"><span style=\"font-family: arial, helvetica, sans-serif; font-size: 18pt;\"><strong>Xiao Xing&nbsp;<\/strong><\/span><\/p><p style=\"text-align: center;\">&nbsp;<\/p><\/div><\/div><div class=\"vce-image-gallery vce-image-gallery--gap-15 vce-image-gallery--columns-3\"><div class=\"vce-image-gallery-wrapper vce\" id=\"el-2e5de174\" data-vce-do-apply=\"all el-2e5de174\"><div class=\"vce-image-gallery-list\"><div class=\"vce-image-gallery-item\"><figure class=\"vce-image-gallery-item-inner-wrapper\"><a href=\"https:\/\/5un7.fr\/index.php\/aleatoirete\/\" title=\"\" target=\"_blank\" class=\"vce-image-gallery-item-inner\" rel=\"noopener noreferrer\"><img decoding=\"async\" class=\"vce-image-gallery-img\" src=\"https:\/\/5un7.fr\/wp-content\/uploads\/2020\/02\/xing-1_5UN7-1024x811.png\" alt=\"\" title=\"xing-1_5UN7\"><\/a><\/figure><\/div><div class=\"vce-image-gallery-item\"><figure class=\"vce-image-gallery-item-inner-wrapper\"><a href=\"https:\/\/5un7.fr\/index.php\/cinqcenteuros\/\" title=\"\" target=\"_blank\" class=\"vce-image-gallery-item-inner\" rel=\"noopener noreferrer\"><img decoding=\"async\" class=\"vce-image-gallery-img\" src=\"https:\/\/5un7.fr\/wp-content\/uploads\/2020\/02\/xing-2_5UN7-1024x796.png\" alt=\"\" title=\"xing-2_5UN7\"><\/a><\/figure><\/div><div class=\"vce-image-gallery-item\"><figure class=\"vce-image-gallery-item-inner-wrapper\"><a href=\"https:\/\/5un7.fr\/index.php\/humain\/\" title=\"\" target=\"_blank\" class=\"vce-image-gallery-item-inner\" rel=\"noopener noreferrer\"><img decoding=\"async\" class=\"vce-image-gallery-img vce-image-gallery-img--orientation-portrait\" src=\"https:\/\/5un7.fr\/wp-content\/uploads\/2020\/02\/xing-4_5UN7-803x1024.png\" alt=\"\" title=\"xing-4_5UN7\"><\/a><\/figure><\/div><div class=\"vce-image-gallery-item\"><figure class=\"vce-image-gallery-item-inner-wrapper\"><a href=\"https:\/\/5un7.fr\/index.php\/bonnenouvelle\/\" title=\"\" target=\"_blank\" class=\"vce-image-gallery-item-inner\" rel=\"noopener noreferrer\"><img decoding=\"async\" class=\"vce-image-gallery-img vce-image-gallery-img--orientation-portrait\" src=\"https:\/\/5un7.fr\/wp-content\/uploads\/2020\/02\/xing-5_5UN7-1-726x1024.png\" alt=\"\" title=\"xing-5_5UN7\"><\/a><\/figure><\/div><div class=\"vce-image-gallery-item\"><figure class=\"vce-image-gallery-item-inner-wrapper\"><a href=\"https:\/\/5un7.fr\/index.php\/symboleplanetelointaine\/\" title=\"\" target=\"_blank\" class=\"vce-image-gallery-item-inner\" rel=\"noopener noreferrer\"><img decoding=\"async\" class=\"vce-image-gallery-img vce-image-gallery-img--orientation-portrait\" src=\"https:\/\/5un7.fr\/wp-content\/uploads\/2020\/02\/xing-6_5UN7-1-785x1024.png\" alt=\"\" title=\"xing-6_5UN7\"><\/a><\/figure><\/div><div class=\"vce-image-gallery-item\"><figure class=\"vce-image-gallery-item-inner-wrapper\"><a href=\"https:\/\/5un7.fr\/index.php\/symboletue\/\" title=\"\" target=\"_blank\" class=\"vce-image-gallery-item-inner\" rel=\"noopener noreferrer\"><img decoding=\"async\" class=\"vce-image-gallery-img vce-image-gallery-img--orientation-portrait\" src=\"https:\/\/5un7.fr\/wp-content\/uploads\/2020\/02\/xing-7_5UN7-724x1024.png\" alt=\"\" title=\"xing-7_5UN7\"><\/a><\/figure><\/div><\/div><\/div><\/div><\/div><\/div><\/div><\/div><\/div><\/div><div class=\"vce-row-container\"><div class=\"vce-row vce-row--col-gap-30 vce-row-columns--top vce-row-content--top\" id=\"el-e4ab94eb\" data-vce-do-apply=\"all el-e4ab94eb\"><div class=\"vce-row-content\" data-vce-element-content=\"true\"><div class=\"vce-col vce-col--md-auto vce-col--xs-1 vce-col--xs-last vce-col--xs-first vce-col--sm-last vce-col--sm-first vce-col--md-last vce-col--lg-last vce-col--xl-last vce-col--md-first vce-col--lg-first vce-col--xl-first\" id=\"el-78ebf9b6\"><div class=\"vce-col-inner\" data-vce-do-apply=\"border margin background  el-78ebf9b6\"><div class=\"vce-col-content\" data-vce-element-content=\"true\" data-vce-do-apply=\"padding el-78ebf9b6\"><\/div><\/div><\/div><\/div><\/div><\/div><div class=\"vce-row-container\"><div class=\"vce-row vce-row--col-gap-30 vce-row-columns--top vce-row-content--top\" id=\"el-aeb1a473\" data-vce-do-apply=\"all el-aeb1a473\"><div class=\"vce-row-content\" data-vce-element-content=\"true\"><div class=\"vce-col vce-col--md-auto vce-col--xs-1 vce-col--xs-last vce-col--xs-first vce-col--sm-last vce-col--sm-first vce-col--md-last vce-col--lg-last vce-col--xl-last vce-col--md-first vce-col--lg-first vce-col--xl-first\" id=\"el-c20c9115\"><div class=\"vce-col-inner\" data-vce-do-apply=\"border margin background  el-c20c9115\"><div class=\"vce-col-content\" data-vce-element-content=\"true\" data-vce-do-apply=\"padding el-c20c9115\"><div class=\"vce-single-image-container vce-single-image--align-center\"><div class=\"vce vce-single-image-wrapper\" id=\"el-e22c574b\" data-vce-do-apply=\"all el-e22c574b\"><figure><a href=\"https:\/\/5un7.fr\/index.php\/histoireduneile\/\" title=\"\" class=\"vce-single-image-inner vce-single-image--absolute\" style=\"padding-bottom: 80%; width: 400px;\" target=\"_blank\" rel=\"noopener noreferrer\"><img class=\"vce-single-image\" width=\"400\" height=\"320\"src=\"https:\/\/5un7.fr\/wp-content\/uploads\/2020\/03\/xing-3_5UN7-400x320.png\" srcset=\"https:\/\/5un7.fr\/wp-content\/uploads\/2020\/03\/xing-3_5UN7-320x256.png 320w,https:\/\/5un7.fr\/wp-content\/uploads\/2020\/03\/xing-3_5UN7-400x320.png 400w\" data-img-src=\"https:\/\/5un7.fr\/wp-content\/uploads\/2020\/02\/xing-3_5UN7.png\" alt=\"\" title=\"xing-3_5UN7\"\/><\/a><\/figure><\/div><\/div><\/div><\/div><\/div><\/div><\/div><\/div><div class=\"vce-row-container\"><div class=\"vce-row vce-row--col-gap-30 vce-row-columns--top vce-row-content--top\" id=\"el-9076f05e\" data-vce-do-apply=\"all el-9076f05e\"><div class=\"vce-row-content\" data-vce-element-content=\"true\"><div class=\"vce-col vce-col--md-auto vce-col--xs-1 vce-col--xs-last vce-col--xs-first vce-col--sm-last vce-col--sm-first vce-col--md-first vce-col--lg-first vce-col--xl-first\" id=\"el-ac36061b\"><div class=\"vce-col-inner\" data-vce-do-apply=\"border margin background  el-ac36061b\"><div class=\"vce-col-content\" data-vce-element-content=\"true\" data-vce-do-apply=\"padding el-ac36061b\"><div class=\"vce-text-block\"><div class=\"vce-text-block-wrapper vce\" id=\"el-1cb4de71\" data-vce-do-apply=\"all el-1cb4de71\"><p class=\"p1\">&nbsp;<\/p>\n<p class=\"p1\">&nbsp;<\/p>\n<p class=\"p1\">&nbsp;<\/p>\n<p class=\"p1\"><span class=\"s1\" style=\"font-size: 12pt; font-family: arial, helvetica, sans-serif;\">Artiste chinois n\u00e9 en 1991 \u00e0 Shichuan.<\/span><\/p>\n<p class=\"p1\"><span class=\"s1\" style=\"font-size: 12pt; font-family: arial, helvetica, sans-serif;\">Il vit et travaille \u00e0 Bordeaux. Sa pratique comprend divers m\u00e9diums, notamment la peinture et la programmation informatique. <\/span><\/p>\n<p class=\"p1\"><span class=\"s1\" style=\"font-size: 12pt; font-family: arial, helvetica, sans-serif;\">Page web :&nbsp;&nbsp;<a href=\"http:\/\/xiaoxing.fr\/\"><span class=\"s2\">xiaoxing.fr<\/span><\/a><\/span><\/p><\/div><\/div><\/div><\/div><\/div><div class=\"vce-col vce-col--md-auto vce-col--xs-1 vce-col--xs-last vce-col--xs-first vce-col--sm-last vce-col--sm-first vce-col--md-last vce-col--lg-last vce-col--xl-last\" id=\"el-d03ab82a\"><div class=\"vce-col-inner\" data-vce-do-apply=\"border margin background  el-d03ab82a\"><div class=\"vce-col-content\" data-vce-element-content=\"true\" data-vce-do-apply=\"padding el-d03ab82a\"><div class=\"vce-text-block\"><div class=\"vce-text-block-wrapper vce\" id=\"el-daf6f231\" data-vce-do-apply=\"all el-daf6f231\"><p class=\"p2\">&nbsp;<\/p>\n<p class=\"p2\" style=\"text-align: center;\"><span class=\"s3\" style=\"font-size: 12pt; font-family: arial, helvetica, sans-serif;\">EXPOSITIONS<\/span><\/p>\n<p class=\"p1\"><span style=\"font-size: 12pt; font-family: arial, helvetica, sans-serif;\"><span class=\"s1\">2019<\/span><span class=\"s4\">\uff0c<\/span><span class=\"s1\">&nbsp;\u00ab&nbsp;Dreams&nbsp;\u00bb, Espace29, Bordeaux<\/span><\/span><\/p>\n<p class=\"p1\"><span style=\"font-size: 12pt; font-family: arial, helvetica, sans-serif;\"><span class=\"s1\">2019<\/span><span class=\"s4\">\uff0c<\/span><span class=\"s1\">&nbsp;\u00ab Night mess&nbsp;\u00bb, Saint-R\u00e9mi, Bordeaux<\/span><\/span><\/p>\n<p class=\"p1\"><span style=\"font-size: 12pt; font-family: arial, helvetica, sans-serif;\"><span class=\"s1\">2019<\/span><span class=\"s4\">\uff0c<\/span><span class=\"s1\">&nbsp;5UN7, Bordeaux<\/span><\/span><\/p>\n<p class=\"p1\"><span style=\"font-size: 12pt; font-family: arial, helvetica, sans-serif;\"><span class=\"s1\">2019<\/span><span class=\"s4\">\uff0c<\/span><span class=\"s1\">&nbsp; NO IDEA-FLOW, Shanghai<\/span><\/span><\/p>\n<p class=\"p1\"><span style=\"font-size: 12pt; font-family: arial, helvetica, sans-serif;\"><span class=\"s1\">2019<\/span><span class=\"s4\">\uff0c<\/span><span class=\"s1\">&nbsp;\u00ab GARAGE EUROPA&nbsp;\u00bb, Archives Bordeaux<\/span><\/span><\/p>\n<p class=\"p1\"><span style=\"font-size: 12pt; font-family: arial, helvetica, sans-serif;\"><span class=\"s1\">2019<\/span><span class=\"s4\">\uff0cF<\/span><span class=\"s1\">estival, Shanghai<\/span><\/span><\/p>\n<p class=\"p1\">&nbsp;<\/p><\/div><\/div><\/div><\/div><\/div><\/div><\/div><\/div><div class=\"vce-row-container\"><div class=\"vce-row vce-row--col-gap-30 vce-row-columns--top vce-row-content--top\" id=\"el-e1e9b69c\" data-vce-do-apply=\"all el-e1e9b69c\"><div class=\"vce-row-content\" data-vce-element-content=\"true\"><div class=\"vce-col vce-col--md-auto vce-col--xs-1 vce-col--xs-last vce-col--xs-first vce-col--sm-last vce-col--sm-first vce-col--md-last vce-col--lg-last vce-col--xl-last vce-col--md-first vce-col--lg-first vce-col--xl-first\" id=\"el-ab1a4088\"><div class=\"vce-col-inner\" data-vce-do-apply=\"border margin background  el-ab1a4088\"><div class=\"vce-col-content\" data-vce-element-content=\"true\" data-vce-do-apply=\"padding el-ab1a4088\"><div class=\"vce vce-separator-container vce-separator--align-center vce-separator--style-solid\" id=\"el-d7085686\" data-vce-do-apply=\"margin el-d7085686\"><div class=\"vce-separator vce-separator--color-bfc0c1 vce-separator--width-60 vce-separator--thickness-1\" data-vce-do-apply=\"border padding background  el-d7085686\"><\/div><\/div><\/div><\/div><\/div><\/div><\/div><\/div><div class=\"vce-row-container\"><div class=\"vce-row vce-row--col-gap-30 vce-row-columns--top vce-row-content--top\" id=\"el-ae91a5b4\" data-vce-do-apply=\"all el-ae91a5b4\"><div class=\"vce-row-content\" data-vce-element-content=\"true\"><div class=\"vce-col vce-col--md-auto vce-col--xs-1 vce-col--xs-last vce-col--xs-first vce-col--sm-last vce-col--sm-first vce-col--md-last vce-col--lg-last vce-col--xl-last vce-col--md-first vce-col--lg-first vce-col--xl-first\" id=\"el-fc9049fd\"><div class=\"vce-col-inner\" data-vce-do-apply=\"border margin background  el-fc9049fd\"><div class=\"vce-col-content\" data-vce-element-content=\"true\" data-vce-do-apply=\"padding el-fc9049fd\"><div class=\"vce-text-block\"><div class=\"vce-text-block-wrapper vce\" id=\"el-11843d96\" data-vce-do-apply=\"all el-11843d96\"><p>&nbsp;<em><span style=\"font-size: 10pt; font-family: arial, helvetica, sans-serif;\">Pour tout renseignement compl\u00e9mentaire sur les \u0153uvres de Xiao Xing, vous pouvez nous contacter par mail \u00e0 l'adresse suivante : <a href=\"mailto:asso5un7@gmail.com\">asso5un7@gmail.com<\/a> ou par t\u00e9l\u00e9phone au 06 25 58 76 31.<\/span><\/em><\/p><\/div><\/div><\/div><\/div><\/div><\/div><\/div><\/div>\n","protected":false},"excerpt":{"rendered":"<p>Xiao Xing&nbsp;&nbsp;&nbsp; &nbsp; &nbsp; Artiste chinois n\u00e9 en 1991 \u00e0 Shichuan. Il vit et travaille \u00e0 Bordeaux. Sa pratique comprend divers m\u00e9diums, notamment la peinture et la programmation&#8230;<\/p>\n","protected":false},"author":1,"featured_media":0,"parent":0,"menu_order":0,"comment_status":"closed","ping_status":"closed","template":"","meta":{"footnotes":""},"class_list":["post-922","page","type-page","status-publish","hentry"],"_links":{"self":[{"href":"https:\/\/5un7.fr\/index.php\/wp-json\/wp\/v2\/pages\/922","targetHints":{"allow":["GET"]}}],"collection":[{"href":"https:\/\/5un7.fr\/index.php\/wp-json\/wp\/v2\/pages"}],"about":[{"href":"https:\/\/5un7.fr\/index.php\/wp-json\/wp\/v2\/types\/page"}],"author":[{"embeddable":true,"href":"https:\/\/5un7.fr\/index.php\/wp-json\/wp\/v2\/users\/1"}],"replies":[{"embeddable":true,"href":"https:\/\/5un7.fr\/index.php\/wp-json\/wp\/v2\/comments?post=922"}],"version-history":[{"count":16,"href":"https:\/\/5un7.fr\/index.php\/wp-json\/wp\/v2\/pages\/922\/revisions"}],"predecessor-version":[{"id":1173,"href":"https:\/\/5un7.fr\/index.php\/wp-json\/wp\/v2\/pages\/922\/revisions\/1173"}],"wp:attachment":[{"href":"https:\/\/5un7.fr\/index.php\/wp-json\/wp\/v2\/media?parent=922"}],"curies":[{"name":"wp","href":"https:\/\/api.w.org\/{rel}","templated":true}]}}